{"id":776549,"date":"2025-09-29T07:29:29","date_gmt":"2025-09-29T04:29:29","guid":{"rendered":"https:\/\/roveyayinevi.com.tr\/index.php\/urun\/doganin-kahramanlari-2\/"},"modified":"2026-04-15T03:43:02","modified_gmt":"2026-04-15T00:43:02","slug":"doganin-kahramanlari-2","status":"publish","type":"product","link":"https:\/\/roveyayinevi.com.tr\/index.php\/urun\/doganin-kahramanlari-2\/","title":{"rendered":"Do\u011fan\u0131n Kahramanlar\u0131 2"},"content":{"rendered":"<p>Bu kitap, k\u00fc\u00e7\u00fck okurlar\u0131 e\u011flenceli ve \u00f6\u011fretici hikayelerle hayvanlar\u0131n d\u00fcnyas\u0131na g\u00f6t\u00fcr\u00fcyor. Cesaret, dostluk ve do\u011fa sevgisi \u00fczerine birbirinden keyifli maceralar sizi bekliyor. Sinan\u2019\u0131n Termitlerle, Cem\u2019in Renkli Kelebeklerle ve Hakan\u2019\u0131n Mart\u0131 ile olan dostlu\u011funu ke\u015ffedecek, her sayfada yeni bir arkada\u015f ve yeni bir macera ile e\u011flenirken \u00f6\u011freneceksiniz! \u0130\u00e7inde neler mi var? *Sinan ile Termitler *Cem ile Renkli Kelebekler *A\u011fa\u00e7kakan ve Serhat *Hakan ve Mart\u0131 *Ali ile Deve Ku\u015fu *Can ile Bal d\u00fc\u015fk\u00fcn\u00fc Sevimli Ay\u0131 *Seda ile Kipri *Tolga ile Dev Kutup Ay\u0131lar\u0131 *\u00d6mer ile Bal\u0131k *Kerem ile Tolga Hayal g\u00fcc\u00fcn\u00fcz\u00fc harekete ge\u00e7irecek bu macera dolu d\u00fcnyada, her karakterle birlikte yeni \u015feyler ke\u015ffetmeye haz\u0131r olun! Her ya\u015ftan \u00e7ocuk i\u00e7in e\u011flenceli ve \u00f6\u011fretici bir okuma deneyimi sunuyoruz. <\/p>\n","protected":false},"excerpt":{"rendered":"<p>Bu kitap, k\u00fc\u00e7\u00fck okurlar\u0131 e\u011flenceli ve \u00f6\u011fretici hikayelerle hayvanlar\u0131n d\u00fcnyas\u0131na g\u00f6t\u00fcr\u00fcyor. Cesaret, dostluk ve do\u011fa sevgisi \u00fczerine birbirinden keyifli maceralar sizi bekliyor. Sinan\u2019\u0131n Termitlerle, Cem\u2019in Renkli<span class=\"excerpt-hellip\"> [\u2026]<\/span><\/p>\n","protected":false},"featured_media":0,"template":"","meta":{"_monsterinsights_skip_tracking":false,"_monsterinsights_sitenote_active":false,"_monsterinsights_sitenote_note":"","_monsterinsights_sitenote_category":0},"product_brand":[],"product_cat":[12274,12284],"product_tag":[],"class_list":{"0":"post-776549","1":"product","2":"type-product","3":"status-publish","5":"product_cat-cocuk-ve-genclik-kitaplari","6":"product_cat-hikayeler","7":"pa_cilt-ciltsiz","8":"pa_tur-kitap","9":"pa_yayinevi-kalem-lugat-yayincilik","10":"pa_yazar-zubeyt-bozkurt","12":"first","13":"instock","14":"sale","15":"shipping-taxable","16":"purchasable","17":"product-type-simple"},"_links":{"self":[{"href":"https:\/\/roveyayinevi.com.tr\/index.php\/wp-json\/wp\/v2\/product\/776549","targetHints":{"allow":["GET"]}}],"collection":[{"href":"https:\/\/roveyayinevi.com.tr\/index.php\/wp-json\/wp\/v2\/product"}],"about":[{"href":"https:\/\/roveyayinevi.com.tr\/index.php\/wp-json\/wp\/v2\/types\/product"}],"wp:attachment":[{"href":"https:\/\/roveyayinevi.com.tr\/index.php\/wp-json\/wp\/v2\/media?parent=776549"}],"wp:term":[{"taxonomy":"product_brand","embeddable":true,"href":"https:\/\/roveyayinevi.com.tr\/index.php\/wp-json\/wp\/v2\/product_brand?post=776549"},{"taxonomy":"product_cat","embeddable":true,"href":"https:\/\/roveyayinevi.com.tr\/index.php\/wp-json\/wp\/v2\/product_cat?post=776549"},{"taxonomy":"product_tag","embeddable":true,"href":"https:\/\/roveyayinevi.com.tr\/index.php\/wp-json\/wp\/v2\/product_tag?post=776549"}],"curies":[{"name":"wp","href":"https:\/\/api.w.org\/{rel}","templated":true}]}}