{"id":776548,"date":"2025-09-29T07:29:27","date_gmt":"2025-09-29T04:29:27","guid":{"rendered":"https:\/\/roveyayinevi.com.tr\/index.php\/urun\/dogruya-yolculuk\/"},"modified":"2026-04-15T03:43:02","modified_gmt":"2026-04-15T00:43:02","slug":"dogruya-yolculuk","status":"publish","type":"product","link":"https:\/\/roveyayinevi.com.tr\/index.php\/urun\/dogruya-yolculuk\/","title":{"rendered":"Do\u011fruya Yolculuk"},"content":{"rendered":"<p>Do\u011fruya Yolculuk, hayat\u0131n her alan\u0131na \u0131\u015f\u0131k tutan ilahi mesajlar\u0131 ke\u015ffetmek isteyenler i\u00e7in kaleme al\u0131nm\u0131\u015f bir yolculuk kitab\u0131d\u0131r. Bu eser, Kur\u2019an\u2019da \u00f6ne \u00e7\u0131kan g\u00fczel davran\u0131\u015flardan, ak\u0131lc\u0131 \u00f6nlemlere; estetik anlay\u0131\u015ftan hayvanlar ve besinlerin hikmetli y\u00f6nlerine kadar pek \u00e7ok ba\u015fl\u0131\u011f\u0131, sade ve anla\u015f\u0131l\u0131r bir dille ele al\u0131yor. Kur\u2019an\u2019\u0131n yaln\u0131zca bir kutsal kitap de\u011fil, ayn\u0131 zamanda hayat\u0131 anlamland\u0131ran, rehberlik eden bir ilim kayna\u011f\u0131 oldu\u011funu ortaya koyan bu kitap; okurlar\u0131n\u0131 derin d\u00fc\u015f\u00fcnmeye, ya\u015famlar\u0131nda Kur\u2019an ahlak\u0131n\u0131 i\u00e7selle\u015ftirmeye davet ediyor. Peygamber Efendimiz (sav)\u2019in Kur\u2019an\u2019\u0131 tek rehber edinme \u00f6rnekli\u011finden yola \u00e7\u0131karak, bug\u00fcn de bireylerin nas\u0131l bir \u201cKur\u2019an Nesli\u201d olu\u015fturabilece\u011fine dair ilham verici bir perspektif sunuyor. Do\u011fruya Yolculuk, modern d\u00fcnyan\u0131n karma\u015fas\u0131nda ilahi \u00f6l\u00e7\u00fclerle ayd\u0131nlanmak isteyen herkes i\u00e7in bir pusula&#8230; <\/p>\n","protected":false},"excerpt":{"rendered":"<p>Do\u011fruya Yolculuk, hayat\u0131n her alan\u0131na \u0131\u015f\u0131k tutan ilahi mesajlar\u0131 ke\u015ffetmek isteyenler i\u00e7in kaleme al\u0131nm\u0131\u015f bir yolculuk kitab\u0131d\u0131r. Bu eser, Kur\u2019an\u2019da \u00f6ne \u00e7\u0131kan g\u00fczel davran\u0131\u015flardan, ak\u0131lc\u0131 \u00f6nlemlere;<span class=\"excerpt-hellip\"> [\u2026]<\/span><\/p>\n","protected":false},"featured_media":0,"template":"","meta":{"_monsterinsights_skip_tracking":false,"_monsterinsights_sitenote_active":false,"_monsterinsights_sitenote_note":"","_monsterinsights_sitenote_category":0},"product_brand":[],"product_cat":[12718,12719],"product_tag":[],"class_list":{"0":"post-776548","1":"product","2":"type-product","3":"status-publish","5":"product_cat-din","6":"product_cat-islam","7":"pa_cilt-ciltsiz","8":"pa_tur-kitap","9":"pa_yayinevi-kalem-lugat-yayincilik","10":"pa_yazar-zubeyt-bozkurt","12":"first","13":"instock","14":"sale","15":"shipping-taxable","16":"purchasable","17":"product-type-simple"},"_links":{"self":[{"href":"https:\/\/roveyayinevi.com.tr\/index.php\/wp-json\/wp\/v2\/product\/776548","targetHints":{"allow":["GET"]}}],"collection":[{"href":"https:\/\/roveyayinevi.com.tr\/index.php\/wp-json\/wp\/v2\/product"}],"about":[{"href":"https:\/\/roveyayinevi.com.tr\/index.php\/wp-json\/wp\/v2\/types\/product"}],"wp:attachment":[{"href":"https:\/\/roveyayinevi.com.tr\/index.php\/wp-json\/wp\/v2\/media?parent=776548"}],"wp:term":[{"taxonomy":"product_brand","embeddable":true,"href":"https:\/\/roveyayinevi.com.tr\/index.php\/wp-json\/wp\/v2\/product_brand?post=776548"},{"taxonomy":"product_cat","embeddable":true,"href":"https:\/\/roveyayinevi.com.tr\/index.php\/wp-json\/wp\/v2\/product_cat?post=776548"},{"taxonomy":"product_tag","embeddable":true,"href":"https:\/\/roveyayinevi.com.tr\/index.php\/wp-json\/wp\/v2\/product_tag?post=776548"}],"curies":[{"name":"wp","href":"https:\/\/api.w.org\/{rel}","templated":true}]}}