{"id":776547,"date":"2025-09-29T07:29:26","date_gmt":"2025-09-29T04:29:26","guid":{"rendered":"https:\/\/roveyayinevi.com.tr\/index.php\/urun\/hak-yolunda-birlik\/"},"modified":"2026-04-15T03:43:02","modified_gmt":"2026-04-15T00:43:02","slug":"hak-yolunda-birlik","status":"publish","type":"product","link":"https:\/\/roveyayinevi.com.tr\/index.php\/urun\/hak-yolunda-birlik\/","title":{"rendered":"Hak Yolunda Birlik"},"content":{"rendered":"<p>Bug\u00fcn d\u00fcnya, hak ile bat\u0131l\u0131n k\u0131yas\u0131ya m\u00fccadelesine sahne oluyor. Bir yanda \u00e7\u0131karlar\u0131 u\u011fruna k\u00f6t\u00fcl\u00fckte birle\u015fenlerin ittifak\u0131; di\u011fer yanda ise vicdan\u0131, merhameti ve adaleti temsil eden ger\u00e7ek iyiler var. Peki, iyiler neden hala yaln\u0131z? Neden birle\u015femiyorlar?&#8221; Bu kitap, Kuran ahlak\u0131na uygun bir ya\u015fam\u0131n insana kazand\u0131rd\u0131\u011f\u0131 \u00fcst\u00fcn nitelikleri anlat\u0131rken, ayn\u0131 zamanda g\u00fcn\u00fcm\u00fczdeki en b\u00fcy\u00fck ihtiya\u00e7lardan biri olan m\u00fcminler aras\u0131nda ittifak\u0131n neden gecikmemesi gerekti\u011fini ortaya koyuyor. Ger\u00e7ek iyiler kimdir? K\u00f6t\u00fclerin ittifak\u0131 nas\u0131l i\u015fler? Ve bu ittifaka kar\u015f\u0131 nas\u0131l bir direni\u015f m\u00fcmk\u00fcnd\u00fcr? &#8220;Hak Yolunda Birlik&#8221;, sadece bireysel bir ahlak \u00e7a\u011fr\u0131s\u0131 de\u011fil, ayn\u0131 zamanda t\u00fcm inananlara yap\u0131lm\u0131\u015f g\u00fc\u00e7l\u00fc bir birle\u015fme \u00e7a\u011fr\u0131s\u0131d\u0131r. Zira iyiler birle\u015fmezse, zul\u00fcm ve bozgunculuk ka\u00e7\u0131n\u0131lmaz <\/p>\n","protected":false},"excerpt":{"rendered":"<p>Bug\u00fcn d\u00fcnya, hak ile bat\u0131l\u0131n k\u0131yas\u0131ya m\u00fccadelesine sahne oluyor. Bir yanda \u00e7\u0131karlar\u0131 u\u011fruna k\u00f6t\u00fcl\u00fckte birle\u015fenlerin ittifak\u0131; di\u011fer yanda ise vicdan\u0131, merhameti ve adaleti temsil eden ger\u00e7ek<span class=\"excerpt-hellip\"> [\u2026]<\/span><\/p>\n","protected":false},"featured_media":0,"template":"","meta":{"_monsterinsights_skip_tracking":false,"_monsterinsights_sitenote_active":false,"_monsterinsights_sitenote_note":"","_monsterinsights_sitenote_category":0},"product_brand":[],"product_cat":[12718,12719,17284],"product_tag":[],"class_list":{"0":"post-776547","1":"product","2":"type-product","3":"status-publish","5":"product_cat-din","6":"product_cat-islam","7":"product_cat-kuran-ve-kuran-uzerine","8":"pa_cilt-ciltsiz","9":"pa_tur-kitap","10":"pa_yayinevi-kalem-lugat-yayincilik","11":"pa_yazar-zubeyt-bozkurt","13":"first","14":"instock","15":"sale","16":"shipping-taxable","17":"purchasable","18":"product-type-simple"},"_links":{"self":[{"href":"https:\/\/roveyayinevi.com.tr\/index.php\/wp-json\/wp\/v2\/product\/776547","targetHints":{"allow":["GET"]}}],"collection":[{"href":"https:\/\/roveyayinevi.com.tr\/index.php\/wp-json\/wp\/v2\/product"}],"about":[{"href":"https:\/\/roveyayinevi.com.tr\/index.php\/wp-json\/wp\/v2\/types\/product"}],"wp:attachment":[{"href":"https:\/\/roveyayinevi.com.tr\/index.php\/wp-json\/wp\/v2\/media?parent=776547"}],"wp:term":[{"taxonomy":"product_brand","embeddable":true,"href":"https:\/\/roveyayinevi.com.tr\/index.php\/wp-json\/wp\/v2\/product_brand?post=776547"},{"taxonomy":"product_cat","embeddable":true,"href":"https:\/\/roveyayinevi.com.tr\/index.php\/wp-json\/wp\/v2\/product_cat?post=776547"},{"taxonomy":"product_tag","embeddable":true,"href":"https:\/\/roveyayinevi.com.tr\/index.php\/wp-json\/wp\/v2\/product_tag?post=776547"}],"curies":[{"name":"wp","href":"https:\/\/api.w.org\/{rel}","templated":true}]}}