{"id":776544,"date":"2025-09-29T07:29:21","date_gmt":"2025-09-29T04:29:21","guid":{"rendered":"https:\/\/roveyayinevi.com.tr\/index.php\/urun\/kod-adi-hayalet\/"},"modified":"2026-04-15T03:42:40","modified_gmt":"2026-04-15T00:42:40","slug":"kod-adi-hayalet","status":"publish","type":"product","link":"https:\/\/roveyayinevi.com.tr\/index.php\/urun\/kod-adi-hayalet\/","title":{"rendered":"Kod Ad\u0131 Hayalet"},"content":{"rendered":"<p>Bir anda a\u015fa\u011f\u0131ya do\u011fru yuvarland\u0131\u011f\u0131m\u0131 ve kontrol\u00fcn bende olmad\u0131\u011f\u0131n\u0131 hat\u0131rl\u0131yorum. Ne tutunacak bir dal ne de uzanacak bir el vard\u0131. Ruhlar \u00e2leminde zaman \u00e7ok farkl\u0131 ak\u0131yordu.       Ger\u00e7e\u011fi ortaya \u00e7\u0131karmak i\u00e7in fazla zaman\u0131m yoktu. Zamanda yolculu\u011fa \u00e7\u0131kmadan \u00f6nce nelerle kar\u015f\u0131la\u015faca\u011f\u0131m\u0131 ben de bilmiyordum. <\/p>\n","protected":false},"excerpt":{"rendered":"<p>Bir anda a\u015fa\u011f\u0131ya do\u011fru yuvarland\u0131\u011f\u0131m\u0131 ve kontrol\u00fcn bende olmad\u0131\u011f\u0131n\u0131 hat\u0131rl\u0131yorum. Ne tutunacak bir dal ne de uzanacak bir el vard\u0131. Ruhlar \u00e2leminde zaman \u00e7ok farkl\u0131 ak\u0131yordu.<span class=\"excerpt-hellip\"> [\u2026]<\/span><\/p>\n","protected":false},"featured_media":0,"template":"","meta":{"_monsterinsights_skip_tracking":false,"_monsterinsights_sitenote_active":false,"_monsterinsights_sitenote_note":"","_monsterinsights_sitenote_category":0},"product_brand":[],"product_cat":[12291,14777],"product_tag":[],"class_list":{"0":"post-776544","1":"product","2":"type-product","3":"status-publish","5":"product_cat-edebiyat","6":"product_cat-fantastik","7":"pa_cilt-ciltsiz","8":"pa_tur-kitap","9":"pa_yayinevi-hazer-yayinlari","10":"pa_yazar-nesrin-hazer","12":"first","13":"instock","14":"sale","15":"shipping-taxable","16":"purchasable","17":"product-type-simple"},"_links":{"self":[{"href":"https:\/\/roveyayinevi.com.tr\/index.php\/wp-json\/wp\/v2\/product\/776544","targetHints":{"allow":["GET"]}}],"collection":[{"href":"https:\/\/roveyayinevi.com.tr\/index.php\/wp-json\/wp\/v2\/product"}],"about":[{"href":"https:\/\/roveyayinevi.com.tr\/index.php\/wp-json\/wp\/v2\/types\/product"}],"wp:attachment":[{"href":"https:\/\/roveyayinevi.com.tr\/index.php\/wp-json\/wp\/v2\/media?parent=776544"}],"wp:term":[{"taxonomy":"product_brand","embeddable":true,"href":"https:\/\/roveyayinevi.com.tr\/index.php\/wp-json\/wp\/v2\/product_brand?post=776544"},{"taxonomy":"product_cat","embeddable":true,"href":"https:\/\/roveyayinevi.com.tr\/index.php\/wp-json\/wp\/v2\/product_cat?post=776544"},{"taxonomy":"product_tag","embeddable":true,"href":"https:\/\/roveyayinevi.com.tr\/index.php\/wp-json\/wp\/v2\/product_tag?post=776544"}],"curies":[{"name":"wp","href":"https:\/\/api.w.org\/{rel}","templated":true}]}}