{"id":776541,"date":"2025-09-29T07:29:16","date_gmt":"2025-09-29T04:29:16","guid":{"rendered":"https:\/\/roveyayinevi.com.tr\/index.php\/urun\/kurnaz-kopek-baligi\/"},"modified":"2026-04-15T03:42:40","modified_gmt":"2026-04-15T00:42:40","slug":"kurnaz-kopek-baligi","status":"publish","type":"product","link":"https:\/\/roveyayinevi.com.tr\/index.php\/urun\/kurnaz-kopek-baligi\/","title":{"rendered":"Kurnaz K\u00f6pek Bal\u0131\u011f\u0131"},"content":{"rendered":"<p>Macera sever \u00fc\u00e7 bal\u0131k bir araya gelmi\u015flerdi. U\u00e7suz bucaks\u0131z denizler onlar\u0131 bekliyordu. Her g\u00fcn bir denizdeydiler. Her yerde, her k\u00f6\u015fede onlar vard\u0131. Beyaz Balina\u2019y\u0131 arkada\u015f edindiler. Ard\u0131ndan Beyaz Gagal\u0131 Yunus ile Pembe Gagal\u0131 Yunus\u2019u\u2026 Daha sonra T\u0131st\u0131k ad\u0131nda bir penguenle tan\u0131\u015ft\u0131lar. Yetmedi, en sonunda Kurnaz K\u00f6pekbal\u0131\u011f\u0131\u2019na arkada\u015f oldular. \u0130\u015fte o andan itibaren \u00e7ok ilgin\u00e7 bir s\u00fcre\u00e7 ba\u015flad\u0131. Her g\u00fcn bir ba\u015fka macerayla sars\u0131ld\u0131lar. <\/p>\n","protected":false},"excerpt":{"rendered":"<p>Macera sever \u00fc\u00e7 bal\u0131k bir araya gelmi\u015flerdi. U\u00e7suz bucaks\u0131z denizler onlar\u0131 bekliyordu. Her g\u00fcn bir denizdeydiler. Her yerde, her k\u00f6\u015fede onlar vard\u0131. Beyaz Balina\u2019y\u0131 arkada\u015f edindiler.<span class=\"excerpt-hellip\"> [\u2026]<\/span><\/p>\n","protected":false},"featured_media":0,"template":"","meta":{"_monsterinsights_skip_tracking":false,"_monsterinsights_sitenote_active":false,"_monsterinsights_sitenote_note":"","_monsterinsights_sitenote_category":0},"product_brand":[],"product_cat":[12291,14777],"product_tag":[],"class_list":{"0":"post-776541","1":"product","2":"type-product","3":"status-publish","5":"product_cat-edebiyat","6":"product_cat-fantastik","7":"pa_cilt-ciltsiz","8":"pa_tur-kitap","9":"pa_yayinevi-hazer-yayinlari","10":"pa_yazar-nihat-gokmen","12":"first","13":"instock","14":"sale","15":"shipping-taxable","16":"purchasable","17":"product-type-simple"},"_links":{"self":[{"href":"https:\/\/roveyayinevi.com.tr\/index.php\/wp-json\/wp\/v2\/product\/776541","targetHints":{"allow":["GET"]}}],"collection":[{"href":"https:\/\/roveyayinevi.com.tr\/index.php\/wp-json\/wp\/v2\/product"}],"about":[{"href":"https:\/\/roveyayinevi.com.tr\/index.php\/wp-json\/wp\/v2\/types\/product"}],"wp:attachment":[{"href":"https:\/\/roveyayinevi.com.tr\/index.php\/wp-json\/wp\/v2\/media?parent=776541"}],"wp:term":[{"taxonomy":"product_brand","embeddable":true,"href":"https:\/\/roveyayinevi.com.tr\/index.php\/wp-json\/wp\/v2\/product_brand?post=776541"},{"taxonomy":"product_cat","embeddable":true,"href":"https:\/\/roveyayinevi.com.tr\/index.php\/wp-json\/wp\/v2\/product_cat?post=776541"},{"taxonomy":"product_tag","embeddable":true,"href":"https:\/\/roveyayinevi.com.tr\/index.php\/wp-json\/wp\/v2\/product_tag?post=776541"}],"curies":[{"name":"wp","href":"https:\/\/api.w.org\/{rel}","templated":true}]}}