{"id":776539,"date":"2025-09-29T07:29:13","date_gmt":"2025-09-29T04:29:13","guid":{"rendered":"https:\/\/roveyayinevi.com.tr\/index.php\/urun\/athanorun-sirri\/"},"modified":"2025-09-29T07:29:13","modified_gmt":"2025-09-29T04:29:13","slug":"athanorun-sirri","status":"publish","type":"product","link":"https:\/\/roveyayinevi.com.tr\/index.php\/urun\/athanorun-sirri\/","title":{"rendered":"Athanor\u2019un S\u0131rr\u0131"},"content":{"rendered":"<p>G\u00f6r\u00fcnmeyen bir potada ba\u015flayan bu i\u00e7sel tiyatro, simyan\u0131n \u00fc\u00e7 evresiyle masonlu\u011fun \u00fc\u00e7 derecesini ayn\u0131 sahnede bulu\u015fturur. Athanor\u2019un S\u0131rr\u0131 \u2013 \u0130ki Yol, Tek I\u015f\u0131k, alegorik ve felsefi katmanlarla \u00f6r\u00fclm\u00fc\u015f, tiyatral bir sunumdur. Her b\u00f6l\u00fcm : bir d\u00f6n\u00fc\u015f\u00fcm, her sahne : bir i\u00e7sel yank\u0131, bir duru\u015f, bir ge\u00e7i\u015ftir. Kur\u015fundan \u0131\u015f\u0131\u011fa, \u00e7\u0131rakl\u0131ktan ustal\u0131\u011fa uzanan bu yolculuk, Simyac\u0131 ile Mason\u2019un sembollerle \u00f6r\u00fcl\u00fc diyaloglar\u0131nda bi\u00e7im bulur. Ate\u015fin ar\u0131nd\u0131rd\u0131\u011f\u0131 kelimeler, ta\u015f\u0131n yonttu\u011fu sessizlik ve \u0131\u015f\u0131\u011f\u0131n a\u00e7\u0131\u011fa \u00e7\u0131kard\u0131\u011f\u0131 hakikat, okuyucuyu ya da seyirciyi yaln\u0131zca izlemeye de\u011fil; hat\u0131rlamaya, yava\u015flamaya ve kendi ta\u015f\u0131n\u0131 ke\u015ffetmeye \u00e7a\u011f\u0131r\u0131r. <\/p>\n","protected":false},"excerpt":{"rendered":"<p>G\u00f6r\u00fcnmeyen bir potada ba\u015flayan bu i\u00e7sel tiyatro, simyan\u0131n \u00fc\u00e7 evresiyle masonlu\u011fun \u00fc\u00e7 derecesini ayn\u0131 sahnede bulu\u015fturur. Athanor\u2019un S\u0131rr\u0131 \u2013 \u0130ki Yol, Tek I\u015f\u0131k, alegorik ve felsefi<span class=\"excerpt-hellip\"> [\u2026]<\/span><\/p>\n","protected":false},"featured_media":0,"template":"","meta":{"_monsterinsights_skip_tracking":false,"_monsterinsights_sitenote_active":false,"_monsterinsights_sitenote_note":"","_monsterinsights_sitenote_category":0},"product_brand":[],"product_cat":[12364,16154],"product_tag":[],"class_list":{"0":"post-776539","1":"product","2":"type-product","3":"status-publish","5":"product_cat-genel-konular","6":"product_cat-parapsikoloji","7":"pa_cilt-ciltsiz","8":"pa_tur-kitap","9":"pa_yayinevi-mitra-yayincilik","10":"pa_yazar-baris-degirmenci","12":"first","13":"instock","14":"sale","15":"shipping-taxable","16":"purchasable","17":"product-type-simple"},"_links":{"self":[{"href":"https:\/\/roveyayinevi.com.tr\/index.php\/wp-json\/wp\/v2\/product\/776539","targetHints":{"allow":["GET"]}}],"collection":[{"href":"https:\/\/roveyayinevi.com.tr\/index.php\/wp-json\/wp\/v2\/product"}],"about":[{"href":"https:\/\/roveyayinevi.com.tr\/index.php\/wp-json\/wp\/v2\/types\/product"}],"wp:attachment":[{"href":"https:\/\/roveyayinevi.com.tr\/index.php\/wp-json\/wp\/v2\/media?parent=776539"}],"wp:term":[{"taxonomy":"product_brand","embeddable":true,"href":"https:\/\/roveyayinevi.com.tr\/index.php\/wp-json\/wp\/v2\/product_brand?post=776539"},{"taxonomy":"product_cat","embeddable":true,"href":"https:\/\/roveyayinevi.com.tr\/index.php\/wp-json\/wp\/v2\/product_cat?post=776539"},{"taxonomy":"product_tag","embeddable":true,"href":"https:\/\/roveyayinevi.com.tr\/index.php\/wp-json\/wp\/v2\/product_tag?post=776539"}],"curies":[{"name":"wp","href":"https:\/\/api.w.org\/{rel}","templated":true}]}}