{"id":776532,"date":"2025-09-29T07:28:59","date_gmt":"2025-09-29T04:28:59","guid":{"rendered":"https:\/\/roveyayinevi.com.tr\/index.php\/urun\/beneksiz-zurafa\/"},"modified":"2026-04-15T03:42:40","modified_gmt":"2026-04-15T00:42:40","slug":"beneksiz-zurafa","status":"publish","type":"product","link":"https:\/\/roveyayinevi.com.tr\/index.php\/urun\/beneksiz-zurafa\/","title":{"rendered":"Beneksiz Z\u00fcrafa"},"content":{"rendered":"<p>\u201cG\u00fczellik d\u0131\u015ftan de\u011fil i\u00e7ten gelir.\u201d    S\u0131n\u0131f \u00f6\u011fretmeni \u0130layda Nida Belik\u2019in kaleminden\u2026    Hadi bakal\u0131m sen de Buggi gibi k\u0131rd\u0131\u011f\u0131n kalpleri onarmaya ba\u015fla\u2026 <\/p>\n","protected":false},"excerpt":{"rendered":"<p>\u201cG\u00fczellik d\u0131\u015ftan de\u011fil i\u00e7ten gelir.\u201d S\u0131n\u0131f \u00f6\u011fretmeni \u0130layda Nida Belik\u2019in kaleminden\u2026 Hadi bakal\u0131m sen de Buggi gibi k\u0131rd\u0131\u011f\u0131n kalpleri onarmaya ba\u015fla\u2026<\/p>\n","protected":false},"featured_media":0,"template":"","meta":{"_monsterinsights_skip_tracking":false,"_monsterinsights_sitenote_active":false,"_monsterinsights_sitenote_note":"","_monsterinsights_sitenote_category":0},"product_brand":[],"product_cat":[12274,12284],"product_tag":[],"class_list":{"0":"post-776532","1":"product","2":"type-product","3":"status-publish","5":"product_cat-cocuk-ve-genclik-kitaplari","6":"product_cat-hikayeler","7":"pa_cilt-ciltsiz","8":"pa_tur-kitap","9":"pa_yayinevi-hazer-yayinlari","10":"pa_yazar-ilayda-nida-belik","12":"first","13":"instock","14":"sale","15":"shipping-taxable","16":"purchasable","17":"product-type-simple"},"_links":{"self":[{"href":"https:\/\/roveyayinevi.com.tr\/index.php\/wp-json\/wp\/v2\/product\/776532","targetHints":{"allow":["GET"]}}],"collection":[{"href":"https:\/\/roveyayinevi.com.tr\/index.php\/wp-json\/wp\/v2\/product"}],"about":[{"href":"https:\/\/roveyayinevi.com.tr\/index.php\/wp-json\/wp\/v2\/types\/product"}],"wp:attachment":[{"href":"https:\/\/roveyayinevi.com.tr\/index.php\/wp-json\/wp\/v2\/media?parent=776532"}],"wp:term":[{"taxonomy":"product_brand","embeddable":true,"href":"https:\/\/roveyayinevi.com.tr\/index.php\/wp-json\/wp\/v2\/product_brand?post=776532"},{"taxonomy":"product_cat","embeddable":true,"href":"https:\/\/roveyayinevi.com.tr\/index.php\/wp-json\/wp\/v2\/product_cat?post=776532"},{"taxonomy":"product_tag","embeddable":true,"href":"https:\/\/roveyayinevi.com.tr\/index.php\/wp-json\/wp\/v2\/product_tag?post=776532"}],"curies":[{"name":"wp","href":"https:\/\/api.w.org\/{rel}","templated":true}]}}