{"id":776528,"date":"2025-09-29T07:28:50","date_gmt":"2025-09-29T04:28:50","guid":{"rendered":"https:\/\/roveyayinevi.com.tr\/index.php\/urun\/hayali-canavarlar-atlasi\/"},"modified":"2026-04-15T03:42:39","modified_gmt":"2026-04-15T00:42:39","slug":"hayali-canavarlar-atlasi","status":"publish","type":"product","link":"https:\/\/roveyayinevi.com.tr\/index.php\/urun\/hayali-canavarlar-atlasi\/","title":{"rendered":"Hayali Canavarlar Atlas\u0131"},"content":{"rendered":"<p>Zaman de\u011fi\u015fiyor. Ama g\u00f6lgeler hep kalacak. Yine de canavarlar\u0131 evcille\u015ftirmek m\u00fcmk\u00fcn. Ve bazen canavar\u0131n tam kalbinde, unuttu\u011fumuz bir par\u00e7am\u0131z gizlidir: Yaral\u0131 bir \u00e7ocukluk. Terk edilmi\u015f bir d\u00fc\u015f. Kayboldu\u011funu sand\u0131\u011f\u0131m\u0131z bir \u0131\u015f\u0131k\u2026 Canavarlar bizi korkutur ama bizimle konu\u015fur da. O halde dinleyelim onlar\u0131\u2026 Yoksa bir g\u00fcn bizi t\u00fcmden yutabilirler.     Sel\u00e7uk Demirel\u2019in kaleminden en sevimlisinden en korkuncuna canavarlar. Bilin\u00e7alt\u0131ndan s\u0131zan korkular\u0131m\u0131z\u0131n \u015fekillendirdi\u011fi, renkli mi renkli bir g\u00f6rsel \u015f\u00f6len.   Hayali Canavarlar Atlas\u0131 Lyliane Adra\u2019n\u0131n canavarlar\u0131n metaforik anlam\u0131 \u00fczerine keyifli \u00f6ns\u00f6z\u00fcyle birlikte. <\/p>\n","protected":false},"excerpt":{"rendered":"<p>Zaman de\u011fi\u015fiyor. Ama g\u00f6lgeler hep kalacak. Yine de canavarlar\u0131 evcille\u015ftirmek m\u00fcmk\u00fcn. Ve bazen canavar\u0131n tam kalbinde, unuttu\u011fumuz bir par\u00e7am\u0131z gizlidir: Yaral\u0131 bir \u00e7ocukluk. Terk edilmi\u015f bir<span class=\"excerpt-hellip\"> [\u2026]<\/span><\/p>\n","protected":false},"featured_media":0,"template":"","meta":{"_monsterinsights_skip_tracking":false,"_monsterinsights_sitenote_active":false,"_monsterinsights_sitenote_note":"","_monsterinsights_sitenote_category":0},"product_brand":[],"product_cat":[44608,12408],"product_tag":[],"class_list":{"0":"post-776528","1":"product","2":"type-product","3":"status-publish","5":"product_cat-diger-sanat","6":"product_cat-sanat","7":"pa_cilt-ciltsiz","8":"pa_tur-kitap","9":"pa_yayinevi-yapi-kredi-yayinlari","10":"pa_yazar-kolektif","12":"first","13":"instock","14":"sale","15":"shipping-taxable","16":"purchasable","17":"product-type-simple"},"_links":{"self":[{"href":"https:\/\/roveyayinevi.com.tr\/index.php\/wp-json\/wp\/v2\/product\/776528","targetHints":{"allow":["GET"]}}],"collection":[{"href":"https:\/\/roveyayinevi.com.tr\/index.php\/wp-json\/wp\/v2\/product"}],"about":[{"href":"https:\/\/roveyayinevi.com.tr\/index.php\/wp-json\/wp\/v2\/types\/product"}],"wp:attachment":[{"href":"https:\/\/roveyayinevi.com.tr\/index.php\/wp-json\/wp\/v2\/media?parent=776528"}],"wp:term":[{"taxonomy":"product_brand","embeddable":true,"href":"https:\/\/roveyayinevi.com.tr\/index.php\/wp-json\/wp\/v2\/product_brand?post=776528"},{"taxonomy":"product_cat","embeddable":true,"href":"https:\/\/roveyayinevi.com.tr\/index.php\/wp-json\/wp\/v2\/product_cat?post=776528"},{"taxonomy":"product_tag","embeddable":true,"href":"https:\/\/roveyayinevi.com.tr\/index.php\/wp-json\/wp\/v2\/product_tag?post=776528"}],"curies":[{"name":"wp","href":"https:\/\/api.w.org\/{rel}","templated":true}]}}