{"id":776523,"date":"2025-09-29T07:28:41","date_gmt":"2025-09-29T04:28:41","guid":{"rendered":"https:\/\/roveyayinevi.com.tr\/index.php\/urun\/bir-rahibeye-agit-2\/"},"modified":"2026-04-15T03:42:39","modified_gmt":"2026-04-15T00:42:39","slug":"bir-rahibeye-agit-2","status":"publish","type":"product","link":"https:\/\/roveyayinevi.com.tr\/index.php\/urun\/bir-rahibeye-agit-2\/","title":{"rendered":"Bir Rahibeye A\u011f\u0131t"},"content":{"rendered":"<p>Faulkner\u2019\u0131n 1949\u2019da kazand\u0131\u011f\u0131 Nobel Edebiyat \u00d6d\u00fcl\u00fc\u2019nden sonra yay\u0131mlad\u0131\u011f\u0131 ilk roman olan Bir Rahibeye A\u011f\u0131t (1951), yazar\u0131n iki koldan ilerleyen anlat\u0131 yakla\u015f\u0131m\u0131n\u0131n en farkl\u0131 \u00f6rneklerinden biri. Tiyatro perde ve sahneleri bi\u00e7iminde kurulan b\u00f6l\u00fcmlerinde Tap\u0131nak\u2019taki karakterlerin sekiz y\u0131l sonraki \u201cge\u00e7mi\u015fle y\u00fckl\u00fc\u201d hayatlar\u0131na odaklanan Faulkner, bunlar\u0131n ba\u015f\u0131ndaki \u201cgiri\u015f\u201d b\u00f6l\u00fcmlerinde ise bir asma kilit, cezaevi, adliye ve vilayet meclisi binalar\u0131 \u00fczerinden hem kurgusal y\u00f6resi Yoknapatawpha ve ABD hem de \u0130nsanl\u0131k ve D\u00fcnya tarihini iyilik ve k\u00f6t\u00fcl\u00fck, inan\u00e7 ve vicdan, eylem ve bedeli eksenlerinde b\u00fct\u00fcn\u00fcyle kendine \u00f6zg\u00fc bir bi\u00e7imde ele al\u0131yor.   Bir Rahibeye A\u011f\u0131t, modern \u00e7a\u011fla birlikte bireyselli\u011fi ve sorumluluk duygusu gittik\u00e7e zay\u0131flayan \u0130nsanl\u0131\u011fa da yak\u0131lan bir a\u011f\u0131t.     Ahlaki bilin\u00e7 d\u00fczeyinde tasarlanm\u0131\u015f bir drama. Ger\u00e7ekten trajik ve bu a\u00e7\u0131dan yazar\u0131n zihninin belirsiz arka plan\u0131nda tek ahlak\u0131n bulundu\u011fu Tap\u0131nak\u2019tan \u00e7ok daha \u00fcst\u00fcn. Malcolm Cowley, The New York Herald Tribune (1946\u2019da Faulkner\u2019\u0131 daha geni\u015f bir okur toplulu\u011funa tan\u0131tan Portable Faulkner\u2019\u0131n edit\u00f6r\u00fc.)   Faulkner\u2026 ge\u00e7mi\u015fi tamamlanm\u0131\u015f bir olaylar dizisi olarak g\u00f6rmez. Ge\u00e7mi\u015f bug\u00fcn\u00fcn i\u00e7inde ya\u015famay\u0131 s\u00fcrd\u00fcren, bug\u00fcn\u00fc ve yar\u0131n\u0131 etkileyen, bi\u00e7imlendiren bir g\u00fc\u00e7t\u00fcr. Necla Ayt\u00fcr, Kitaplar Aras\u0131nda<\/p>\n","protected":false},"excerpt":{"rendered":"<p>Faulkner\u2019\u0131n 1949\u2019da kazand\u0131\u011f\u0131 Nobel Edebiyat \u00d6d\u00fcl\u00fc\u2019nden sonra yay\u0131mlad\u0131\u011f\u0131 ilk roman olan Bir Rahibeye A\u011f\u0131t (1951), yazar\u0131n iki koldan ilerleyen anlat\u0131 yakla\u015f\u0131m\u0131n\u0131n en farkl\u0131 \u00f6rneklerinden biri. Tiyatro<span class=\"excerpt-hellip\"> [\u2026]<\/span><\/p>\n","protected":false},"featured_media":0,"template":"","meta":{"_monsterinsights_skip_tracking":false,"_monsterinsights_sitenote_active":false,"_monsterinsights_sitenote_note":"","_monsterinsights_sitenote_category":0},"product_brand":[],"product_cat":[141304],"product_tag":[],"class_list":{"0":"post-776523","1":"product","2":"type-product","3":"status-publish","5":"product_cat-yeni-cikanlar","6":"pa_cilt-ciltsiz","7":"pa_tur-kitap","8":"pa_yayinevi-yapi-kredi-yayinlari","9":"pa_yazar-william-faulkner","11":"first","12":"instock","13":"sale","14":"shipping-taxable","15":"purchasable","16":"product-type-simple"},"_links":{"self":[{"href":"https:\/\/roveyayinevi.com.tr\/index.php\/wp-json\/wp\/v2\/product\/776523","targetHints":{"allow":["GET"]}}],"collection":[{"href":"https:\/\/roveyayinevi.com.tr\/index.php\/wp-json\/wp\/v2\/product"}],"about":[{"href":"https:\/\/roveyayinevi.com.tr\/index.php\/wp-json\/wp\/v2\/types\/product"}],"wp:attachment":[{"href":"https:\/\/roveyayinevi.com.tr\/index.php\/wp-json\/wp\/v2\/media?parent=776523"}],"wp:term":[{"taxonomy":"product_brand","embeddable":true,"href":"https:\/\/roveyayinevi.com.tr\/index.php\/wp-json\/wp\/v2\/product_brand?post=776523"},{"taxonomy":"product_cat","embeddable":true,"href":"https:\/\/roveyayinevi.com.tr\/index.php\/wp-json\/wp\/v2\/product_cat?post=776523"},{"taxonomy":"product_tag","embeddable":true,"href":"https:\/\/roveyayinevi.com.tr\/index.php\/wp-json\/wp\/v2\/product_tag?post=776523"}],"curies":[{"name":"wp","href":"https:\/\/api.w.org\/{rel}","templated":true}]}}