{"id":776519,"date":"2025-09-29T07:28:32","date_gmt":"2025-09-29T04:28:32","guid":{"rendered":"https:\/\/roveyayinevi.com.tr\/index.php\/urun\/paranormal-hikayeler-3\/"},"modified":"2026-04-15T03:42:38","modified_gmt":"2026-04-15T00:42:38","slug":"paranormal-hikayeler-3","status":"publish","type":"product","link":"https:\/\/roveyayinevi.com.tr\/index.php\/urun\/paranormal-hikayeler-3\/","title":{"rendered":"Paranormal Hikayeler 3"},"content":{"rendered":"<p>Evimin k\u00f6\u015feleri e\u011frilmeye, duvarlar hareket etmeye ba\u015flad\u0131. Dokundu\u011fum her y\u00fczey canl\u0131yd\u0131 ancak bu ya\u015fam, so\u011fuk ve mekanikti. D\u0131\u015far\u0131 \u00e7\u0131kmaya \u00e7al\u0131\u015ft\u0131m fakat sanki ev beni geri \u00e7ekiyordu. Ad\u0131mlar\u0131m sessizlik i\u00e7inde yank\u0131land\u0131. Kulaklar\u0131mda derin bir u\u011fultu b\u00fcy\u00fcyordu. Saate bakt\u0131m, zaman hi\u00e7bir \u015fey ifade etmiyordu. Ge\u00e7mi\u015f ve \u015fimdi aras\u0131ndaki s\u0131n\u0131rlar tamamen silinmi\u015fti. Birdenbire sesler kesildi. Tamamen sessizlik \u00e7\u00f6kt\u00fc. Kap\u0131 a\u00e7\u0131ld\u0131 ama bu kez kendili\u011finden. Mutfa\u011f\u0131n i\u00e7i normal g\u00f6r\u00fcn\u00fcyordu ancak ben orada bir \u015feylerin ters gitti\u011fini biliyordum. Mutfakta bir sandalye \u00e7ekilmi\u015fti. Sanki birisi orada oturmu\u015f, sonra aceleyle kalkm\u0131\u015f gibiydi. Masada yar\u0131m i\u00e7ilmi\u015f bir fincan kahve vard\u0131. O an zihnime bir soru f\u0131rlad\u0131. O kahveyi ben mi i\u00e7mi\u015ftim, yoksa ba\u015fka biri mi? Bu kitap, 10 kitapl\u0131k serinin \u00fc\u00e7\u00fcnc\u00fc kitab\u0131d\u0131r. <\/p>\n","protected":false},"excerpt":{"rendered":"<p>Evimin k\u00f6\u015feleri e\u011frilmeye, duvarlar hareket etmeye ba\u015flad\u0131. Dokundu\u011fum her y\u00fczey canl\u0131yd\u0131 ancak bu ya\u015fam, so\u011fuk ve mekanikti. D\u0131\u015far\u0131 \u00e7\u0131kmaya \u00e7al\u0131\u015ft\u0131m fakat sanki ev beni geri \u00e7ekiyordu.<span class=\"excerpt-hellip\"> [\u2026]<\/span><\/p>\n","protected":false},"featured_media":0,"template":"","meta":{"_monsterinsights_skip_tracking":false,"_monsterinsights_sitenote_active":false,"_monsterinsights_sitenote_note":"","_monsterinsights_sitenote_category":0},"product_brand":[],"product_cat":[12291,17033],"product_tag":[],"class_list":{"0":"post-776519","1":"product","2":"type-product","3":"status-publish","5":"product_cat-edebiyat","6":"product_cat-korku-gerilim","7":"pa_cilt-ciltsiz","8":"pa_tur-kitap","9":"pa_yayinevi-ulysses-yayinlari","10":"pa_yazar-erkan-aksu","12":"first","13":"instock","14":"sale","15":"shipping-taxable","16":"purchasable","17":"product-type-simple"},"_links":{"self":[{"href":"https:\/\/roveyayinevi.com.tr\/index.php\/wp-json\/wp\/v2\/product\/776519","targetHints":{"allow":["GET"]}}],"collection":[{"href":"https:\/\/roveyayinevi.com.tr\/index.php\/wp-json\/wp\/v2\/product"}],"about":[{"href":"https:\/\/roveyayinevi.com.tr\/index.php\/wp-json\/wp\/v2\/types\/product"}],"wp:attachment":[{"href":"https:\/\/roveyayinevi.com.tr\/index.php\/wp-json\/wp\/v2\/media?parent=776519"}],"wp:term":[{"taxonomy":"product_brand","embeddable":true,"href":"https:\/\/roveyayinevi.com.tr\/index.php\/wp-json\/wp\/v2\/product_brand?post=776519"},{"taxonomy":"product_cat","embeddable":true,"href":"https:\/\/roveyayinevi.com.tr\/index.php\/wp-json\/wp\/v2\/product_cat?post=776519"},{"taxonomy":"product_tag","embeddable":true,"href":"https:\/\/roveyayinevi.com.tr\/index.php\/wp-json\/wp\/v2\/product_tag?post=776519"}],"curies":[{"name":"wp","href":"https:\/\/api.w.org\/{rel}","templated":true}]}}