{"id":776509,"date":"2025-09-29T07:28:02","date_gmt":"2025-09-29T04:28:02","guid":{"rendered":"https:\/\/roveyayinevi.com.tr\/index.php\/urun\/bambi-sihirli-kutuphane-disney-klasikleri\/"},"modified":"2026-04-05T03:33:58","modified_gmt":"2026-04-05T00:33:58","slug":"bambi-sihirli-kutuphane-disney-klasikleri","status":"publish","type":"product","link":"https:\/\/roveyayinevi.com.tr\/index.php\/urun\/bambi-sihirli-kutuphane-disney-klasikleri\/","title":{"rendered":"Bambi &#8211; Sihirli K\u00fct\u00fcphane -Disney Klasikleri"},"content":{"rendered":"<p>Ormanlar da ya\u015fam gibi, i\u00e7inde bir\u00e7ok s\u00fcrpriz bar\u0131nd\u0131r\u0131r! Bambi merakla orman\u0131 ke\u015ffeden sevimli ve dost canl\u0131s\u0131 bir geyik yavrusu. Ancak \u00e7ok yak\u0131nda hayat\u0131n hep e\u011flenceli anlardan olu\u015fmad\u0131\u011f\u0131n\u0131 \u00f6\u011frenecek. Prens Bambi, ac\u0131mas\u0131z d\u00fc\u015fmanlar ve zorluklar\u0131n \u00fcstesinden gelip orman\u0131n yeni kral\u0131 olabilecek mi? Okurlar\u0131n\u0131n y\u00fcre\u011fine dokunmay\u0131 ba\u015faran sevgi, h\u00fcz\u00fcn ve dostluk temal\u0131 bu \u00e7arp\u0131c\u0131 b\u00fcy\u00fcme \u00f6yk\u00fcs\u00fc, Disney\u2019in yepyeni klasikler dizisiyle kar\u015f\u0131n\u0131zda. <\/p>\n","protected":false},"excerpt":{"rendered":"<p>Ormanlar da ya\u015fam gibi, i\u00e7inde bir\u00e7ok s\u00fcrpriz bar\u0131nd\u0131r\u0131r! Bambi merakla orman\u0131 ke\u015ffeden sevimli ve dost canl\u0131s\u0131 bir geyik yavrusu. Ancak \u00e7ok yak\u0131nda hayat\u0131n hep e\u011flenceli anlardan<span class=\"excerpt-hellip\"> [\u2026]<\/span><\/p>\n","protected":false},"featured_media":0,"template":"","meta":{"_monsterinsights_skip_tracking":false,"_monsterinsights_sitenote_active":false,"_monsterinsights_sitenote_note":"","_monsterinsights_sitenote_category":0},"product_brand":[],"product_cat":[141304],"product_tag":[],"class_list":{"0":"post-776509","1":"product","2":"type-product","3":"status-publish","5":"product_cat-yeni-cikanlar","6":"pa_cilt-ciltsiz","7":"pa_tur-kitap","8":"pa_yayinevi-dogan-cocuk","9":"pa_yazar-kolektif","11":"first","12":"instock","13":"sale","14":"shipping-taxable","15":"purchasable","16":"product-type-simple"},"_links":{"self":[{"href":"https:\/\/roveyayinevi.com.tr\/index.php\/wp-json\/wp\/v2\/product\/776509","targetHints":{"allow":["GET"]}}],"collection":[{"href":"https:\/\/roveyayinevi.com.tr\/index.php\/wp-json\/wp\/v2\/product"}],"about":[{"href":"https:\/\/roveyayinevi.com.tr\/index.php\/wp-json\/wp\/v2\/types\/product"}],"wp:attachment":[{"href":"https:\/\/roveyayinevi.com.tr\/index.php\/wp-json\/wp\/v2\/media?parent=776509"}],"wp:term":[{"taxonomy":"product_brand","embeddable":true,"href":"https:\/\/roveyayinevi.com.tr\/index.php\/wp-json\/wp\/v2\/product_brand?post=776509"},{"taxonomy":"product_cat","embeddable":true,"href":"https:\/\/roveyayinevi.com.tr\/index.php\/wp-json\/wp\/v2\/product_cat?post=776509"},{"taxonomy":"product_tag","embeddable":true,"href":"https:\/\/roveyayinevi.com.tr\/index.php\/wp-json\/wp\/v2\/product_tag?post=776509"}],"curies":[{"name":"wp","href":"https:\/\/api.w.org\/{rel}","templated":true}]}}