{"id":776507,"date":"2025-09-29T07:27:57","date_gmt":"2025-09-29T04:27:57","guid":{"rendered":"https:\/\/roveyayinevi.com.tr\/index.php\/urun\/labubu-clover-luck-cilgin-koleksiyon-cikartmali-boyama-kitabi\/"},"modified":"2026-04-15T03:42:36","modified_gmt":"2026-04-15T00:42:36","slug":"labubu-clover-luck-cilgin-koleksiyon-cikartmali-boyama-kitabi","status":"publish","type":"product","link":"https:\/\/roveyayinevi.com.tr\/index.php\/urun\/labubu-clover-luck-cilgin-koleksiyon-cikartmali-boyama-kitabi\/","title":{"rendered":"Labubu Clover Luck \u00c7\u0131lg\u0131n Koleksiyon \u2013 \u00c7\u0131kartmal\u0131 Boyama Kitab\u0131"},"content":{"rendered":"<p>Labubu hi\u00e7 bu kadar e\u011flenceli olmam\u0131\u015ft\u0131! Sayfalar\u0131 diledi\u011fin gibi boya, \u00e7\u0131kartmalarla s\u00fcsle ve sonra kapaktaki par\u00e7alar\u0131 kesip kendi kocaman Labubulu masa s\u00fcs\u00fcn\u00fc yap. Haz\u0131rsan, Labubu\u2019nun \u00e7\u0131lg\u0131n d\u00fcnyas\u0131 seni bekliyor!   <\/p>\n","protected":false},"excerpt":{"rendered":"<p>Labubu hi\u00e7 bu kadar e\u011flenceli olmam\u0131\u015ft\u0131! Sayfalar\u0131 diledi\u011fin gibi boya, \u00e7\u0131kartmalarla s\u00fcsle ve sonra kapaktaki par\u00e7alar\u0131 kesip kendi kocaman Labubulu masa s\u00fcs\u00fcn\u00fc yap. Haz\u0131rsan, Labubu\u2019nun \u00e7\u0131lg\u0131n<span class=\"excerpt-hellip\"> [\u2026]<\/span><\/p>\n","protected":false},"featured_media":0,"template":"","meta":{"_monsterinsights_skip_tracking":false,"_monsterinsights_sitenote_active":false,"_monsterinsights_sitenote_note":"","_monsterinsights_sitenote_category":0},"product_brand":[],"product_cat":[12644,12274],"product_tag":[],"class_list":{"0":"post-776507","1":"product","2":"type-product","3":"status-publish","5":"product_cat-boyama-kitaplari","6":"product_cat-cocuk-ve-genclik-kitaplari","7":"pa_cilt-ciltsiz","8":"pa_tur-kitap","9":"pa_yayinevi-dogan-cocuk","10":"pa_yazar-kolektif","12":"first","13":"instock","14":"sale","15":"shipping-taxable","16":"purchasable","17":"product-type-simple"},"_links":{"self":[{"href":"https:\/\/roveyayinevi.com.tr\/index.php\/wp-json\/wp\/v2\/product\/776507","targetHints":{"allow":["GET"]}}],"collection":[{"href":"https:\/\/roveyayinevi.com.tr\/index.php\/wp-json\/wp\/v2\/product"}],"about":[{"href":"https:\/\/roveyayinevi.com.tr\/index.php\/wp-json\/wp\/v2\/types\/product"}],"wp:attachment":[{"href":"https:\/\/roveyayinevi.com.tr\/index.php\/wp-json\/wp\/v2\/media?parent=776507"}],"wp:term":[{"taxonomy":"product_brand","embeddable":true,"href":"https:\/\/roveyayinevi.com.tr\/index.php\/wp-json\/wp\/v2\/product_brand?post=776507"},{"taxonomy":"product_cat","embeddable":true,"href":"https:\/\/roveyayinevi.com.tr\/index.php\/wp-json\/wp\/v2\/product_cat?post=776507"},{"taxonomy":"product_tag","embeddable":true,"href":"https:\/\/roveyayinevi.com.tr\/index.php\/wp-json\/wp\/v2\/product_tag?post=776507"}],"curies":[{"name":"wp","href":"https:\/\/api.w.org\/{rel}","templated":true}]}}