{"id":776503,"date":"2025-09-29T07:27:50","date_gmt":"2025-09-29T04:27:50","guid":{"rendered":"https:\/\/roveyayinevi.com.tr\/index.php\/urun\/canavarlarin-da-kalbi-varmis-2-canavarlar-da-huzunludur-ciltli\/"},"modified":"2026-04-15T03:42:36","modified_gmt":"2026-04-15T00:42:36","slug":"canavarlarin-da-kalbi-varmis-2-canavarlar-da-huzunludur-ciltli","status":"publish","type":"product","link":"https:\/\/roveyayinevi.com.tr\/index.php\/urun\/canavarlarin-da-kalbi-varmis-2-canavarlar-da-huzunludur-ciltli\/","title":{"rendered":"Canavarlar\u0131n da Kalbi Varm\u0131\u015f 2: Canavarlar da H\u00fcz\u00fcnl\u00fcd\u00fcr (Ciltli)"},"content":{"rendered":"<p>Luzia, Luxuria\u2019n\u0131n ger\u00e7eklerini \u00f6\u011frendi\u011finde, ba\u011f\u0131\u015flamakla intikam almak aras\u0131nda karars\u0131zd\u0131r.   D\u00fc\u015fman\u0131 yok edebilecek han\u00e7erin pe\u015finde, vampirlerin d\u00fczenledi\u011fi bir m\u00fczayedeye kat\u0131lmas\u0131 gerekir. Sidra ile ba\u015f ba\u015fa \u00e7\u0131kaca\u011f\u0131 bu yolculuk, vampirlerle insanlar\u0131n aras\u0131ndaki \u00e7at\u0131\u015fmada b\u00fcy\u00fck rol oynar.   Reyna d\u00f6n\u00fc\u015f\u00fcm\u00fcne uyum sa\u011flamaya \u00e7abalarken Victoriam\u2019lar\u0131n yan\u0131 s\u0131ra ortaya \u00e7\u0131kan vampir timi de i\u015fleri kar\u0131\u015ft\u0131r\u0131r.   Hat\u0131ralar\u0131n \u00fczerine yalanlar biner ve isimsiz bir mektupla Luzia vampir kar\u015f\u0131t\u0131 bir grubun i\u00e7inde bulur kendini.   \u201cA\u015fk bizim gibi canavarlar i\u00e7in sava\u015fman\u0131n en zarif haliydi.\u201d <\/p>\n","protected":false},"excerpt":{"rendered":"<p>Luzia, Luxuria\u2019n\u0131n ger\u00e7eklerini \u00f6\u011frendi\u011finde, ba\u011f\u0131\u015flamakla intikam almak aras\u0131nda karars\u0131zd\u0131r. D\u00fc\u015fman\u0131 yok edebilecek han\u00e7erin pe\u015finde, vampirlerin d\u00fczenledi\u011fi bir m\u00fczayedeye kat\u0131lmas\u0131 gerekir. Sidra ile ba\u015f ba\u015fa \u00e7\u0131kaca\u011f\u0131 bu<span class=\"excerpt-hellip\"> [\u2026]<\/span><\/p>\n","protected":false},"featured_media":0,"template":"","meta":{"_monsterinsights_skip_tracking":false,"_monsterinsights_sitenote_active":false,"_monsterinsights_sitenote_note":"","_monsterinsights_sitenote_category":0},"product_brand":[],"product_cat":[12291,14777],"product_tag":[],"class_list":{"0":"post-776503","1":"product","2":"type-product","3":"status-publish","5":"product_cat-edebiyat","6":"product_cat-fantastik","7":"pa_cilt-ciltli","8":"pa_tur-kitap","9":"pa_yayinevi-dex-yayinevi","10":"pa_yazar-n-g-kabal","12":"first","13":"instock","14":"sale","15":"shipping-taxable","16":"purchasable","17":"product-type-simple"},"_links":{"self":[{"href":"https:\/\/roveyayinevi.com.tr\/index.php\/wp-json\/wp\/v2\/product\/776503","targetHints":{"allow":["GET"]}}],"collection":[{"href":"https:\/\/roveyayinevi.com.tr\/index.php\/wp-json\/wp\/v2\/product"}],"about":[{"href":"https:\/\/roveyayinevi.com.tr\/index.php\/wp-json\/wp\/v2\/types\/product"}],"wp:attachment":[{"href":"https:\/\/roveyayinevi.com.tr\/index.php\/wp-json\/wp\/v2\/media?parent=776503"}],"wp:term":[{"taxonomy":"product_brand","embeddable":true,"href":"https:\/\/roveyayinevi.com.tr\/index.php\/wp-json\/wp\/v2\/product_brand?post=776503"},{"taxonomy":"product_cat","embeddable":true,"href":"https:\/\/roveyayinevi.com.tr\/index.php\/wp-json\/wp\/v2\/product_cat?post=776503"},{"taxonomy":"product_tag","embeddable":true,"href":"https:\/\/roveyayinevi.com.tr\/index.php\/wp-json\/wp\/v2\/product_tag?post=776503"}],"curies":[{"name":"wp","href":"https:\/\/api.w.org\/{rel}","templated":true}]}}