{"id":776495,"date":"2025-09-29T07:27:21","date_gmt":"2025-09-29T04:27:21","guid":{"rendered":"https:\/\/roveyayinevi.com.tr\/index.php\/urun\/guneydoguda-pkk-entrikalari-ve-faili-mechuller\/"},"modified":"2026-04-15T03:42:35","modified_gmt":"2026-04-15T00:42:35","slug":"guneydoguda-pkk-entrikalari-ve-faili-mechuller","status":"publish","type":"product","link":"https:\/\/roveyayinevi.com.tr\/index.php\/urun\/guneydoguda-pkk-entrikalari-ve-faili-mechuller\/","title":{"rendered":"G\u00fcneydo\u011fu\u2019da PKK Entrikalar\u0131  ve Faili Me\u00e7huller"},"content":{"rendered":"<p>&#8220;De\u011ferli Okurlar; derdim ne kahramanl\u0131k ne de Don Ki\u015fotluk&#8230; Beni bu kitab\u0131 yazmaya iten temel fakt\u00f6r,   ya\u015f\u0131 k\u00fc\u00e7\u00fck olup \u00f6zellikle 1984 ile 2000&#8217;li y\u0131llar aras\u0131 ya\u015fananlar\u0131 bilmeyen, olaylar\u0131 de\u011ferlendiremeyen  gen\u00e7 ku\u015faklar ile gen\u00e7 kamu g\u00f6revlileri ba\u015fta olmak \u00fczere b\u00fct\u00fcn toplumun \u00d6calan&#8217;\u0131 ve PKK&#8217;y\u0131 \u00e7ok iyi tan\u0131mas\u0131 ve ayr\u0131ca G\u00fcneydo\u011fu&#8217;da ya\u015fananlar\u0131 \u00e7ok iyi bilmesi gerekti\u011fine olan inanc\u0131md\u0131r.  2011&#8217;de yay\u0131nlanan &#8220;Do\u011fu ve G\u00fcneydo\u011fu&#8217;da Faili Me\u00e7hul Cinayetler ve Ger\u00e7ekler&#8221; kitab\u0131n\u0131n g\u00fcncellenip geni\u015fletilmesiyle yaz\u0131lan bu kitab\u0131n ba\u015fta BOP&#8217;\u00e7ular olmak \u00fczere bu topraklarda g\u00f6z\u00fc olan ve PKK-\u00d6calan konusunda ger\u00e7eklerin \u00f6\u011frenilmesini istemeyen bir\u00e7ok \u00e7evreyi rahats\u0131z edece\u011finden ku\u015fkum yok&#8230;&#8221;                                                                                                                       Alican T\u00dcRK <\/p>\n","protected":false},"excerpt":{"rendered":"<p>&#8220;De\u011ferli Okurlar; derdim ne kahramanl\u0131k ne de Don Ki\u015fotluk&#8230; Beni bu kitab\u0131 yazmaya iten temel fakt\u00f6r, ya\u015f\u0131 k\u00fc\u00e7\u00fck olup \u00f6zellikle 1984 ile 2000&#8217;li y\u0131llar aras\u0131 ya\u015fananlar\u0131<span class=\"excerpt-hellip\"> [\u2026]<\/span><\/p>\n","protected":false},"featured_media":0,"template":"","meta":{"_monsterinsights_skip_tracking":false,"_monsterinsights_sitenote_active":false,"_monsterinsights_sitenote_note":"","_monsterinsights_sitenote_category":0},"product_brand":[],"product_cat":[12337],"product_tag":[],"class_list":{"0":"post-776495","1":"product","2":"type-product","3":"status-publish","5":"product_cat-politika-siyaset","6":"pa_cilt-ciltsiz","7":"pa_tur-kitap","8":"pa_yayinevi-galeati-yayincilik","9":"pa_yazar-alican-turk","11":"first","12":"instock","13":"sale","14":"shipping-taxable","15":"purchasable","16":"product-type-simple"},"_links":{"self":[{"href":"https:\/\/roveyayinevi.com.tr\/index.php\/wp-json\/wp\/v2\/product\/776495","targetHints":{"allow":["GET"]}}],"collection":[{"href":"https:\/\/roveyayinevi.com.tr\/index.php\/wp-json\/wp\/v2\/product"}],"about":[{"href":"https:\/\/roveyayinevi.com.tr\/index.php\/wp-json\/wp\/v2\/types\/product"}],"wp:attachment":[{"href":"https:\/\/roveyayinevi.com.tr\/index.php\/wp-json\/wp\/v2\/media?parent=776495"}],"wp:term":[{"taxonomy":"product_brand","embeddable":true,"href":"https:\/\/roveyayinevi.com.tr\/index.php\/wp-json\/wp\/v2\/product_brand?post=776495"},{"taxonomy":"product_cat","embeddable":true,"href":"https:\/\/roveyayinevi.com.tr\/index.php\/wp-json\/wp\/v2\/product_cat?post=776495"},{"taxonomy":"product_tag","embeddable":true,"href":"https:\/\/roveyayinevi.com.tr\/index.php\/wp-json\/wp\/v2\/product_tag?post=776495"}],"curies":[{"name":"wp","href":"https:\/\/api.w.org\/{rel}","templated":true}]}}