{"id":776489,"date":"2025-09-29T07:27:05","date_gmt":"2025-09-29T04:27:05","guid":{"rendered":"https:\/\/roveyayinevi.com.tr\/index.php\/urun\/national-geographic-kids-garip-ama-gercek-hayvanlar\/"},"modified":"2026-04-15T03:42:34","modified_gmt":"2026-04-15T00:42:34","slug":"national-geographic-kids-garip-ama-gercek-hayvanlar","status":"publish","type":"product","link":"https:\/\/roveyayinevi.com.tr\/index.php\/urun\/national-geographic-kids-garip-ama-gercek-hayvanlar\/","title":{"rendered":"National Geographic Kids &#8211; Garip Ama Ger\u00e7ek &#8211; Hayvanlar"},"content":{"rendered":"<p>Hayvanlar \u00e2lemi, d\u00fc\u015f\u00fcnd\u00fc\u011f\u00fcn\u00fczden \u00e7ok daha garip, e\u011flenceli ve inan\u0131lmaz! National Geographic Kids\u2019in \u00f6d\u00fcll\u00fc Garip ama Ger\u00e7ek! serisinin hayvanlara \u00f6zel bu kitab\u0131, d\u00fcnyan\u0131n d\u00f6rt bir yan\u0131ndan y\u00fczlerce tuhaf ve ger\u00e7ek bilgiyle dolu. Sayfalar\u0131 \u00e7evirdik\u00e7e do\u011faya bak\u0131\u015f a\u00e7\u0131n\u0131z tamamen de\u011fi\u015fecek! Renkli g\u00f6rselleri, k\u0131sa ve e\u011flenceli anlat\u0131m\u0131yla bu kitap hayvanlar\u0131 seven \u00e7ocuklar i\u00e7in hem \u00f6\u011fretici hem de kahkahalarla okunacak bir ke\u015fif yolculu\u011fu. \u0130ster hayvanlara bay\u0131l\u0131yor olun ister sadece \u015fa\u015f\u0131rt\u0131c\u0131 bilgilerden ho\u015flan\u0131n Garip ama Ger\u00e7ek! Hayvanlar sizi do\u011fan\u0131n en s\u0131ra d\u0131\u015f\u0131 d\u00fcnyas\u0131na davet ediyor!<\/p>\n","protected":false},"excerpt":{"rendered":"<p>Hayvanlar \u00e2lemi, d\u00fc\u015f\u00fcnd\u00fc\u011f\u00fcn\u00fczden \u00e7ok daha garip, e\u011flenceli ve inan\u0131lmaz! National Geographic Kids\u2019in \u00f6d\u00fcll\u00fc Garip ama Ger\u00e7ek! serisinin hayvanlara \u00f6zel bu kitab\u0131, d\u00fcnyan\u0131n d\u00f6rt bir yan\u0131ndan y\u00fczlerce<span class=\"excerpt-hellip\"> [\u2026]<\/span><\/p>\n","protected":false},"featured_media":0,"template":"","meta":{"_monsterinsights_skip_tracking":false,"_monsterinsights_sitenote_active":false,"_monsterinsights_sitenote_note":"","_monsterinsights_sitenote_category":0},"product_brand":[],"product_cat":[13829,12274],"product_tag":[],"class_list":{"0":"post-776489","1":"product","2":"type-product","3":"status-publish","5":"product_cat-bilimsel-kitaplar","6":"product_cat-cocuk-ve-genclik-kitaplari","7":"pa_cilt-ciltsiz","8":"pa_tur-kitap","9":"pa_yayinevi-beta-kids","10":"pa_yazar-michelle-harris","12":"first","13":"instock","14":"sale","15":"shipping-taxable","16":"purchasable","17":"product-type-simple"},"_links":{"self":[{"href":"https:\/\/roveyayinevi.com.tr\/index.php\/wp-json\/wp\/v2\/product\/776489","targetHints":{"allow":["GET"]}}],"collection":[{"href":"https:\/\/roveyayinevi.com.tr\/index.php\/wp-json\/wp\/v2\/product"}],"about":[{"href":"https:\/\/roveyayinevi.com.tr\/index.php\/wp-json\/wp\/v2\/types\/product"}],"wp:attachment":[{"href":"https:\/\/roveyayinevi.com.tr\/index.php\/wp-json\/wp\/v2\/media?parent=776489"}],"wp:term":[{"taxonomy":"product_brand","embeddable":true,"href":"https:\/\/roveyayinevi.com.tr\/index.php\/wp-json\/wp\/v2\/product_brand?post=776489"},{"taxonomy":"product_cat","embeddable":true,"href":"https:\/\/roveyayinevi.com.tr\/index.php\/wp-json\/wp\/v2\/product_cat?post=776489"},{"taxonomy":"product_tag","embeddable":true,"href":"https:\/\/roveyayinevi.com.tr\/index.php\/wp-json\/wp\/v2\/product_tag?post=776489"}],"curies":[{"name":"wp","href":"https:\/\/api.w.org\/{rel}","templated":true}]}}