{"id":776484,"date":"2025-09-29T07:25:50","date_gmt":"2025-09-29T04:25:50","guid":{"rendered":"https:\/\/roveyayinevi.com.tr\/index.php\/urun\/anderson-talisca\/"},"modified":"2026-04-15T03:42:27","modified_gmt":"2026-04-15T00:42:27","slug":"anderson-talisca","status":"publish","type":"product","link":"https:\/\/roveyayinevi.com.tr\/index.php\/urun\/anderson-talisca\/","title":{"rendered":"Anderson Talisca"},"content":{"rendered":"<p>Futbolun b\u00fcy\u00fcl\u00fc d\u00fcnyas\u0131nda, her oyuncunun kendi \u00f6yk\u00fcs\u00fc vard\u0131r. Ama baz\u0131lar\u0131, yaln\u0131zca topa de\u011fil, hayallere de h\u00fckmeder. Anderson Talisca, Brezilya sokaklar\u0131ndan \u00e7\u0131k\u0131p Avrupa\u2019n\u0131n ve Asya\u2019n\u0131n dev sahnelerine uzanan hik\u00e2yesiyle, sadece bir futbolcu de\u011fil, bir efsanenin modern tan\u0131m\u0131d\u0131r.   Bu kitap, Talisca\u2019n\u0131n \u00e7ocukluk hayallerinden Benfica\u2019da y\u0131ld\u0131zla\u015ft\u0131\u011f\u0131 g\u00fcnlere, Be\u015fikta\u015f\u2019ta efsanele\u015fti\u011fi gecelere ve Fenerbah\u00e7e formas\u0131yla yeniden do\u011fdu\u011fu anlara kadar uzanan tutku dolu bir kariyeri g\u00f6zler \u00f6n\u00fcne seriyor. Gol sevin\u00e7lerinin ard\u0131ndaki duygular, saha d\u0131\u015f\u0131nda ya\u015fanan k\u0131r\u0131lma anlar\u0131 ve T\u00fcrkiye&#8217;deki iki b\u00fcy\u00fck kul\u00fcpte ya\u015fad\u0131\u011f\u0131 z\u0131t ama unutulmaz bir ser\u00fcven\u2026 Hepsi bu sayfalarda.<\/p>\n","protected":false},"excerpt":{"rendered":"<p>Futbolun b\u00fcy\u00fcl\u00fc d\u00fcnyas\u0131nda, her oyuncunun kendi \u00f6yk\u00fcs\u00fc vard\u0131r. Ama baz\u0131lar\u0131, yaln\u0131zca topa de\u011fil, hayallere de h\u00fckmeder. Anderson Talisca, Brezilya sokaklar\u0131ndan \u00e7\u0131k\u0131p Avrupa\u2019n\u0131n ve Asya\u2019n\u0131n dev sahnelerine<span class=\"excerpt-hellip\"> [\u2026]<\/span><\/p>\n","protected":false},"featured_media":0,"template":"","meta":{"_monsterinsights_skip_tracking":false,"_monsterinsights_sitenote_active":false,"_monsterinsights_sitenote_note":"","_monsterinsights_sitenote_category":0},"product_brand":[],"product_cat":[15563,15564],"product_tag":[],"class_list":{"0":"post-776484","1":"product","2":"type-product","3":"status-publish","5":"product_cat-hobi","6":"product_cat-spor","7":"pa_cilt-ciltsiz","8":"pa_tur-kitap","9":"pa_yayinevi-peta-kitap","10":"pa_yazar-can-eren","12":"first","13":"instock","14":"sale","15":"shipping-taxable","16":"purchasable","17":"product-type-simple"},"_links":{"self":[{"href":"https:\/\/roveyayinevi.com.tr\/index.php\/wp-json\/wp\/v2\/product\/776484","targetHints":{"allow":["GET"]}}],"collection":[{"href":"https:\/\/roveyayinevi.com.tr\/index.php\/wp-json\/wp\/v2\/product"}],"about":[{"href":"https:\/\/roveyayinevi.com.tr\/index.php\/wp-json\/wp\/v2\/types\/product"}],"wp:attachment":[{"href":"https:\/\/roveyayinevi.com.tr\/index.php\/wp-json\/wp\/v2\/media?parent=776484"}],"wp:term":[{"taxonomy":"product_brand","embeddable":true,"href":"https:\/\/roveyayinevi.com.tr\/index.php\/wp-json\/wp\/v2\/product_brand?post=776484"},{"taxonomy":"product_cat","embeddable":true,"href":"https:\/\/roveyayinevi.com.tr\/index.php\/wp-json\/wp\/v2\/product_cat?post=776484"},{"taxonomy":"product_tag","embeddable":true,"href":"https:\/\/roveyayinevi.com.tr\/index.php\/wp-json\/wp\/v2\/product_tag?post=776484"}],"curies":[{"name":"wp","href":"https:\/\/api.w.org\/{rel}","templated":true}]}}