{"id":776483,"date":"2025-09-29T07:25:49","date_gmt":"2025-09-29T04:25:49","guid":{"rendered":"https:\/\/roveyayinevi.com.tr\/index.php\/urun\/orkun-kokcu-2\/"},"modified":"2026-04-15T03:42:27","modified_gmt":"2026-04-15T00:42:27","slug":"orkun-kokcu-2","status":"publish","type":"product","link":"https:\/\/roveyayinevi.com.tr\/index.php\/urun\/orkun-kokcu-2\/","title":{"rendered":"Orkun K\u00f6k\u00e7\u00fc"},"content":{"rendered":"<p>Orkun K\u00f6k\u00e7\u00fc, Hollanda\u2019n\u0131n Rotterdam \u015fehrinde do\u011fdu ama kalbi hep T\u00fcrkiye\u2019ye aitti. Sokak aralar\u0131nda a\u011fabeyiyle saatlerce top oynayan bu sessiz ve hayalperest \u00e7ocuk, g\u00fcn\u00fcn birinde b\u00fcy\u00fck stadyumlara ad\u0131m att\u0131.   Bu kitap, Orkun\u2019un \u00e7ocukluk y\u0131llar\u0131n\u0131, futbolla nas\u0131l tan\u0131\u015ft\u0131\u011f\u0131n\u0131, iki \u00fclke aras\u0131nda verdi\u011fi zorlu kararlar\u0131 ve hayallerinin pe\u015finden nas\u0131l azimle ko\u015ftu\u011funu anlat\u0131yor. Feyenoord\u2019da kaptan olmas\u0131ndan Benfica\u2019da Avrupa sahnesine \u00e7\u0131kmas\u0131na, T\u00fcrk Mill\u00ee Tak\u0131m\u0131 formas\u0131 giymesinden sonunda Be\u015fikta\u015f\u2019a transferine kadar bir y\u0131ld\u0131z\u0131n ser\u00fcveni i\u015fte bu sayfalarda\u2026<\/p>\n","protected":false},"excerpt":{"rendered":"<p>Orkun K\u00f6k\u00e7\u00fc, Hollanda\u2019n\u0131n Rotterdam \u015fehrinde do\u011fdu ama kalbi hep T\u00fcrkiye\u2019ye aitti. Sokak aralar\u0131nda a\u011fabeyiyle saatlerce top oynayan bu sessiz ve hayalperest \u00e7ocuk, g\u00fcn\u00fcn birinde b\u00fcy\u00fck stadyumlara<span class=\"excerpt-hellip\"> [\u2026]<\/span><\/p>\n","protected":false},"featured_media":0,"template":"","meta":{"_monsterinsights_skip_tracking":false,"_monsterinsights_sitenote_active":false,"_monsterinsights_sitenote_note":"","_monsterinsights_sitenote_category":0},"product_brand":[],"product_cat":[15563,15564],"product_tag":[],"class_list":{"0":"post-776483","1":"product","2":"type-product","3":"status-publish","5":"product_cat-hobi","6":"product_cat-spor","7":"pa_cilt-ciltsiz","8":"pa_tur-kitap","9":"pa_yayinevi-peta-kitap","10":"pa_yazar-can-eren","12":"first","13":"instock","14":"sale","15":"shipping-taxable","16":"purchasable","17":"product-type-simple"},"_links":{"self":[{"href":"https:\/\/roveyayinevi.com.tr\/index.php\/wp-json\/wp\/v2\/product\/776483","targetHints":{"allow":["GET"]}}],"collection":[{"href":"https:\/\/roveyayinevi.com.tr\/index.php\/wp-json\/wp\/v2\/product"}],"about":[{"href":"https:\/\/roveyayinevi.com.tr\/index.php\/wp-json\/wp\/v2\/types\/product"}],"wp:attachment":[{"href":"https:\/\/roveyayinevi.com.tr\/index.php\/wp-json\/wp\/v2\/media?parent=776483"}],"wp:term":[{"taxonomy":"product_brand","embeddable":true,"href":"https:\/\/roveyayinevi.com.tr\/index.php\/wp-json\/wp\/v2\/product_brand?post=776483"},{"taxonomy":"product_cat","embeddable":true,"href":"https:\/\/roveyayinevi.com.tr\/index.php\/wp-json\/wp\/v2\/product_cat?post=776483"},{"taxonomy":"product_tag","embeddable":true,"href":"https:\/\/roveyayinevi.com.tr\/index.php\/wp-json\/wp\/v2\/product_tag?post=776483"}],"curies":[{"name":"wp","href":"https:\/\/api.w.org\/{rel}","templated":true}]}}