{"id":776482,"date":"2025-09-29T07:25:44","date_gmt":"2025-09-29T04:25:44","guid":{"rendered":"https:\/\/roveyayinevi.com.tr\/index.php\/urun\/ben-bir-kediyim-2\/"},"modified":"2026-04-15T03:42:26","modified_gmt":"2026-04-15T00:42:26","slug":"ben-bir-kediyim-2","status":"publish","type":"product","link":"https:\/\/roveyayinevi.com.tr\/index.php\/urun\/ben-bir-kediyim-2\/","title":{"rendered":"Ben Bir Kediyim"},"content":{"rendered":"<p>\u0130ll\u00fcstrat\u00f6r, yazar Galia Bernstein\u2019dan, bakmakla g\u00f6rmek aras\u0131ndaki ince fark\u0131, mizahi c\u00fcmleler ve dikkat \u00e7ekici g\u00f6rseller e\u015fli\u011finde anlatan e\u011flenceli bir kitap: Ben Bir Kediyim5 ya\u015f ve \u00fczeri minikleri, sevimli bir kendini ke\u015fif ser\u00fcvenine \u00e7\u0131karan bu resimli \u00f6yk\u00fc, k\u00fc\u00e7\u00fck okurlar\u0131 hem g\u00fcld\u00fcr\u00fcyor hem d\u00fc\u015f\u00fcnd\u00fcr\u00fcyor.\u00c7itadan pumaya kedigiller familyas\u0131n\u0131n b\u00fct\u00fcn \u00fcyelerini tan\u0131tan Ben Bir Kediyim, farkl\u0131 \u00f6zelliklere sahip olman\u0131n g\u00fczelli\u011fini vurguluyor.Simon sevimli bir ev kedisidir. Bir g\u00fcn, kedigiller ailesinin di\u011fer fertleriyle kar\u015f\u0131la\u015ft\u0131\u011f\u0131nda, kendisinin de onlar gibi bir kedi oldu\u011funu iddia eder ve ortal\u0131k kar\u0131\u015f\u0131r. Ailenin b\u00fct\u00fcn b\u00fcy\u00fck \u00fcyeleri tek bir a\u011f\u0131zdan kahkahay\u0131 basar! K\u00fc\u00e7\u00fck Simon\u2019un ne aslan gibi yeleleri vard\u0131r, ne de \u00e7ita gibi h\u0131zl\u0131d\u0131r. Puma gibi sert ya da kaplan gibi turuncu da de\u011fildir. Oysa Simon t\u00fcm bunlara ra\u011fmen bir kedidir ve bunu di\u011ferlerine kan\u0131tlamal\u0131d\u0131r\u2026Orman\u0131n kral\u0131ndan evin ufakl\u0131\u011f\u0131na her boydan kediyi sayfalar\u0131na ta\u015f\u0131yan Ben Bir Kediyim, \u201cfarkl\u0131y\u0131z ama asl\u0131nda ayn\u0131y\u0131z\u201d ilkesini \u00f6n plana \u00e7\u0131karan sevimli \u00f6yk\u00fcs\u00fcyle \u00e7a\u011fda\u015f bir resimli kitap klasi\u011fi olmaya aday.\u201cSimon, di\u011fer herkesten k\u00fc\u00e7\u00fck de olsa bir kedi oldu\u011funu herkese kan\u0131tl\u0131yor. Mizahi c\u00fcmleleri ve Simon\u2019\u0131n bak\u0131\u015f a\u00e7\u0131s\u0131ndan yans\u0131t\u0131lan g\u00f6rselleriyle Ben Bir Kediyim, e\u011flenceli ve \u00f6\u011fretici bir kitap.\u201d- Booklist<\/p>\n","protected":false},"excerpt":{"rendered":"<p>\u0130ll\u00fcstrat\u00f6r, yazar Galia Bernstein\u2019dan, bakmakla g\u00f6rmek aras\u0131ndaki ince fark\u0131, mizahi c\u00fcmleler ve dikkat \u00e7ekici g\u00f6rseller e\u015fli\u011finde anlatan e\u011flenceli bir kitap: Ben Bir Kediyim5 ya\u015f ve \u00fczeri<span class=\"excerpt-hellip\"> [\u2026]<\/span><\/p>\n","protected":false},"featured_media":0,"template":"","meta":{"_monsterinsights_skip_tracking":false,"_monsterinsights_sitenote_active":false,"_monsterinsights_sitenote_note":"","_monsterinsights_sitenote_category":0},"product_brand":[],"product_cat":[12274,12284],"product_tag":[],"class_list":{"0":"post-776482","1":"product","2":"type-product","3":"status-publish","5":"product_cat-cocuk-ve-genclik-kitaplari","6":"product_cat-hikayeler","7":"pa_cilt-ciltsiz","8":"pa_tur-kitap","9":"pa_yayinevi-ucanbalik-yayincilik","10":"pa_yazar-galia-bernstein","12":"first","13":"instock","14":"sale","15":"shipping-taxable","16":"purchasable","17":"product-type-simple"},"_links":{"self":[{"href":"https:\/\/roveyayinevi.com.tr\/index.php\/wp-json\/wp\/v2\/product\/776482","targetHints":{"allow":["GET"]}}],"collection":[{"href":"https:\/\/roveyayinevi.com.tr\/index.php\/wp-json\/wp\/v2\/product"}],"about":[{"href":"https:\/\/roveyayinevi.com.tr\/index.php\/wp-json\/wp\/v2\/types\/product"}],"wp:attachment":[{"href":"https:\/\/roveyayinevi.com.tr\/index.php\/wp-json\/wp\/v2\/media?parent=776482"}],"wp:term":[{"taxonomy":"product_brand","embeddable":true,"href":"https:\/\/roveyayinevi.com.tr\/index.php\/wp-json\/wp\/v2\/product_brand?post=776482"},{"taxonomy":"product_cat","embeddable":true,"href":"https:\/\/roveyayinevi.com.tr\/index.php\/wp-json\/wp\/v2\/product_cat?post=776482"},{"taxonomy":"product_tag","embeddable":true,"href":"https:\/\/roveyayinevi.com.tr\/index.php\/wp-json\/wp\/v2\/product_tag?post=776482"}],"curies":[{"name":"wp","href":"https:\/\/api.w.org\/{rel}","templated":true}]}}