{"id":776480,"date":"2025-09-29T07:25:22","date_gmt":"2025-09-29T04:25:22","guid":{"rendered":"https:\/\/roveyayinevi.com.tr\/index.php\/urun\/brokolinin-buyuk-gunu\/"},"modified":"2026-04-15T03:41:46","modified_gmt":"2026-04-15T00:41:46","slug":"brokolinin-buyuk-gunu","status":"publish","type":"product","link":"https:\/\/roveyayinevi.com.tr\/index.php\/urun\/brokolinin-buyuk-gunu\/","title":{"rendered":"Brokoli&#8217;nin B\u00fcy\u00fck G\u00fcn\u00fc"},"content":{"rendered":"<p>T\u00dcM SEBZELER\u0130N D\u0130KKAT\u0130NE! Vakit geldi\u2026 Y\u0131l\u0131n En \u0130yi Sebzesi\u2019ni se\u00e7me zaman\u0131! Kar\u015f\u0131n\u0131zda duru\u015fu olan bir patates ve muhte\u015fem sa\u00e7lar\u0131 olan bir havu\u00e7! Ah, bir de Brokoli\u2026 Fazlas\u0131yla al\u0131\u015f\u0131ld\u0131k, fazlas\u0131yla s\u0131radan Brokoli. Yoksa de\u011fil mi? Dostluk, al\u00e7akg\u00f6n\u00fcll\u00fcl\u00fck ve sebzelerle ilgili bu harika hik\u00e2ye, her birimizin ne kadar \u00f6zel oldu\u011funu e\u011flenceli bir anlat\u0131mla ustaca hat\u0131rlat\u0131yor.<\/p>\n","protected":false},"excerpt":{"rendered":"<p>T\u00dcM SEBZELER\u0130N D\u0130KKAT\u0130NE! Vakit geldi\u2026 Y\u0131l\u0131n En \u0130yi Sebzesi\u2019ni se\u00e7me zaman\u0131! Kar\u015f\u0131n\u0131zda duru\u015fu olan bir patates ve muhte\u015fem sa\u00e7lar\u0131 olan bir havu\u00e7! Ah, bir de Brokoli\u2026<span class=\"excerpt-hellip\"> [\u2026]<\/span><\/p>\n","protected":false},"featured_media":0,"template":"","meta":{"_monsterinsights_skip_tracking":false,"_monsterinsights_sitenote_active":false,"_monsterinsights_sitenote_note":"","_monsterinsights_sitenote_category":0},"product_brand":[],"product_cat":[12274,12523],"product_tag":[],"class_list":{"0":"post-776480","1":"product","2":"type-product","3":"status-publish","5":"product_cat-cocuk-ve-genclik-kitaplari","6":"product_cat-masallar","7":"pa_cilt-ciltsiz","8":"pa_tur-kitap","9":"pa_yayinevi-hep-kitap","10":"pa_yazar-mike-henson","12":"first","13":"instock","14":"sale","15":"shipping-taxable","16":"purchasable","17":"product-type-simple"},"_links":{"self":[{"href":"https:\/\/roveyayinevi.com.tr\/index.php\/wp-json\/wp\/v2\/product\/776480","targetHints":{"allow":["GET"]}}],"collection":[{"href":"https:\/\/roveyayinevi.com.tr\/index.php\/wp-json\/wp\/v2\/product"}],"about":[{"href":"https:\/\/roveyayinevi.com.tr\/index.php\/wp-json\/wp\/v2\/types\/product"}],"wp:attachment":[{"href":"https:\/\/roveyayinevi.com.tr\/index.php\/wp-json\/wp\/v2\/media?parent=776480"}],"wp:term":[{"taxonomy":"product_brand","embeddable":true,"href":"https:\/\/roveyayinevi.com.tr\/index.php\/wp-json\/wp\/v2\/product_brand?post=776480"},{"taxonomy":"product_cat","embeddable":true,"href":"https:\/\/roveyayinevi.com.tr\/index.php\/wp-json\/wp\/v2\/product_cat?post=776480"},{"taxonomy":"product_tag","embeddable":true,"href":"https:\/\/roveyayinevi.com.tr\/index.php\/wp-json\/wp\/v2\/product_tag?post=776480"}],"curies":[{"name":"wp","href":"https:\/\/api.w.org\/{rel}","templated":true}]}}