{"id":776475,"date":"2025-09-29T07:03:26","date_gmt":"2025-09-29T04:03:26","guid":{"rendered":"https:\/\/roveyayinevi.com.tr\/index.php\/urun\/yoneylem-arastirmasinin-temelleri\/"},"modified":"2026-04-15T03:37:42","modified_gmt":"2026-04-15T00:37:42","slug":"yoneylem-arastirmasinin-temelleri","status":"publish","type":"product","link":"https:\/\/roveyayinevi.com.tr\/index.php\/urun\/yoneylem-arastirmasinin-temelleri\/","title":{"rendered":"Y\u00f6neylem Ara\u015ft\u0131rmas\u0131n\u0131n Temelleri"},"content":{"rendered":"<p>B\u00d6L\u00dcM I VEKT\u00d6RLER   B\u00d6L\u00dcM II MATR\u0130SLER   B\u00d6L\u00dcM III DO\u011eRUSAL DENKLEM S\u0130STEMLER\u0130   B\u00d6L\u00dcM IV DO\u011eRUSAL PROGRAMLAMA   B\u00d6L\u00dcM V DUAL\u0130TE   B\u00d6L\u00dcM VI ULA\u015eTIRMA VE ATAMA MODELLER\u0130 <\/p>\n","protected":false},"excerpt":{"rendered":"<p>B\u00d6L\u00dcM I VEKT\u00d6RLER B\u00d6L\u00dcM II MATR\u0130SLER B\u00d6L\u00dcM III DO\u011eRUSAL DENKLEM S\u0130STEMLER\u0130 B\u00d6L\u00dcM IV DO\u011eRUSAL PROGRAMLAMA B\u00d6L\u00dcM V DUAL\u0130TE B\u00d6L\u00dcM VI ULA\u015eTIRMA VE ATAMA MODELLER\u0130<\/p>\n","protected":false},"featured_media":0,"template":"","meta":{"_monsterinsights_skip_tracking":false,"_monsterinsights_sitenote_active":false,"_monsterinsights_sitenote_note":"","_monsterinsights_sitenote_category":0},"product_brand":[],"product_cat":[14841,13043],"product_tag":[],"class_list":{"0":"post-776475","1":"product","2":"type-product","3":"status-publish","5":"product_cat-arastirma-inceleme-kuram","6":"product_cat-ekonomi","7":"pa_cilt-ciltsiz","8":"pa_tur-kitap","9":"pa_yayinevi-gazi-kitabevi","10":"pa_yazar-gokhan-yilmaz-kenan-oguzhan-oruc","12":"first","13":"instock","14":"sale","15":"shipping-taxable","16":"purchasable","17":"product-type-simple"},"_links":{"self":[{"href":"https:\/\/roveyayinevi.com.tr\/index.php\/wp-json\/wp\/v2\/product\/776475","targetHints":{"allow":["GET"]}}],"collection":[{"href":"https:\/\/roveyayinevi.com.tr\/index.php\/wp-json\/wp\/v2\/product"}],"about":[{"href":"https:\/\/roveyayinevi.com.tr\/index.php\/wp-json\/wp\/v2\/types\/product"}],"wp:attachment":[{"href":"https:\/\/roveyayinevi.com.tr\/index.php\/wp-json\/wp\/v2\/media?parent=776475"}],"wp:term":[{"taxonomy":"product_brand","embeddable":true,"href":"https:\/\/roveyayinevi.com.tr\/index.php\/wp-json\/wp\/v2\/product_brand?post=776475"},{"taxonomy":"product_cat","embeddable":true,"href":"https:\/\/roveyayinevi.com.tr\/index.php\/wp-json\/wp\/v2\/product_cat?post=776475"},{"taxonomy":"product_tag","embeddable":true,"href":"https:\/\/roveyayinevi.com.tr\/index.php\/wp-json\/wp\/v2\/product_tag?post=776475"}],"curies":[{"name":"wp","href":"https:\/\/api.w.org\/{rel}","templated":true}]}}