{"id":776472,"date":"2025-09-29T06:05:38","date_gmt":"2025-09-29T03:05:38","guid":{"rendered":"https:\/\/roveyayinevi.com.tr\/index.php\/urun\/isiktan-sakladigimiz-seyler\/"},"modified":"2026-04-15T03:27:42","modified_gmt":"2026-04-15T00:27:42","slug":"isiktan-sakladigimiz-seyler","status":"publish","type":"product","link":"https:\/\/roveyayinevi.com.tr\/index.php\/urun\/isiktan-sakladigimiz-seyler\/","title":{"rendered":"I\u015f\u0131ktan Saklad\u0131\u011f\u0131m\u0131z \u015eeyler"},"content":{"rendered":"<p>Kitap Tan\u0131t\u0131m Yaz\u0131s\u0131 :   NASH MORGAN, SAM\u0130M\u0130 TAVIRLARI VE \u0130\u00c7TENL\u0130\u011e\u0130YLE A\u0130LES\u0130NDEK\u0130 \u0130Y\u0130 KARDE\u015e SAYILIYORDU. POL\u0130S \u015eEF\u0130 OLARAK G\u00d6REV YAPTI\u011eI SIRADA U\u011eRADI\u011eI SALDIRIDAN SONRA T\u00dcM ZAMANINI KEND\u0130N\u0130 \u0130Y\u0130LE\u015eT\u0130RMEYE ADAMI\u015eTI.Yine de panik ataklar\u0131n ve bitmek bilmeyen k\u00e2buslar\u0131n pen\u00e7esinde kalm\u0131\u015f, bir zamanlar oldu\u011fu adam\u0131n g\u00f6lgesi haline gelmi\u015fti.   YA\u015eADI\u011eI T\u00dcM ZORLUKLARA RA\u011eMEN NASIL B\u0130R M\u00dcCADELE \u0130\u00c7\u0130NDE OLDU\u011eUNU HAYATINDAK\u0130 K\u0130MSEYE BELL\u0130 ETMEMEYE KARARLIYDI. Ancak hem ak\u0131ll\u0131 hem de seksi bir kad\u0131n olan yeni kap\u0131 kom\u015fusu Lina, onun i\u00e7indeki karanl\u0131\u011f\u0131 g\u00f6rm\u00fc\u015ft\u00fc.   NE YAZIK K\u0130, LINA\u2019NIN DA KEND\u0130NE A\u0130T SIRLARI VARDI VE NASH KASABADA OLMASININ GER\u00c7EK NEDEN\u0130N\u0130 \u00d6\u011eREN\u0130RSE ONU ASLA AFFETMEZD\u0130. AYRICA LINA ASLA B\u0130R \u0130L\u0130\u015eK\u0130 \u0130NSANI DE\u011e\u0130LD\u0130.   Bir kasaba polisiyle ate\u015fli ve k\u00fc\u00e7\u00fck bir ka\u00e7amak yapmay\u0131 hemen kabul edebilirdi. Fakat k\u00f6k salmak isteyen bir adamla ili\u015fki ya\u015famak\u2026 kesinlikle olmazd\u0131!   PE\u015e\u0130NDE OLDU\u011eU \u015eEY\u0130 ELDE ETT\u0130\u011e\u0130 ZAMAN BU KASABADA KALMAK G\u0130B\u0130 B\u0130R PLANI YOKTU. Ama Nash sevdi\u011fi kad\u0131n\u0131n gitmesine engel olmaya karar verdi\u011finde hi\u00e7bir \u015fey onu bundan vazge\u00e7iremeyecekti.   \u00d6L\u00dcMLE TEKRAR Y\u00dcZLE\u015eMEK ZORUNDA KALACA\u011eI B\u0130R TEHL\u0130KEYLE KAR\u015eI KAR\u015eIYA GELSE B\u0130LE\u2026 <\/p>\n","protected":false},"excerpt":{"rendered":"<p>Kitap Tan\u0131t\u0131m Yaz\u0131s\u0131 : NASH MORGAN, SAM\u0130M\u0130 TAVIRLARI VE \u0130\u00c7TENL\u0130\u011e\u0130YLE A\u0130LES\u0130NDEK\u0130 \u0130Y\u0130 KARDE\u015e SAYILIYORDU. POL\u0130S \u015eEF\u0130 OLARAK G\u00d6REV YAPTI\u011eI SIRADA U\u011eRADI\u011eI SALDIRIDAN SONRA T\u00dcM ZAMANINI KEND\u0130N\u0130<span class=\"excerpt-hellip\"> [\u2026]<\/span><\/p>\n","protected":false},"featured_media":0,"template":"","meta":{"_monsterinsights_skip_tracking":false,"_monsterinsights_sitenote_active":false,"_monsterinsights_sitenote_note":"","_monsterinsights_sitenote_category":0},"product_brand":[],"product_cat":[12291,12711],"product_tag":[],"class_list":{"0":"post-776472","1":"product","2":"type-product","3":"status-publish","5":"product_cat-edebiyat","6":"product_cat-roman-oyku","7":"pa_cilt-ciltsiz","8":"pa_tur-kitap","9":"pa_yayinevi-marti-yayinlari","10":"pa_yazar-lucy-score","12":"first","13":"instock","14":"sale","15":"shipping-taxable","16":"purchasable","17":"product-type-simple"},"_links":{"self":[{"href":"https:\/\/roveyayinevi.com.tr\/index.php\/wp-json\/wp\/v2\/product\/776472","targetHints":{"allow":["GET"]}}],"collection":[{"href":"https:\/\/roveyayinevi.com.tr\/index.php\/wp-json\/wp\/v2\/product"}],"about":[{"href":"https:\/\/roveyayinevi.com.tr\/index.php\/wp-json\/wp\/v2\/types\/product"}],"wp:attachment":[{"href":"https:\/\/roveyayinevi.com.tr\/index.php\/wp-json\/wp\/v2\/media?parent=776472"}],"wp:term":[{"taxonomy":"product_brand","embeddable":true,"href":"https:\/\/roveyayinevi.com.tr\/index.php\/wp-json\/wp\/v2\/product_brand?post=776472"},{"taxonomy":"product_cat","embeddable":true,"href":"https:\/\/roveyayinevi.com.tr\/index.php\/wp-json\/wp\/v2\/product_cat?post=776472"},{"taxonomy":"product_tag","embeddable":true,"href":"https:\/\/roveyayinevi.com.tr\/index.php\/wp-json\/wp\/v2\/product_tag?post=776472"}],"curies":[{"name":"wp","href":"https:\/\/api.w.org\/{rel}","templated":true}]}}