{"id":776470,"date":"2025-09-29T05:55:30","date_gmt":"2025-09-29T02:55:30","guid":{"rendered":"https:\/\/roveyayinevi.com.tr\/index.php\/urun\/dokunulmus-hayatlar\/"},"modified":"2026-04-16T03:14:49","modified_gmt":"2026-04-16T00:14:49","slug":"dokunulmus-hayatlar","status":"publish","type":"product","link":"https:\/\/roveyayinevi.com.tr\/index.php\/urun\/dokunulmus-hayatlar\/","title":{"rendered":"Dokunulmu\u015f Hayatlar"},"content":{"rendered":"<p>Hayat, silgi kullanmadan resim \u00e7izme sanat\u0131\u2026 Onu e\u011flenceli k\u0131lan ise ba\u015fkalar\u0131n\u0131n yapamazs\u0131n dediklerini hayata ge\u00e7irmeye gayret etmek. Otuz y\u0131l\u0131 a\u015fk\u0131n s\u00fcredir Parkinson ve hareket bozukluklar\u0131 ile m\u00fccadele eden hastalar\u0131n ya\u015famlar\u0131na \u201cbeyin pili ameliyat\u0131\u201d y\u00f6ntemiyle dokunabilmeyi, onlar\u0131n \u201chastal\u0131k saatini geri alabilmeyi\u201d hedefleyerek kendi resmini \u00e7izmeye \u00e7al\u0131\u015fan, bu s\u00fcre\u00e7te birik-tirdiklerini de kelimelere d\u00f6kmeye sevdalanan bir beyin cerrah\u0131n\u0131n \u00f6yk\u00fcs\u00fc bu kitap\u2026 Uzmanl\u0131k alan\u0131 olan Fonksiyonel Beyin Cerrahisi alan\u0131nda 35 y\u0131l\u0131 a\u015fk\u0131n klinik ve cerrahi deney-imi, ba\u015far\u0131yla ger\u00e7ekle\u015ftirdi\u011fi 1.400\u2019den fazlas\u0131 beyin pili ameliyat\u0131 olmak \u00fczere 1.900\u2019\u00fc a\u015fk\u0131n cerrahi giri\u015fimi uygulayarak \u00fclkemizde ve yak\u0131n co\u011frafyam\u0131zda Parkinson ve hareket bozukluklar\u0131 cerrahisi deyince akla ilk gelen isimlerden biri oldu. Geride kalan uzun y\u0131llar boyunca \u00e7o\u011fu insan, olay, beklenmedik s\u00fcrprizler hayat\u0131na dokunup onu \u201cAli Z\u0131rh\u201d yaparken, bu yolculuk ameliyat etti\u011fi binlerce hasta ve hasta yak\u0131n\u0131yla ona ba\u015fkalar\u0131n\u0131n hayat\u0131na dokunma f\u0131rsat\u0131n\u0131 bah\u015fetti.Bu kitap \u201cdokunulmu\u015f hayatlar\u201d\u0131n \u00f6yk\u00fcs\u00fcn\u00fc i\u00e7eriyor\u2026  \u201cHayat bu, bir bakars\u0131n her \u015fey bir anda son bulur. Hayat bu, son dedi\u011fin anda her \u015fey yeniden can bulur&#8230;\u201d <\/p>\n","protected":false},"excerpt":{"rendered":"<p>Hayat, silgi kullanmadan resim \u00e7izme sanat\u0131\u2026 Onu e\u011flenceli k\u0131lan ise ba\u015fkalar\u0131n\u0131n yapamazs\u0131n dediklerini hayata ge\u00e7irmeye gayret etmek. Otuz y\u0131l\u0131 a\u015fk\u0131n s\u00fcredir Parkinson ve hareket bozukluklar\u0131 ile<span class=\"excerpt-hellip\"> [\u2026]<\/span><\/p>\n","protected":false},"featured_media":0,"template":"","meta":{"_monsterinsights_skip_tracking":false,"_monsterinsights_sitenote_active":false,"_monsterinsights_sitenote_note":"","_monsterinsights_sitenote_category":0},"product_brand":[],"product_cat":[12291,18202],"product_tag":[],"class_list":{"0":"post-776470","1":"product","2":"type-product","3":"status-publish","5":"product_cat-edebiyat","6":"product_cat-hikaye","7":"pa_cilt-ciltsiz","8":"pa_tur-kitap","9":"pa_yayinevi-md-basim","10":"pa_yazar-ali-zirh","12":"first","13":"instock","14":"sale","15":"shipping-taxable","16":"purchasable","17":"product-type-simple"},"_links":{"self":[{"href":"https:\/\/roveyayinevi.com.tr\/index.php\/wp-json\/wp\/v2\/product\/776470","targetHints":{"allow":["GET"]}}],"collection":[{"href":"https:\/\/roveyayinevi.com.tr\/index.php\/wp-json\/wp\/v2\/product"}],"about":[{"href":"https:\/\/roveyayinevi.com.tr\/index.php\/wp-json\/wp\/v2\/types\/product"}],"wp:attachment":[{"href":"https:\/\/roveyayinevi.com.tr\/index.php\/wp-json\/wp\/v2\/media?parent=776470"}],"wp:term":[{"taxonomy":"product_brand","embeddable":true,"href":"https:\/\/roveyayinevi.com.tr\/index.php\/wp-json\/wp\/v2\/product_brand?post=776470"},{"taxonomy":"product_cat","embeddable":true,"href":"https:\/\/roveyayinevi.com.tr\/index.php\/wp-json\/wp\/v2\/product_cat?post=776470"},{"taxonomy":"product_tag","embeddable":true,"href":"https:\/\/roveyayinevi.com.tr\/index.php\/wp-json\/wp\/v2\/product_tag?post=776470"}],"curies":[{"name":"wp","href":"https:\/\/api.w.org\/{rel}","templated":true}]}}