{"id":776469,"date":"2025-09-29T05:52:17","date_gmt":"2025-09-29T02:52:17","guid":{"rendered":"https:\/\/roveyayinevi.com.tr\/index.php\/urun\/sonra\/"},"modified":"2026-04-16T03:13:35","modified_gmt":"2026-04-16T00:13:35","slug":"sonra","status":"publish","type":"product","link":"https:\/\/roveyayinevi.com.tr\/index.php\/urun\/sonra\/","title":{"rendered":"\u2026Sonra"},"content":{"rendered":"<p>Libby Moore k\u00fc\u00e7\u00fck bir \u00e7ocukken cinsel istismara u\u011frad\u0131. Ne yaz\u0131k ki onun ya\u015fad\u0131klar\u0131 s\u0131ra d\u0131\u015f\u0131 de\u011fil. Pek \u00e7ok savunmas\u0131z \u00e7ocuk kendisini benzer y\u0131k\u0131c\u0131 durumlar\u0131n i\u00e7inde bulabiliyor. \u2026Sonra travman\u0131n bizi nas\u0131l etkileyip \u015fekillendirdi\u011finin alt\u0131n\u0131 \u00e7iziyor ve \u00f6z-\u015fefkat yoluyla hayat\u0131 kucaklay\u0131p yeniden ya\u015famaya ba\u015flamay\u0131 nas\u0131l \u00f6\u011frenebilece\u011fimizi a\u00e7\u0131kl\u0131yor. Psikolog G\u00fcne\u015f Turhan\u2019\u0131n \u00e7eviri ve \u00f6ns\u00f6z\u00fcyle haz\u0131rlanm\u0131\u015ft\u0131r. <\/p>\n","protected":false},"excerpt":{"rendered":"<p>Libby Moore k\u00fc\u00e7\u00fck bir \u00e7ocukken cinsel istismara u\u011frad\u0131. Ne yaz\u0131k ki onun ya\u015fad\u0131klar\u0131 s\u0131ra d\u0131\u015f\u0131 de\u011fil. Pek \u00e7ok savunmas\u0131z \u00e7ocuk kendisini benzer y\u0131k\u0131c\u0131 durumlar\u0131n i\u00e7inde bulabiliyor.<span class=\"excerpt-hellip\"> [\u2026]<\/span><\/p>\n","protected":false},"featured_media":0,"template":"","meta":{"_monsterinsights_skip_tracking":false,"_monsterinsights_sitenote_active":false,"_monsterinsights_sitenote_note":"","_monsterinsights_sitenote_category":0},"product_brand":[],"product_cat":[12364,12376],"product_tag":[],"class_list":{"0":"post-776469","1":"product","2":"type-product","3":"status-publish","5":"product_cat-genel-konular","6":"product_cat-kisisel-gelisim","7":"pa_cilt-ciltsiz","8":"pa_tur-kitap","9":"pa_yayinevi-marti-yayinlari","10":"pa_yazar-libby-moore","12":"first","13":"instock","14":"sale","15":"shipping-taxable","16":"purchasable","17":"product-type-simple"},"_links":{"self":[{"href":"https:\/\/roveyayinevi.com.tr\/index.php\/wp-json\/wp\/v2\/product\/776469","targetHints":{"allow":["GET"]}}],"collection":[{"href":"https:\/\/roveyayinevi.com.tr\/index.php\/wp-json\/wp\/v2\/product"}],"about":[{"href":"https:\/\/roveyayinevi.com.tr\/index.php\/wp-json\/wp\/v2\/types\/product"}],"wp:attachment":[{"href":"https:\/\/roveyayinevi.com.tr\/index.php\/wp-json\/wp\/v2\/media?parent=776469"}],"wp:term":[{"taxonomy":"product_brand","embeddable":true,"href":"https:\/\/roveyayinevi.com.tr\/index.php\/wp-json\/wp\/v2\/product_brand?post=776469"},{"taxonomy":"product_cat","embeddable":true,"href":"https:\/\/roveyayinevi.com.tr\/index.php\/wp-json\/wp\/v2\/product_cat?post=776469"},{"taxonomy":"product_tag","embeddable":true,"href":"https:\/\/roveyayinevi.com.tr\/index.php\/wp-json\/wp\/v2\/product_tag?post=776469"}],"curies":[{"name":"wp","href":"https:\/\/api.w.org\/{rel}","templated":true}]}}