{"id":776463,"date":"2025-09-29T04:37:35","date_gmt":"2025-09-29T01:37:35","guid":{"rendered":"https:\/\/roveyayinevi.com.tr\/index.php\/urun\/kuran-i-kerim-meali\/"},"modified":"2026-04-16T03:03:34","modified_gmt":"2026-04-16T00:03:34","slug":"kuran-i-kerim-meali","status":"publish","type":"product","link":"https:\/\/roveyayinevi.com.tr\/index.php\/urun\/kuran-i-kerim-meali\/","title":{"rendered":"Kur&#8217;an-\u0131 Kerim Meali"},"content":{"rendered":"<p>Elinizdeki bu T\u00fcrk\u00e7e metin, Kur\u2019an\u2019\u0131n geni\u015f ve derin manalar\u0131n\u0131n \u00f6z ve k\u0131sa bir mealidir. Kur\u2019an\u2019da anlat\u0131lan ilah\u00ee yasalar\u0131, vahiy mesajlar\u0131n\u0131 anlamak, hat\u0131rlamak ve onlara m\u00fctevaz\u0131 bir ayna olmak \u00fczere bir insan\u0131n s\u0131n\u0131rl\u0131 zihninden \u00f6r\u00fclen T\u00fcrk\u00e7e bir  anlat\u0131md\u0131r.   Mealin Kur\u2019an\u2019a g\u00f6re olan konumuna de\u011finmeden evvel Kur\u2019an\u2019\u0131n as\u0131l \u00f6z\u00fc olan vahiy hakk\u0131nda birka\u00e7 s\u00f6z s\u00f6ylemek istiyorum. Kur\u2019an\u2019\u0131n k\u0131sa bir tarifinden sonra (di\u011fer) meallerdeki hatalar ve bu mealimizde uygulad\u0131\u011f\u0131m\u0131z metot ve y\u00f6nteme de\u011finece\u011fim. <\/p>\n","protected":false},"excerpt":{"rendered":"<p>Elinizdeki bu T\u00fcrk\u00e7e metin, Kur\u2019an\u2019\u0131n geni\u015f ve derin manalar\u0131n\u0131n \u00f6z ve k\u0131sa bir mealidir. Kur\u2019an\u2019da anlat\u0131lan ilah\u00ee yasalar\u0131, vahiy mesajlar\u0131n\u0131 anlamak, hat\u0131rlamak ve onlara m\u00fctevaz\u0131 bir<span class=\"excerpt-hellip\"> [\u2026]<\/span><\/p>\n","protected":false},"featured_media":0,"template":"","meta":{"_monsterinsights_skip_tracking":false,"_monsterinsights_sitenote_active":false,"_monsterinsights_sitenote_note":"","_monsterinsights_sitenote_category":0},"product_brand":[],"product_cat":[12718,12719,45552],"product_tag":[],"class_list":{"0":"post-776463","1":"product","2":"type-product","3":"status-publish","5":"product_cat-din","6":"product_cat-islam","7":"product_cat-meal-tefsir-hadis","8":"pa_cilt-ciltsiz","9":"pa_tur-kitap","10":"pa_yayinevi-gulnar-yayinlari","11":"pa_yazar-bahaeddin-saglam","13":"first","14":"instock","15":"sale","16":"shipping-taxable","17":"purchasable","18":"product-type-simple"},"_links":{"self":[{"href":"https:\/\/roveyayinevi.com.tr\/index.php\/wp-json\/wp\/v2\/product\/776463","targetHints":{"allow":["GET"]}}],"collection":[{"href":"https:\/\/roveyayinevi.com.tr\/index.php\/wp-json\/wp\/v2\/product"}],"about":[{"href":"https:\/\/roveyayinevi.com.tr\/index.php\/wp-json\/wp\/v2\/types\/product"}],"wp:attachment":[{"href":"https:\/\/roveyayinevi.com.tr\/index.php\/wp-json\/wp\/v2\/media?parent=776463"}],"wp:term":[{"taxonomy":"product_brand","embeddable":true,"href":"https:\/\/roveyayinevi.com.tr\/index.php\/wp-json\/wp\/v2\/product_brand?post=776463"},{"taxonomy":"product_cat","embeddable":true,"href":"https:\/\/roveyayinevi.com.tr\/index.php\/wp-json\/wp\/v2\/product_cat?post=776463"},{"taxonomy":"product_tag","embeddable":true,"href":"https:\/\/roveyayinevi.com.tr\/index.php\/wp-json\/wp\/v2\/product_tag?post=776463"}],"curies":[{"name":"wp","href":"https:\/\/api.w.org\/{rel}","templated":true}]}}