{"id":776460,"date":"2025-09-29T04:31:55","date_gmt":"2025-09-29T01:31:55","guid":{"rendered":"https:\/\/roveyayinevi.com.tr\/index.php\/urun\/ben-de-basaracagim-21-yuzyil-seti\/"},"modified":"2026-04-16T03:03:00","modified_gmt":"2026-04-16T00:03:00","slug":"ben-de-basaracagim-21-yuzyil-seti","status":"publish","type":"product","link":"https:\/\/roveyayinevi.com.tr\/index.php\/urun\/ben-de-basaracagim-21-yuzyil-seti\/","title":{"rendered":"Ben de Ba\u015faraca\u011f\u0131m &#8211; 21 Y\u00fczy\u0131l Seti"},"content":{"rendered":"<p>Elektrikli arabay\u0131 \u00fcreten giri\u015fimcinin ba\u015far\u0131s\u0131 \u00d6mer\u2019i \u00e7ok etkilemi\u015ftir. Gelecekte ba\u015far\u0131l\u0131 bir birey olmay\u0131 hedefler. Kurdu\u011fu hayallerin pe\u015finden nas\u0131l ko\u015faca\u011f\u0131n\u0131 d\u00fc\u015f\u00fcnmeye ba\u015flar. \u0130yi bir fikri, hedefi, amac\u0131 ve hayalleri olmas\u0131 gerekti\u011fini anlar. D\u00fc\u015f\u00fcncelerini arkada\u015f\u0131 Simay\u2019la payla\u015f\u0131r. Birlikte beyin f\u0131rt\u0131nas\u0131 yaparlar. Ortak bir ama\u00e7 bulduklar\u0131nda el ele vererek hayallerinin pe\u015finden ko\u015fmaya ba\u015flarlar. Sonra ne mi olur? Birden her \u015fey de\u011fi\u015fir. Kendilerini muhte\u015fem bir ba\u015far\u0131 ser\u00fcveninin i\u00e7inde bulurlar. Bu ser\u00fcvene kat\u0131lmak isteyen \u00e7ocuklar kitab\u0131 ellerinden d\u00fc\u015f\u00fcrmeden, severek okuyacaklar. Bunu yaparken de kendi geleceklerini d\u00fc\u015f\u00fcnmeye ba\u015flayacak, yepyeni hayaller kuracaklar. Vizyonlar\u0131 geli\u015fecek, hayalleri giri\u015fim ve yenilik bilinciyle beslenecek. <\/p>\n","protected":false},"excerpt":{"rendered":"<p>Elektrikli arabay\u0131 \u00fcreten giri\u015fimcinin ba\u015far\u0131s\u0131 \u00d6mer\u2019i \u00e7ok etkilemi\u015ftir. Gelecekte ba\u015far\u0131l\u0131 bir birey olmay\u0131 hedefler. Kurdu\u011fu hayallerin pe\u015finden nas\u0131l ko\u015faca\u011f\u0131n\u0131 d\u00fc\u015f\u00fcnmeye ba\u015flar. \u0130yi bir fikri, hedefi, amac\u0131<span class=\"excerpt-hellip\"> [\u2026]<\/span><\/p>\n","protected":false},"featured_media":0,"template":"","meta":{"_monsterinsights_skip_tracking":false,"_monsterinsights_sitenote_active":false,"_monsterinsights_sitenote_note":"","_monsterinsights_sitenote_category":0},"product_brand":[],"product_cat":[12274,12284],"product_tag":[],"class_list":{"0":"post-776460","1":"product","2":"type-product","3":"status-publish","5":"product_cat-cocuk-ve-genclik-kitaplari","6":"product_cat-hikayeler","7":"pa_cilt-ciltsiz","8":"pa_tur-kitap","9":"pa_yayinevi-marti-cocuk-yayinlari","10":"pa_yazar-ozlem-aytek","12":"first","13":"instock","14":"sale","15":"shipping-taxable","16":"purchasable","17":"product-type-simple"},"_links":{"self":[{"href":"https:\/\/roveyayinevi.com.tr\/index.php\/wp-json\/wp\/v2\/product\/776460","targetHints":{"allow":["GET"]}}],"collection":[{"href":"https:\/\/roveyayinevi.com.tr\/index.php\/wp-json\/wp\/v2\/product"}],"about":[{"href":"https:\/\/roveyayinevi.com.tr\/index.php\/wp-json\/wp\/v2\/types\/product"}],"wp:attachment":[{"href":"https:\/\/roveyayinevi.com.tr\/index.php\/wp-json\/wp\/v2\/media?parent=776460"}],"wp:term":[{"taxonomy":"product_brand","embeddable":true,"href":"https:\/\/roveyayinevi.com.tr\/index.php\/wp-json\/wp\/v2\/product_brand?post=776460"},{"taxonomy":"product_cat","embeddable":true,"href":"https:\/\/roveyayinevi.com.tr\/index.php\/wp-json\/wp\/v2\/product_cat?post=776460"},{"taxonomy":"product_tag","embeddable":true,"href":"https:\/\/roveyayinevi.com.tr\/index.php\/wp-json\/wp\/v2\/product_tag?post=776460"}],"curies":[{"name":"wp","href":"https:\/\/api.w.org\/{rel}","templated":true}]}}