{"id":776457,"date":"2025-09-29T03:59:27","date_gmt":"2025-09-29T00:59:27","guid":{"rendered":"https:\/\/roveyayinevi.com.tr\/index.php\/urun\/iran-mutfagi-iran-yemek-tarifleri\/"},"modified":"2025-10-29T08:18:54","modified_gmt":"2025-10-29T05:18:54","slug":"iran-mutfagi-iran-yemek-tarifleri","status":"publish","type":"product","link":"https:\/\/roveyayinevi.com.tr\/index.php\/urun\/iran-mutfagi-iran-yemek-tarifleri\/","title":{"rendered":"\u0130ran Mutfa\u011f\u0131 &#8211; \u0130ran Yemek Tarifleri"},"content":{"rendered":"<p>1.B\u00d6L\u00dcM: KOTLET 2.B\u00d6L\u00dcM: TEH\u00c7\u0130N MORG\/MORGH 3.B\u00d6L\u00dcM: KUKU SEBZ\u0130 4.B\u00d6L\u00dcM: HORE\u015eT KEREFS (Bu yemek pilavla yenir.) 5.B\u00d6L\u00dcM: HORE\u015eT BADEMCUN (Bu yemek pilavla yenir.) 6.B\u00d6L\u00dcM: GORME SEBZ\u0130 (GHORME SEBZ\u0130) (Bu yemek pilavla yenir.) 7.B\u00d6L\u00dcM: \u00c2DES POLO 8.B\u00d6L\u00dcM: ABGU\u015eT 9.B\u00d6L\u00dcM: SALAD OLV\u0130YE 10.B\u00d6L\u00dcM: ZERE\u015eKPOLO 11.B\u00d6L\u00dcM: A\u015eE DUG\/DUGH 12.B\u00d6L\u00dcM: KUKU RE\u015eTE\u0130 13.B\u00d6L\u00dcM: SEBZ\u0130 POLO MAH\u0130 \u015eEKEMPOR 14.B\u00d6L\u00dcM: KEBAB BERG 15.B\u00d6L\u00dcM: A\u015eE RE\u015eTE 16.B\u00d6L\u00dcM: KEBAB KUB\u0130DE 17.B\u00d6L\u00dcM: KELLE PA\u00c7E 18.B\u00d6L\u00dcM: HORE\u015eTE FESENCUN (Bu yemek pilav ile servis edilir.) 19.B\u00d6L\u00dcM: M\u0130RZAGASEM\u0130 (M\u0130RZAGHASEM\u0130) 20.B\u00d6L\u00dcM: MORESSE POLO BA MORG\/MORGH <\/p>\n","protected":false},"excerpt":{"rendered":"<p>1.B\u00d6L\u00dcM: KOTLET 2.B\u00d6L\u00dcM: TEH\u00c7\u0130N MORG\/MORGH 3.B\u00d6L\u00dcM: KUKU SEBZ\u0130 4.B\u00d6L\u00dcM: HORE\u015eT KEREFS (Bu yemek pilavla yenir.) 5.B\u00d6L\u00dcM: HORE\u015eT BADEMCUN (Bu yemek pilavla yenir.) 6.B\u00d6L\u00dcM: GORME SEBZ\u0130 (GHORME<span class=\"excerpt-hellip\"> [\u2026]<\/span><\/p>\n","protected":false},"featured_media":0,"template":"","meta":{"_monsterinsights_skip_tracking":false,"_monsterinsights_sitenote_active":false,"_monsterinsights_sitenote_note":"","_monsterinsights_sitenote_category":0},"product_brand":[],"product_cat":[22706,12457],"product_tag":[],"class_list":{"0":"post-776457","1":"product","2":"type-product","3":"status-publish","5":"product_cat-dunya-mutfagi","6":"product_cat-yemek-kitaplari","7":"pa_cilt-ciltsiz","8":"pa_tur-kitap","9":"pa_yayinevi-perge-yayinlari","10":"pa_yazar-ahmad-jabbari","12":"first","13":"instock","14":"sale","15":"shipping-taxable","16":"purchasable","17":"product-type-simple"},"_links":{"self":[{"href":"https:\/\/roveyayinevi.com.tr\/index.php\/wp-json\/wp\/v2\/product\/776457","targetHints":{"allow":["GET"]}}],"collection":[{"href":"https:\/\/roveyayinevi.com.tr\/index.php\/wp-json\/wp\/v2\/product"}],"about":[{"href":"https:\/\/roveyayinevi.com.tr\/index.php\/wp-json\/wp\/v2\/types\/product"}],"wp:attachment":[{"href":"https:\/\/roveyayinevi.com.tr\/index.php\/wp-json\/wp\/v2\/media?parent=776457"}],"wp:term":[{"taxonomy":"product_brand","embeddable":true,"href":"https:\/\/roveyayinevi.com.tr\/index.php\/wp-json\/wp\/v2\/product_brand?post=776457"},{"taxonomy":"product_cat","embeddable":true,"href":"https:\/\/roveyayinevi.com.tr\/index.php\/wp-json\/wp\/v2\/product_cat?post=776457"},{"taxonomy":"product_tag","embeddable":true,"href":"https:\/\/roveyayinevi.com.tr\/index.php\/wp-json\/wp\/v2\/product_tag?post=776457"}],"curies":[{"name":"wp","href":"https:\/\/api.w.org\/{rel}","templated":true}]}}