{"id":776454,"date":"2025-09-29T03:13:28","date_gmt":"2025-09-29T00:13:28","guid":{"rendered":"https:\/\/roveyayinevi.com.tr\/index.php\/urun\/rusen-gunes-viyola-dustu-yola\/"},"modified":"2026-04-16T02:47:35","modified_gmt":"2026-04-15T23:47:35","slug":"rusen-gunes-viyola-dustu-yola","status":"publish","type":"product","link":"https:\/\/roveyayinevi.com.tr\/index.php\/urun\/rusen-gunes-viyola-dustu-yola\/","title":{"rendered":"Ru\u015fen G\u00fcne\u015f &#8211; Viyola D\u00fc\u015ft\u00fc Yola"},"content":{"rendered":"<p>Bu kitap, meslekta\u015flar\u0131 aras\u0131nda Ru\u015fen, gen\u00e7ler ve \u00f6\u011frenciler i\u00e7in Ru\u015fen a\u011fabey ya da Ru\u015fen hoca olarak bilinen bir m\u00fczik i\u015f\u00e7isinin, d\u00fcnyan\u0131n en tan\u0131nm\u0131\u015f topluluklar\u0131 ile bir orkestrac\u0131, oda m\u00fczik\u00e7i ve solist olarak bir lobi ve maddi destek menajerlik \u015firketi pazarlamas\u0131 \u00fcr\u00fcn\u00fc olmaks\u0131z\u0131n, hi\u00e7bir kendini satma \u00e7abas\u0131 i\u00e7ine girmeksizin, en do\u011fal ve d\u00fcr\u00fcst haliyle ya\u015fam\u0131n\u0131 m\u00fczik yapmaya adam\u0131\u015f Ru\u015fen G\u00fcne\u015f\u2019in elinde viyolas\u0131 ile yola d\u00fc\u015f\u00fc\u015f\u00fcn\u00fcn k\u0131sa hik\u00e2yesidir. Ku\u015fa\u011f\u0131n\u0131n en \u00f6nemli kemanc\u0131lar\u0131nda biri olarak kabul edilen Orhan Ah\u0131skal bug\u00fcne kadar bir solist ve oda m\u00fczik\u00e7i olarak d\u00f6rt k\u0131tada 400\u2019den fazla konser ve resital verdi. Toplumsal bir sorumluluk anlay\u0131\u015f\u0131 ile ba\u015flatt\u0131\u011f\u0131 ve sanatsal\/e\u011fitsel bir proje olan \u201cD\u00fc\u015ft\u00fcm Yola\u201d Projesi \u00e7er\u00e7evesinde T\u00fcrk bestecilerinin ender \u00e7al\u0131nan eserlerini seslendiren; yeni eserlerin yaz\u0131lmas\u0131n\u0131 bunlar\u0131 \u00e7alarak te\u015fvik eden Prof.Dr.M. Orhan Ah\u0131skal konser etkinliklerinin yan\u0131 s\u0131ra her ya\u015ftan ve d\u00fczeyden \u00f6\u011frencilerle yapt\u0131\u011f\u0131 at\u00f6lye\/ustal\u0131k \u00e7al\u0131\u015fmalar\u0131; ve \u00e7ok say\u0131da m\u00fczik ve tarih konulu sunumu ile toplumun her kesiminden insanlar\u0131m\u0131za ula\u015fmay\u0131 ama\u00e7lamaktad\u0131r.<\/p>\n","protected":false},"excerpt":{"rendered":"<p>Bu kitap, meslekta\u015flar\u0131 aras\u0131nda Ru\u015fen, gen\u00e7ler ve \u00f6\u011frenciler i\u00e7in Ru\u015fen a\u011fabey ya da Ru\u015fen hoca olarak bilinen bir m\u00fczik i\u015f\u00e7isinin, d\u00fcnyan\u0131n en tan\u0131nm\u0131\u015f topluluklar\u0131 ile bir<span class=\"excerpt-hellip\"> [\u2026]<\/span><\/p>\n","protected":false},"featured_media":0,"template":"","meta":{"_monsterinsights_skip_tracking":false,"_monsterinsights_sitenote_active":false,"_monsterinsights_sitenote_note":"","_monsterinsights_sitenote_category":0},"product_brand":[],"product_cat":[14556,40131],"product_tag":[],"class_list":{"0":"post-776454","1":"product","2":"type-product","3":"status-publish","5":"product_cat-muzik","6":"product_cat-sanatcilar","7":"pa_cilt-ciltsiz","8":"pa_tur-kitap","9":"pa_yayinevi-sevda-cenap-and-muzik-vakfi-yayinlari","10":"pa_yazar-orhan-ahiskal","12":"first","13":"instock","14":"sale","15":"shipping-taxable","16":"purchasable","17":"product-type-simple"},"_links":{"self":[{"href":"https:\/\/roveyayinevi.com.tr\/index.php\/wp-json\/wp\/v2\/product\/776454","targetHints":{"allow":["GET"]}}],"collection":[{"href":"https:\/\/roveyayinevi.com.tr\/index.php\/wp-json\/wp\/v2\/product"}],"about":[{"href":"https:\/\/roveyayinevi.com.tr\/index.php\/wp-json\/wp\/v2\/types\/product"}],"wp:attachment":[{"href":"https:\/\/roveyayinevi.com.tr\/index.php\/wp-json\/wp\/v2\/media?parent=776454"}],"wp:term":[{"taxonomy":"product_brand","embeddable":true,"href":"https:\/\/roveyayinevi.com.tr\/index.php\/wp-json\/wp\/v2\/product_brand?post=776454"},{"taxonomy":"product_cat","embeddable":true,"href":"https:\/\/roveyayinevi.com.tr\/index.php\/wp-json\/wp\/v2\/product_cat?post=776454"},{"taxonomy":"product_tag","embeddable":true,"href":"https:\/\/roveyayinevi.com.tr\/index.php\/wp-json\/wp\/v2\/product_tag?post=776454"}],"curies":[{"name":"wp","href":"https:\/\/api.w.org\/{rel}","templated":true}]}}