{"id":776443,"date":"2025-09-29T01:34:13","date_gmt":"2025-09-28T22:34:13","guid":{"rendered":"https:\/\/roveyayinevi.com.tr\/index.php\/urun\/benim-universiterim-beyaz-kapak\/"},"modified":"2026-04-16T02:31:01","modified_gmt":"2026-04-15T23:31:01","slug":"benim-universiterim-beyaz-kapak","status":"publish","type":"product","link":"https:\/\/roveyayinevi.com.tr\/index.php\/urun\/benim-universiterim-beyaz-kapak\/","title":{"rendered":"Benim \u00dcniversiterim (Beyaz Kapak)"},"content":{"rendered":"<p>Benim \u00dcniversitelerim\u2019de, Aleksey Pe\u015fkov, \u00fcniversitede okumak \u00fczere Kazan \u015fehrine gelir. Fakat zorluklarla ge\u00e7en hayat\u0131nda bu b\u00fcy\u00fck hayalini ger\u00e7ekle\u015ftirmesi kolay olmayacakt\u0131r. Bir yandan ekme\u011fini kazanmaya di\u011fer yandan e\u011fitimini s\u00fcrd\u00fcrmeye \u00e7al\u0131\u015fan gen\u00e7, Rusya\u2019da \u00e7arl\u0131k y\u00f6netiminin ve eskimi\u015f d\u00fcnya g\u00f6r\u00fc\u015f\u00fcn\u00fcn \u00e7alkant\u0131l\u0131 ortam\u0131nda b\u00fct\u00fcn hayat\u0131n bir \u00fcniversiteye d\u00f6n\u00fc\u015ft\u00fc\u011f\u00fcn\u00fc g\u00f6r\u00fcr.Kar\u015f\u0131s\u0131na benzersiz ki\u015filikleri olan, Rusya\u2019n\u0131n kaderini de\u011fi\u015ftirecek ki\u015filer \u00e7\u0131kacakt\u0131r. Rusya g\u00fcr\u00fcl g\u00fcr\u00fcl gelece\u011fini tart\u0131\u015fmaktad\u0131r.\u00c7ocuklu\u011fum ve \u0130nsanlar Aras\u0131nda\u2019n\u0131n ard\u0131ndan Benim \u00dcniversitelerim\u2019le birlikte, edebiyat tarihine e\u015fsiz bir ger\u00e7ek\u00e7ilik anlay\u0131\u015f\u0131 getiren Maksim Gorki\u2019nin kendi hayat\u0131ndan yola \u00e7\u0131karak yazd\u0131\u011f\u0131 \u00fc\u00e7leme tamamlanm\u0131\u015f olur.<\/p>\n","protected":false},"excerpt":{"rendered":"<p>Benim \u00dcniversitelerim\u2019de, Aleksey Pe\u015fkov, \u00fcniversitede okumak \u00fczere Kazan \u015fehrine gelir. Fakat zorluklarla ge\u00e7en hayat\u0131nda bu b\u00fcy\u00fck hayalini ger\u00e7ekle\u015ftirmesi kolay olmayacakt\u0131r. Bir yandan ekme\u011fini kazanmaya di\u011fer yandan<span class=\"excerpt-hellip\"> [\u2026]<\/span><\/p>\n","protected":false},"featured_media":0,"template":"","meta":{"_monsterinsights_skip_tracking":false,"_monsterinsights_sitenote_active":false,"_monsterinsights_sitenote_note":"","_monsterinsights_sitenote_category":0},"product_brand":[],"product_cat":[12291,13570],"product_tag":[],"class_list":{"0":"post-776443","1":"product","2":"type-product","3":"status-publish","5":"product_cat-edebiyat","6":"product_cat-rus-edebiyati","7":"pa_cilt-ciltsiz","8":"pa_tur-kitap","9":"pa_yayinevi-can-yayinlari","10":"pa_yazar-maksim-gorki","12":"first","13":"instock","14":"sale","15":"shipping-taxable","16":"purchasable","17":"product-type-simple"},"_links":{"self":[{"href":"https:\/\/roveyayinevi.com.tr\/index.php\/wp-json\/wp\/v2\/product\/776443","targetHints":{"allow":["GET"]}}],"collection":[{"href":"https:\/\/roveyayinevi.com.tr\/index.php\/wp-json\/wp\/v2\/product"}],"about":[{"href":"https:\/\/roveyayinevi.com.tr\/index.php\/wp-json\/wp\/v2\/types\/product"}],"wp:attachment":[{"href":"https:\/\/roveyayinevi.com.tr\/index.php\/wp-json\/wp\/v2\/media?parent=776443"}],"wp:term":[{"taxonomy":"product_brand","embeddable":true,"href":"https:\/\/roveyayinevi.com.tr\/index.php\/wp-json\/wp\/v2\/product_brand?post=776443"},{"taxonomy":"product_cat","embeddable":true,"href":"https:\/\/roveyayinevi.com.tr\/index.php\/wp-json\/wp\/v2\/product_cat?post=776443"},{"taxonomy":"product_tag","embeddable":true,"href":"https:\/\/roveyayinevi.com.tr\/index.php\/wp-json\/wp\/v2\/product_tag?post=776443"}],"curies":[{"name":"wp","href":"https:\/\/api.w.org\/{rel}","templated":true}]}}