{"id":776441,"date":"2025-09-29T01:17:53","date_gmt":"2025-09-28T22:17:53","guid":{"rendered":"https:\/\/roveyayinevi.com.tr\/index.php\/urun\/stephen-hawking\/"},"modified":"2026-04-16T02:28:43","modified_gmt":"2026-04-15T23:28:43","slug":"stephen-hawking","status":"publish","type":"product","link":"https:\/\/roveyayinevi.com.tr\/index.php\/urun\/stephen-hawking\/","title":{"rendered":"Stephen Hawking"},"content":{"rendered":"<p>Stephen Hawking ALS hastal\u0131\u011f\u0131yla nas\u0131l tan\u0131\u015ft\u0131? Hastal\u0131\u011f\u0131 hayat\u0131nda neleri de\u011fi\u015ftirdi? Peki ya akademik \u00e7al\u0131\u015fmalar\u0131na y\u00f6n verdi mi? Du\u0308nyaca u\u0308nlu\u0308 bir fizik\u00e7i olmas\u0131na ra\u011fmen Stephen Hawking\u2019in \u00e7al\u0131\u015fmalar\u0131, akademi du\u0308nyas\u0131n\u0131n d\u0131\u015f\u0131nda \u00e7ok az ki\u015fi taraf\u0131ndan ger\u00e7ekten anla\u015f\u0131lmaktad\u0131r. \u00c7u\u0308nku\u0308 kamuoyunda daha \u00e7ok tekerlekli sandalyede ve neredeyse tamamen fel\u00e7li bir fizik\u00e7i olarak u\u0308n yapm\u0131\u015ft\u0131r. Oysa Hawking\u2019in dehas\u0131, yirminci yu\u0308zy\u0131l\u0131n en \u00f6nemli iki teorisini; Einstein\u2019\u0131n genel izafiyet teorisiyle kuantum teorisini birle\u015ftirmesinde yatar. J. P. McEvoy ve Oscar Zarate bu kitapta, Hawking\u2019in \u00f6\u011frencilik gu\u0308nlerinden hastal\u0131\u011f\u0131yla mu\u0308cadelesine kadar herkes taraf\u0131ndan bilinen hik\u00e2yesinin yan\u0131 s\u0131ra, kara delikler ve evrenin ba\u015flang\u0131c\u0131 u\u0308zerine yapt\u0131\u011f\u0131 mu\u0308thi\u015f \u00e7al\u0131\u015fmalar\u0131 da anlat\u0131yor. Yu\u0308zy\u0131l\u0131n en \u00f6nemli ve en tan\u0131nm\u0131\u015f d\u00e2hilerinden birinin hayat\u0131na e\u011flenceli bir yolculuk, Stephen Hawking\u2019de sizi bekliyor. <\/p>\n","protected":false},"excerpt":{"rendered":"<p>Stephen Hawking ALS hastal\u0131\u011f\u0131yla nas\u0131l tan\u0131\u015ft\u0131? Hastal\u0131\u011f\u0131 hayat\u0131nda neleri de\u011fi\u015ftirdi? Peki ya akademik \u00e7al\u0131\u015fmalar\u0131na y\u00f6n verdi mi? Du\u0308nyaca u\u0308nlu\u0308 bir fizik\u00e7i olmas\u0131na ra\u011fmen Stephen Hawking\u2019in \u00e7al\u0131\u015fmalar\u0131,<span class=\"excerpt-hellip\"> [\u2026]<\/span><\/p>\n","protected":false},"featured_media":0,"template":"","meta":{"_monsterinsights_skip_tracking":false,"_monsterinsights_sitenote_active":false,"_monsterinsights_sitenote_note":"","_monsterinsights_sitenote_category":0},"product_brand":[],"product_cat":[13005,37328],"product_tag":[],"class_list":{"0":"post-776441","1":"product","2":"type-product","3":"status-publish","5":"product_cat-bilim-muhendislik","6":"product_cat-diger-bilim-muhendislik","7":"pa_cilt-ciltsiz","8":"pa_tur-kitap","9":"pa_yayinevi-say-yayinlari","10":"pa_yazar-j-p-mcevoy-oscar-zarate","12":"first","13":"instock","14":"sale","15":"shipping-taxable","16":"purchasable","17":"product-type-simple"},"_links":{"self":[{"href":"https:\/\/roveyayinevi.com.tr\/index.php\/wp-json\/wp\/v2\/product\/776441","targetHints":{"allow":["GET"]}}],"collection":[{"href":"https:\/\/roveyayinevi.com.tr\/index.php\/wp-json\/wp\/v2\/product"}],"about":[{"href":"https:\/\/roveyayinevi.com.tr\/index.php\/wp-json\/wp\/v2\/types\/product"}],"wp:attachment":[{"href":"https:\/\/roveyayinevi.com.tr\/index.php\/wp-json\/wp\/v2\/media?parent=776441"}],"wp:term":[{"taxonomy":"product_brand","embeddable":true,"href":"https:\/\/roveyayinevi.com.tr\/index.php\/wp-json\/wp\/v2\/product_brand?post=776441"},{"taxonomy":"product_cat","embeddable":true,"href":"https:\/\/roveyayinevi.com.tr\/index.php\/wp-json\/wp\/v2\/product_cat?post=776441"},{"taxonomy":"product_tag","embeddable":true,"href":"https:\/\/roveyayinevi.com.tr\/index.php\/wp-json\/wp\/v2\/product_tag?post=776441"}],"curies":[{"name":"wp","href":"https:\/\/api.w.org\/{rel}","templated":true}]}}