{"id":776440,"date":"2025-09-29T01:03:21","date_gmt":"2025-09-28T22:03:21","guid":{"rendered":"https:\/\/roveyayinevi.com.tr\/index.php\/urun\/benim-otizmli-arkadasim\/"},"modified":"2026-04-16T02:26:46","modified_gmt":"2026-04-15T23:26:46","slug":"benim-otizmli-arkadasim","status":"publish","type":"product","link":"https:\/\/roveyayinevi.com.tr\/index.php\/urun\/benim-otizmli-arkadasim\/","title":{"rendered":"Benim Otizmli Arkada\u015f\u0131m"},"content":{"rendered":"<p>Can ve Tibet \u00e7ok iyi arkada\u015flar. Onlar\u0131n \u00e7ok fazla benzer y\u00f6n\u00fc var. Fakat farkl\u0131 y\u00f6nleri de var \u00e7\u00fcnk\u00fc Can bir otizmli.Sue Adams\u2019\u0131n hik\u00e2yesi, otizm dolay\u0131s\u0131yla ya\u015fanabilecek baz\u0131 farkl\u0131l\u0131klar\u0131 a\u00e7\u0131klamaya yard\u0131mc\u0131 oluyor. Otizmli di\u011fer \u00e7ocuklar\u0131n baz\u0131 duyular\u0131 daha zay\u0131fken bir otizmli bilgileri nas\u0131l i\u015fler, farkl\u0131 ihtiya\u00e7lar\u0131 ve istekleri nelerdir? Baz\u0131 duyular\u0131 zaman zaman \u201cnas\u0131l\u201d bu kadar g\u00fc\u00e7l\u00fc olabilir? Bu kitap, otizmli \u00e7ocuklar hakk\u0131ndaki bir\u00e7ok konuya a\u00e7\u0131kl\u0131k getiriyor.\u00c7ocuklar\u0131n otizmli arkada\u015flar\u0131 ile birlikte olmalar\u0131 ve onlar\u0131 anlamalar\u0131 i\u00e7in bu kitab\u0131 rehber gibi kullanabilirsiniz. Bu kitap, \u00f6zellikle \u00f6\u011frenme g\u00fc\u00e7l\u00fc\u011f\u00fc olan \u00e7ocuklara ve belki de karde\u015flerine ya da arkada\u015flar\u0131na verilmeli \u00e7\u00fcnk\u00fc \u00e7ocu\u011funuzun davran\u0131\u015flar\u0131, onlar\u0131n ya\u015famdaki yolculuklar\u0131n\u0131n kalitesini belirleyecektir.Empati yetene\u011fi g\u00fc\u00e7l\u00fc ve \u00e7evresine duyarl\u0131 bir \u00e7ocuk yeti\u015ftirmek istiyorsan\u0131z bu kitab\u0131 ba\u015fucunuzdan ay\u0131rmay\u0131n!<\/p>\n","protected":false},"excerpt":{"rendered":"<p>Can ve Tibet \u00e7ok iyi arkada\u015flar. Onlar\u0131n \u00e7ok fazla benzer y\u00f6n\u00fc var. Fakat farkl\u0131 y\u00f6nleri de var \u00e7\u00fcnk\u00fc Can bir otizmli.Sue Adams\u2019\u0131n hik\u00e2yesi, otizm dolay\u0131s\u0131yla ya\u015fanabilecek<span class=\"excerpt-hellip\"> [\u2026]<\/span><\/p>\n","protected":false},"featured_media":0,"template":"","meta":{"_monsterinsights_skip_tracking":false,"_monsterinsights_sitenote_active":false,"_monsterinsights_sitenote_note":"","_monsterinsights_sitenote_category":0},"product_brand":[],"product_cat":[12274,12631],"product_tag":[],"class_list":{"0":"post-776440","1":"product","2":"type-product","3":"status-publish","5":"product_cat-cocuk-ve-genclik-kitaplari","6":"product_cat-diger-cocuk-ve-genclik-kitaplari","7":"pa_cilt-ciltsiz","8":"pa_tur-kitap","9":"pa_yayinevi-sola-kidz","10":"pa_yazar-sue-adams","12":"first","13":"instock","14":"sale","15":"shipping-taxable","16":"purchasable","17":"product-type-simple"},"_links":{"self":[{"href":"https:\/\/roveyayinevi.com.tr\/index.php\/wp-json\/wp\/v2\/product\/776440","targetHints":{"allow":["GET"]}}],"collection":[{"href":"https:\/\/roveyayinevi.com.tr\/index.php\/wp-json\/wp\/v2\/product"}],"about":[{"href":"https:\/\/roveyayinevi.com.tr\/index.php\/wp-json\/wp\/v2\/types\/product"}],"wp:attachment":[{"href":"https:\/\/roveyayinevi.com.tr\/index.php\/wp-json\/wp\/v2\/media?parent=776440"}],"wp:term":[{"taxonomy":"product_brand","embeddable":true,"href":"https:\/\/roveyayinevi.com.tr\/index.php\/wp-json\/wp\/v2\/product_brand?post=776440"},{"taxonomy":"product_cat","embeddable":true,"href":"https:\/\/roveyayinevi.com.tr\/index.php\/wp-json\/wp\/v2\/product_cat?post=776440"},{"taxonomy":"product_tag","embeddable":true,"href":"https:\/\/roveyayinevi.com.tr\/index.php\/wp-json\/wp\/v2\/product_tag?post=776440"}],"curies":[{"name":"wp","href":"https:\/\/api.w.org\/{rel}","templated":true}]}}