{"id":776435,"date":"2025-09-29T00:29:53","date_gmt":"2025-09-28T21:29:53","guid":{"rendered":"https:\/\/roveyayinevi.com.tr\/index.php\/urun\/ben-seri-katil-degilim\/"},"modified":"2026-04-16T02:22:22","modified_gmt":"2026-04-15T23:22:22","slug":"ben-seri-katil-degilim","status":"publish","type":"product","link":"https:\/\/roveyayinevi.com.tr\/index.php\/urun\/ben-seri-katil-degilim\/","title":{"rendered":"Ben Seri Katil De\u011filim"},"content":{"rendered":"<p>Seri katillere ilgi duyuyor. Tehlikeli olabilir.  John Wayne Cleaver tehlikeli, hem de \u00e7ok tehlikeli olma potansiyeli olan gen\u00e7 bir adamd\u0131r. Ailesinin i\u015fletti\u011fi cenaze evindeki cesetler aras\u0131nda b\u00fcy\u00fcmekte, annesi ve teyzesiyle beraber burada \u00e7al\u0131\u015fmaktad\u0131r. Hayvanlar\u0131 \u00f6ld\u00fcrmeye \u00f6zel bir e\u011filimi ve erken ya\u015flardan itibaren seri katillere kar\u015f\u0131 ger\u00e7ek bir tutkusu vard\u0131r. Bu y\u00fczden kendi kaderinin \u00e7izildi\u011fini d\u00fc\u015f\u00fcnmektedir. Ancak John d\u00fcrt\u00fclerini bast\u0131rabilmek ad\u0131na baz\u0131 kurallara uymaya karar verir: \u0130nsanlara kar\u015f\u0131 sadece olumlu d\u00fc\u015f\u00fcnceler besle, hayvanlara yakla\u015fma, su\u00e7 mahallerinden uzak dur! Fakat bu son kurala uymas\u0131, evine \u00e7ok yak\u0131n bir yerde ac\u0131mas\u0131zca par\u00e7alanm\u0131\u015f bir ceset bulundu\u011funda \u00e7ok zor hale gelir. Cinayetler devam edince John\u2019un katille tan\u0131\u015fma arzusu b\u00fcy\u00fcyecek ve onu bulmak i\u00e7in karanl\u0131k d\u00fcrt\u00fclerine ba\u015fvurmaktan \u00e7ekinmeyecektir&#8230; Bu sessiz, k\u00fc\u00e7\u00fck kasabada John\u2019dan daha tehlikeli biri olabilir mi? Nihayet kendi ayar\u0131nda bir rakip bulabilecek mi?  \u201cElinizden d\u00fc\u015f\u00fcremeyece\u011finiz bu \u015fa\u015f\u0131rt\u0131c\u0131 roman Dan Wells\u2019in inan\u0131lmaz bir yetene\u011finin oldu\u011funun kan\u0131t\u0131d\u0131r. Ba\u015fkahraman olan gen\u00e7, \u00fcrk\u00fct\u00fcc\u00fc oldu\u011fu kadar da sevimli. Daha fazla John Wayne Cleaver, l\u00fctfen.\u201d &#8211; F. Paul Wilson \u201cHikayenin g\u00fczelli\u011fi karakterlerin derinli\u011finde gizli. Birinci tekil \u015fah\u0131sla anlat\u0131lm\u0131\u015f olmas\u0131 okuru daha da kendine \u00e7ekiyor. Ya\u015f\u0131n\u0131z ve roman t\u00fcr\u00fc tercihiniz ne olursa olsun bu roman\u0131 derin ve ilgin\u00e7 bulacaks\u0131n\u0131z.\u201d &#8211; New York Times \u201cJeff Lindsay\u2019nin Dexter serisi ve televizyon uyarlamas\u0131n\u0131n hayranlar\u0131, Wells\u2019in bu \u00fc\u00e7lemesinin ba\u015fkahraman\u0131 on be\u015f ya\u015f\u0131ndaki sosyopat John Wayne Cleaver\u2019a bay\u0131lacak. Wells, okuyucuya beklenmedik bir ba\u015fkahraman sunarak harika bir i\u015f \u00e7\u0131karm\u0131\u015f.\u201d &#8211; Publishers Weekly \u201cDahiyane! Unutulmaz karakterlerin ve \u00fcrk\u00fct\u00fcc\u00fc gerilimin oldu\u011fu bu romanda tehlikeli ters k\u00f6\u015feler akl\u0131n\u0131z\u0131 ba\u015f\u0131n\u0131zdan alacak.\u201d &#8211; Jonathan Maberry \u201cKarma\u015f\u0131k, \u00fcrk\u00fct\u00fcc\u00fc ve korkutucu ancak bir o kadar da dahiyane ve cesur.\u201d &#8211; Wondrous Reads <\/p>\n","protected":false},"excerpt":{"rendered":"<p>Seri katillere ilgi duyuyor. Tehlikeli olabilir. John Wayne Cleaver tehlikeli, hem de \u00e7ok tehlikeli olma potansiyeli olan gen\u00e7 bir adamd\u0131r. Ailesinin i\u015fletti\u011fi cenaze evindeki cesetler aras\u0131nda<span class=\"excerpt-hellip\"> [\u2026]<\/span><\/p>\n","protected":false},"featured_media":0,"template":"","meta":{"_monsterinsights_skip_tracking":false,"_monsterinsights_sitenote_active":false,"_monsterinsights_sitenote_note":"","_monsterinsights_sitenote_category":0},"product_brand":[],"product_cat":[12291,17033],"product_tag":[],"class_list":{"0":"post-776435","1":"product","2":"type-product","3":"status-publish","5":"product_cat-edebiyat","6":"product_cat-korku-gerilim","7":"pa_cilt-ciltsiz","8":"pa_tur-kitap","9":"pa_yayinevi-pegasus-yayinlari","10":"pa_yazar-dan-wells","12":"first","13":"instock","14":"sale","15":"shipping-taxable","16":"purchasable","17":"product-type-simple"},"_links":{"self":[{"href":"https:\/\/roveyayinevi.com.tr\/index.php\/wp-json\/wp\/v2\/product\/776435","targetHints":{"allow":["GET"]}}],"collection":[{"href":"https:\/\/roveyayinevi.com.tr\/index.php\/wp-json\/wp\/v2\/product"}],"about":[{"href":"https:\/\/roveyayinevi.com.tr\/index.php\/wp-json\/wp\/v2\/types\/product"}],"wp:attachment":[{"href":"https:\/\/roveyayinevi.com.tr\/index.php\/wp-json\/wp\/v2\/media?parent=776435"}],"wp:term":[{"taxonomy":"product_brand","embeddable":true,"href":"https:\/\/roveyayinevi.com.tr\/index.php\/wp-json\/wp\/v2\/product_brand?post=776435"},{"taxonomy":"product_cat","embeddable":true,"href":"https:\/\/roveyayinevi.com.tr\/index.php\/wp-json\/wp\/v2\/product_cat?post=776435"},{"taxonomy":"product_tag","embeddable":true,"href":"https:\/\/roveyayinevi.com.tr\/index.php\/wp-json\/wp\/v2\/product_tag?post=776435"}],"curies":[{"name":"wp","href":"https:\/\/api.w.org\/{rel}","templated":true}]}}