{"id":776433,"date":"2025-09-29T00:23:09","date_gmt":"2025-09-28T21:23:09","guid":{"rendered":"https:\/\/roveyayinevi.com.tr\/index.php\/urun\/permakultur-bahceleri\/"},"modified":"2026-04-01T02:28:31","modified_gmt":"2026-03-31T23:28:31","slug":"permakultur-bahceleri","status":"publish","type":"product","link":"https:\/\/roveyayinevi.com.tr\/index.php\/urun\/permakultur-bahceleri\/","title":{"rendered":"Permak\u00fclt\u00fcr Bah\u00e7eleri"},"content":{"rendered":"<p>Permak\u00fclt\u00fcr Bah\u00e7eleri, hayal g\u00fcc\u00fcn\u00fcz\u00fc harekete ge\u00e7irerek, permak\u00fclt\u00fcr\u00fcn en temel mesaj\u0131n\u0131 okurlara ula\u015ft\u0131r\u0131yor: Do\u011faya kar\u015f\u0131 de\u011fil onunla birlikte \u00e7al\u0131\u015f\u0131rsak daha g\u00fczel, daha bereketli ve daha ba\u011f\u0131\u015flay\u0131c\u0131 bah\u00e7eler yaratabiliriz. Toby Hemenway\u2019in g\u00f6sterdi\u011fi gibi i\u015fbirli\u011fi i\u00e7inde \u00e7al\u0131\u015fabilen ve;Topra\u011f\u0131n verimlili\u011fini ve yap\u0131s\u0131n\u0131 geli\u015ftirmek ve korumak,Peyzaj\u0131n i\u00e7inde suyu yakalamak ve sudan tasarruf etmek,Faydal\u0131 b\u00f6cekler, hayvanlar ve insanlar i\u00e7in habitat sa\u011flamak,Mevsimsel meyveler, yemi\u015fler ve di\u011fer g\u0131dalar \u00fcreten yenebilir bir \u201corman\u201d yaratmakgibi \u00e7e\u015fitli i\u015flevler \u00fcstlenen bitkileri topluluklar \u015feklinde bir araya getirerek arka bah\u00e7enizde bir ekosistem yaratmak hem kolay hem de tatmin edici bir u\u011fra\u015ft\u0131r.Bu g\u00f6zden ge\u00e7irilmi\u015f ve g\u00fcncellenmi\u015f bask\u0131ya, yeti\u015ftirme alanlar\u0131 \u00e7ok k\u0131s\u0131tl\u0131 olan kentte ya da banliy\u00f6de ya\u015fayan insanlar i\u00e7in \u00f6zel olarak tasarlanm\u0131\u015f, kentsel permak\u00fclt\u00fcr \u00fczerine yeni bir b\u00f6l\u00fcm de eklenmi\u015ftir. Elinizdeki bah\u00e7e ya da tarla ne b\u00fcy\u00fckl\u00fckte olursa olsun permak\u00fclt\u00fcr\u00fcn temel ilkelerini uygulayarak oray\u0131 daha \u00e7e\u015fitli, daha do\u011fal, daha \u00fcretken ve daha g\u00fczel hale getirebilirsiniz.\u201cPermak\u00fclt\u00fcr Bah\u00e7eleri kesinlikle bug\u00fcne kadar yaz\u0131lm\u0131\u015f en iyi permak\u00fclt\u00fcr kitab\u0131 ve bug\u00fcne kadar yaz\u0131lm\u0131\u015f en iyi bah\u00e7\u0131vanl\u0131k kitab\u0131 olmaya da aday. Herkesin k\u00fct\u00fcphanesinde bulunmal\u0131.\u201d-Sharon Astyk-Depletion and Abundance: Life on the New Home Front\u2019un yazar\u0131\u201cD\u00fcnyaya geldi\u011fimizde bize bir kullanma k\u0131lavuzu vermedikleri i\u00e7in arada bir baz\u0131 bilge ki\u015filerin k\u0131lavuzlar yazmas\u0131 b\u00fcy\u00fck bir hizmet.  Permak\u00fclt\u00fcr Bah\u00e7eleri  bunlar\u0131n en \u00f6nemlilerinden biri ve gelece\u011fin d\u00fcnyas\u0131 i\u00e7in kesinlikle ihtiya\u00e7 duyaca\u011f\u0131m\u0131z bir kitap.\u201d-Bill McKibben -Deep Economy ve Hope, Human and Wild\u2019\u0131n yazar\u0131\u201cToby Hemenway\u2019in Permak\u00fclt\u00fcr Bah\u00e7eleri adl\u0131 eseri uygulama ile vizyonerli\u011fi birle\u015ftiren, insanlar\u0131n rakibi de\u011fil par\u00e7as\u0131 oldu\u011fu ekosistemleri g\u00fc\u00e7lendirmek ve hayatta tutmak i\u00e7in Yery\u00fcz\u00fc\u2019n\u00fcn simbiyotik topluluklar\u0131n\u0131n do\u011fal zek\u00e2s\u0131n\u0131 kullanan bah\u00e7\u0131vanlar ve peyzajc\u0131lar i\u00e7in tarihi bir d\u00f6n\u00fcm noktas\u0131. Do\u011fa ile uyum i\u00e7inde nas\u0131l ya\u015fayabilece\u011fimizi ve b\u00f6yle ya\u015famak zorunda oldu\u011fumuzu g\u00f6steren muhte\u015fem bir eser!\u201d-Paul Stamets-Mycellium Running: How Mushrooms Can Help Save the World\u2019\u00fcn yazar\u0131\u201cPermak\u00fclt\u00fcr bah\u00e7eleri art\u0131k gelece\u011fe dair hayaller de\u011filler. Buradalar ve ya\u015f\u0131yorlar. Permak\u00fclt\u00fcr Bah\u00e7eleri  evlerinin bah\u00e7esini sa\u011fl\u0131kl\u0131, s\u00fcr\u00fcd\u00fcr\u00fclebilir ve \u015fifal\u0131 hale getirmek isteyen herkes i\u00e7in ayd\u0131nlat\u0131c\u0131 ve mutlaka okunmas\u0131 gereken bir kaynak.\u201d-Robert Kourik-Designing and Maintaining Your Edible Lanscape\u2014Naturally\u2019nin yazar\u0131 Savruk bir t\u00fcketici de\u011fil s\u00fcrd\u00fcr\u00fclebilir bir \u00fcretici olun. Bu muhte\u015fem kitap size bunu nas\u0131l yapca\u011f\u0131n\u0131z\u0131, harika arka bah\u00e7e ekosistemleri yaratmada ve geli\u015ftirmekte yard\u0131mc\u0131 olarak g\u00f6steriyor. Bu kitaptaki bilgileri uygulay\u0131n ve hem kendi toplulu\u011funuzu hem de daha \u00f6tesini olumlu y\u00f6nde de\u011fi\u015ftirecek bir \u00f6rnek olmaya ba\u015flay\u0131n. En g\u00fczeli de bu kitapla bunu yapman\u0131n \u00e7ok kolay, ilgin\u00e7 ve e\u011flenceli olmas\u0131.-Brad Lanchaster-Rainwater Harvesting  for Drylands and Beyond\u2019un yazar\u0131Permak\u00fclt\u00fcr Bah\u00e7eleri\u2019nde o kadar b\u00fcy\u00fck bir bilgelik var ki hakk\u0131n\u0131 vermek i\u00e7in bir d\u00fczine k\u00f6\u015fe yaz\u0131s\u0131 yazmam gerek. Cesur, etkileyici, do\u011fay\u0131 kucaklayan ve tamamen mant\u0131kl\u0131 bir gelecek vizyonu.-Justin Siskin-Los Angeles Daily News yazar\u0131 <\/p>\n","protected":false},"excerpt":{"rendered":"<p>Permak\u00fclt\u00fcr Bah\u00e7eleri, hayal g\u00fcc\u00fcn\u00fcz\u00fc harekete ge\u00e7irerek, permak\u00fclt\u00fcr\u00fcn en temel mesaj\u0131n\u0131 okurlara ula\u015ft\u0131r\u0131yor: Do\u011faya kar\u015f\u0131 de\u011fil onunla birlikte \u00e7al\u0131\u015f\u0131rsak daha g\u00fczel, daha bereketli ve daha ba\u011f\u0131\u015flay\u0131c\u0131 bah\u00e7eler<span class=\"excerpt-hellip\"> [\u2026]<\/span><\/p>\n","protected":false},"featured_media":0,"template":"","meta":{"_monsterinsights_skip_tracking":false,"_monsterinsights_sitenote_active":false,"_monsterinsights_sitenote_note":"","_monsterinsights_sitenote_category":0},"product_brand":[],"product_cat":[23323,12364],"product_tag":[],"class_list":{"0":"post-776433","1":"product","2":"type-product","3":"status-publish","5":"product_cat-ekoloji","6":"product_cat-genel-konular","7":"pa_cilt-ciltsiz","8":"pa_tur-kitap","9":"pa_yayinevi-yeni-insan-yayinlari","10":"pa_yazar-toby-hemenway","12":"first","13":"instock","14":"sale","15":"shipping-taxable","16":"purchasable","17":"product-type-simple"},"_links":{"self":[{"href":"https:\/\/roveyayinevi.com.tr\/index.php\/wp-json\/wp\/v2\/product\/776433","targetHints":{"allow":["GET"]}}],"collection":[{"href":"https:\/\/roveyayinevi.com.tr\/index.php\/wp-json\/wp\/v2\/product"}],"about":[{"href":"https:\/\/roveyayinevi.com.tr\/index.php\/wp-json\/wp\/v2\/types\/product"}],"wp:attachment":[{"href":"https:\/\/roveyayinevi.com.tr\/index.php\/wp-json\/wp\/v2\/media?parent=776433"}],"wp:term":[{"taxonomy":"product_brand","embeddable":true,"href":"https:\/\/roveyayinevi.com.tr\/index.php\/wp-json\/wp\/v2\/product_brand?post=776433"},{"taxonomy":"product_cat","embeddable":true,"href":"https:\/\/roveyayinevi.com.tr\/index.php\/wp-json\/wp\/v2\/product_cat?post=776433"},{"taxonomy":"product_tag","embeddable":true,"href":"https:\/\/roveyayinevi.com.tr\/index.php\/wp-json\/wp\/v2\/product_tag?post=776433"}],"curies":[{"name":"wp","href":"https:\/\/api.w.org\/{rel}","templated":true}]}}