{"id":776432,"date":"2025-09-29T00:17:54","date_gmt":"2025-09-28T21:17:54","guid":{"rendered":"https:\/\/roveyayinevi.com.tr\/index.php\/urun\/fasizm-ve-kapitalizm-fasizmin-sosyal-kokenleri-ve-fonksiyonu-ustune-teoriler\/"},"modified":"2026-04-16T02:20:38","modified_gmt":"2026-04-15T23:20:38","slug":"fasizm-ve-kapitalizm-fasizmin-sosyal-kokenleri-ve-fonksiyonu-ustune-teoriler","status":"publish","type":"product","link":"https:\/\/roveyayinevi.com.tr\/index.php\/urun\/fasizm-ve-kapitalizm-fasizmin-sosyal-kokenleri-ve-fonksiyonu-ustune-teoriler\/","title":{"rendered":"Fa\u015fizm ve Kapitalizm &#8211; Fa\u015fizmin Sosyal K\u00f6kenleri ve Fonksiyonu \u00dcst\u00fcne Teoriler"},"content":{"rendered":"<p>\u201cL\u00fcmpen-Bohem kitlelerin, k\u00fc\u00e7\u00fck burjuvazinin, orta s\u0131n\u0131flar\u0131n fa\u015fizme yatk\u0131n ideolojik konumlar\u0131 ile ekonomik bunal\u0131mlar\u0131n yaratt\u0131\u011f\u0131 umutsuzluk ve bezginlik iklimi, fa\u015fizmin olu\u015fmas\u0131nda ne kadar \u00f6nemli bir fakt\u00f6r olarak belirirse belirsin, fa\u015fizm ortam\u0131n\u0131n haz\u0131rlanmas\u0131nda, fa\u015fizmin iktidara getirilmesinde, fa\u015fizmin uygulanmas\u0131nda b\u00fct\u00fcn kuklalar\u0131n ipleri, son tahlilde, emperyalist finans kapitalin elinde bulunur.\u201dMarksist yazarlar August Thalheimer, Arthur Rosenberg, Otto Bauer ve Angelo Tasca\u2019n\u0131n fa\u015fizm hakk\u0131ndaki d\u00fc\u015f\u00fcnceleri Prof. Dr. Rona Serozan taraf\u0131ndan bu kitapta topland\u0131. G\u00fcn\u00fcm\u00fczde fa\u015fizmi anlamak ve yorumlamak i\u00e7in&#8230; <\/p>\n","protected":false},"excerpt":{"rendered":"<p>\u201cL\u00fcmpen-Bohem kitlelerin, k\u00fc\u00e7\u00fck burjuvazinin, orta s\u0131n\u0131flar\u0131n fa\u015fizme yatk\u0131n ideolojik konumlar\u0131 ile ekonomik bunal\u0131mlar\u0131n yaratt\u0131\u011f\u0131 umutsuzluk ve bezginlik iklimi, fa\u015fizmin olu\u015fmas\u0131nda ne kadar \u00f6nemli bir fakt\u00f6r olarak<span class=\"excerpt-hellip\"> [\u2026]<\/span><\/p>\n","protected":false},"featured_media":0,"template":"","meta":{"_monsterinsights_skip_tracking":false,"_monsterinsights_sitenote_active":false,"_monsterinsights_sitenote_note":"","_monsterinsights_sitenote_category":0},"product_brand":[],"product_cat":[13590,12337],"product_tag":[],"class_list":{"0":"post-776432","1":"product","2":"type-product","3":"status-publish","5":"product_cat-arastirma-inceleme-politika-siyaset","6":"product_cat-politika-siyaset","7":"pa_cilt-ciltsiz","8":"pa_tur-kitap","9":"pa_yayinevi-ayrinti-yayinlari","10":"pa_yazar-a-thalheimer-a-rosenberg-o-bauer-a-tasca","12":"first","13":"instock","14":"sale","15":"shipping-taxable","16":"purchasable","17":"product-type-simple"},"_links":{"self":[{"href":"https:\/\/roveyayinevi.com.tr\/index.php\/wp-json\/wp\/v2\/product\/776432","targetHints":{"allow":["GET"]}}],"collection":[{"href":"https:\/\/roveyayinevi.com.tr\/index.php\/wp-json\/wp\/v2\/product"}],"about":[{"href":"https:\/\/roveyayinevi.com.tr\/index.php\/wp-json\/wp\/v2\/types\/product"}],"wp:attachment":[{"href":"https:\/\/roveyayinevi.com.tr\/index.php\/wp-json\/wp\/v2\/media?parent=776432"}],"wp:term":[{"taxonomy":"product_brand","embeddable":true,"href":"https:\/\/roveyayinevi.com.tr\/index.php\/wp-json\/wp\/v2\/product_brand?post=776432"},{"taxonomy":"product_cat","embeddable":true,"href":"https:\/\/roveyayinevi.com.tr\/index.php\/wp-json\/wp\/v2\/product_cat?post=776432"},{"taxonomy":"product_tag","embeddable":true,"href":"https:\/\/roveyayinevi.com.tr\/index.php\/wp-json\/wp\/v2\/product_tag?post=776432"}],"curies":[{"name":"wp","href":"https:\/\/api.w.org\/{rel}","templated":true}]}}