{"id":776430,"date":"2025-09-29T00:04:50","date_gmt":"2025-09-28T21:04:50","guid":{"rendered":"https:\/\/roveyayinevi.com.tr\/index.php\/urun\/siyasi-ideolojiler-3\/"},"modified":"2025-11-20T04:19:03","modified_gmt":"2025-11-20T01:19:03","slug":"siyasi-ideolojiler-3","status":"publish","type":"product","link":"https:\/\/roveyayinevi.com.tr\/index.php\/urun\/siyasi-ideolojiler-3\/","title":{"rendered":"Siyasi \u0130deolojiler"},"content":{"rendered":"<p>Siyasal sistemler, devletlerin y\u00f6netim \u015fekli ile ilgili iken ideolojiler zihniyetleri ile ilgilidir. H\u00fck\u00fcmetlerin sa\u011fl\u0131k, e\u011fitim, sosyal g\u00fcvenlik, kamu g\u00fcvenli\u011fi gibi alanlarda oldu\u011fu kadar temel haklar ile uluslararas\u0131 ili\u015fkiler alan\u0131nda da politik tutumlar\u0131n\u0131 sahip olduklar\u0131 siyasal sistemlerden ziyade ideolojileri belirler. Siyasi \u0130deolojiler kitab\u0131, ge\u00e7en iki y\u00fczy\u0131ldan beri devlet politikalar\u0131n\u0131 y\u00f6nlendiren ideolojileri kapsaml\u0131 ve d\u00fczenli bir \u015fekilde ele almakta; ideolojilerin tarihi geli\u015fimini, temel kavramlar\u0131n\u0131, k\u00f6\u015fe ta\u015flar\u0131n\u0131, temsilcilerini, Bat\u0131 d\u00fcnyas\u0131ndaki, M\u00fcsl\u00fcman d\u00fcnyadaki ve T\u00fcrkiye\u2019deki yans\u0131malar\u0131n\u0131 derinlikli ama sade bir dille okuyucunun ilgisine sunmaktad\u0131r. Kitab\u0131n i\u00e7inde neler var? * Ele al\u0131nan ideoloji hakk\u0131nda \u00f6n bilgi * Okuyucuyu i\u00e7eri\u011fe odaklayan sorular * Renkli ve kal\u0131n yaz\u0131 ile g\u00f6sterilmi\u015f kavramlar * \u0130deolojilerin, M\u00fcsl\u00fcman co\u011frafyadaki yans\u0131malar\u0131 * \u0130deolojilerin demokrasi ve \u015fiddetle olan ili\u015fkileri * Bilgilerin m\u00fczakeresini sa\u011flayacak tart\u0131\u015fma sorular\u0131 * Maddeler halinde her b\u00f6l\u00fcm\u00fcn \u00f6zeti <\/p>\n","protected":false},"excerpt":{"rendered":"<p>Siyasal sistemler, devletlerin y\u00f6netim \u015fekli ile ilgili iken ideolojiler zihniyetleri ile ilgilidir. H\u00fck\u00fcmetlerin sa\u011fl\u0131k, e\u011fitim, sosyal g\u00fcvenlik, kamu g\u00fcvenli\u011fi gibi alanlarda oldu\u011fu kadar temel haklar ile<span class=\"excerpt-hellip\"> [\u2026]<\/span><\/p>\n","protected":false},"featured_media":0,"template":"","meta":{"_monsterinsights_skip_tracking":false,"_monsterinsights_sitenote_active":false,"_monsterinsights_sitenote_note":"","_monsterinsights_sitenote_category":0},"product_brand":[],"product_cat":[13590,12337],"product_tag":[],"class_list":{"0":"post-776430","1":"product","2":"type-product","3":"status-publish","5":"product_cat-arastirma-inceleme-politika-siyaset","6":"product_cat-politika-siyaset","7":"pa_cilt-ciltsiz","8":"pa_tur-kitap","9":"pa_yayinevi-adres-yayinlari","10":"pa_yazar-bugra-kalkan","12":"first","13":"instock","14":"sale","15":"shipping-taxable","16":"purchasable","17":"product-type-simple"},"_links":{"self":[{"href":"https:\/\/roveyayinevi.com.tr\/index.php\/wp-json\/wp\/v2\/product\/776430","targetHints":{"allow":["GET"]}}],"collection":[{"href":"https:\/\/roveyayinevi.com.tr\/index.php\/wp-json\/wp\/v2\/product"}],"about":[{"href":"https:\/\/roveyayinevi.com.tr\/index.php\/wp-json\/wp\/v2\/types\/product"}],"wp:attachment":[{"href":"https:\/\/roveyayinevi.com.tr\/index.php\/wp-json\/wp\/v2\/media?parent=776430"}],"wp:term":[{"taxonomy":"product_brand","embeddable":true,"href":"https:\/\/roveyayinevi.com.tr\/index.php\/wp-json\/wp\/v2\/product_brand?post=776430"},{"taxonomy":"product_cat","embeddable":true,"href":"https:\/\/roveyayinevi.com.tr\/index.php\/wp-json\/wp\/v2\/product_cat?post=776430"},{"taxonomy":"product_tag","embeddable":true,"href":"https:\/\/roveyayinevi.com.tr\/index.php\/wp-json\/wp\/v2\/product_tag?post=776430"}],"curies":[{"name":"wp","href":"https:\/\/api.w.org\/{rel}","templated":true}]}}