{"id":776428,"date":"2025-09-28T23:58:16","date_gmt":"2025-09-28T20:58:16","guid":{"rendered":"https:\/\/roveyayinevi.com.tr\/index.php\/urun\/kara-duzen-baglama-metodu-uzun-sap-temel-duzeyde-baglama-egitimi\/"},"modified":"2025-10-27T14:01:33","modified_gmt":"2025-10-27T11:01:33","slug":"kara-duzen-baglama-metodu-uzun-sap-temel-duzeyde-baglama-egitimi","status":"publish","type":"product","link":"https:\/\/roveyayinevi.com.tr\/index.php\/urun\/kara-duzen-baglama-metodu-uzun-sap-temel-duzeyde-baglama-egitimi\/","title":{"rendered":"Kara D\u00fczen Ba\u011flama Metodu \/ Uzun Sap (Temel D\u00fczeyde Ba\u011flama E\u011fitimi)"},"content":{"rendered":"<p>\u00b7 Kara D\u00fczen Ba\u011flama Metodu\u2019nun i\u00e7eri\u011finde, basit melodilerden ba\u015flayarak teknik a\u00e7\u0131dan kondisyon geli\u015ftirici bir s\u0131ra izlenmektedir. Bu metottaki hedef; ellerin ve parmaklar\u0131n pozisyonunun, parmak numaralar\u0131n\u0131n ve tezene vuru\u015f y\u00f6nlerinin do\u011fru bir bi\u00e7imde \u00f6\u011fretilmesidir. \u00b7 Temel nota bilgilerine, kolay uygulanabilir ezgilere ve prati\u011fi geli\u015ftirici al\u0131\u015ft\u0131rmalara yer verilmi\u015ftir. \u00b7 Ayr\u0131ca Metot yeni ba\u015flayanlar\u0131n oldu\u011fu kadar,  G\u00fczel Sanatlar Lisesi ve m\u00fczik e\u011fitimi veren kurumlar\u0131n da yararlanaca\u011f\u0131 d\u00fczeyde yaz\u0131lm\u0131\u015ft\u0131r. \u00b7 M\u00fczi\u011fin sihirli etkisini ve g\u00fczelli\u011fini, t\u00fcm ruhunuzda hissederek ya\u015famak ve ba\u015farmak dile\u011fiyle\u2026 Do\u011fan Elmal\u0131 <\/p>\n","protected":false},"excerpt":{"rendered":"<p>\u00b7 Kara D\u00fczen Ba\u011flama Metodu\u2019nun i\u00e7eri\u011finde, basit melodilerden ba\u015flayarak teknik a\u00e7\u0131dan kondisyon geli\u015ftirici bir s\u0131ra izlenmektedir. Bu metottaki hedef; ellerin ve parmaklar\u0131n pozisyonunun, parmak numaralar\u0131n\u0131n ve<span class=\"excerpt-hellip\"> [\u2026]<\/span><\/p>\n","protected":false},"featured_media":0,"template":"","meta":{"_monsterinsights_skip_tracking":false,"_monsterinsights_sitenote_active":false,"_monsterinsights_sitenote_note":"","_monsterinsights_sitenote_category":0},"product_brand":[],"product_cat":[14556,20810],"product_tag":[],"class_list":{"0":"post-776428","1":"product","2":"type-product","3":"status-publish","5":"product_cat-muzik","6":"product_cat-ogrenim-kitaplari","7":"pa_cilt-ciltsiz","8":"pa_tur-kitap","9":"pa_yayinevi-beste-yayinlari","10":"pa_yazar-dogan-elmali","12":"first","13":"instock","14":"sale","15":"shipping-taxable","16":"purchasable","17":"product-type-simple"},"_links":{"self":[{"href":"https:\/\/roveyayinevi.com.tr\/index.php\/wp-json\/wp\/v2\/product\/776428","targetHints":{"allow":["GET"]}}],"collection":[{"href":"https:\/\/roveyayinevi.com.tr\/index.php\/wp-json\/wp\/v2\/product"}],"about":[{"href":"https:\/\/roveyayinevi.com.tr\/index.php\/wp-json\/wp\/v2\/types\/product"}],"wp:attachment":[{"href":"https:\/\/roveyayinevi.com.tr\/index.php\/wp-json\/wp\/v2\/media?parent=776428"}],"wp:term":[{"taxonomy":"product_brand","embeddable":true,"href":"https:\/\/roveyayinevi.com.tr\/index.php\/wp-json\/wp\/v2\/product_brand?post=776428"},{"taxonomy":"product_cat","embeddable":true,"href":"https:\/\/roveyayinevi.com.tr\/index.php\/wp-json\/wp\/v2\/product_cat?post=776428"},{"taxonomy":"product_tag","embeddable":true,"href":"https:\/\/roveyayinevi.com.tr\/index.php\/wp-json\/wp\/v2\/product_tag?post=776428"}],"curies":[{"name":"wp","href":"https:\/\/api.w.org\/{rel}","templated":true}]}}