{"id":776427,"date":"2025-09-28T23:54:50","date_gmt":"2025-09-28T20:54:50","guid":{"rendered":"https:\/\/roveyayinevi.com.tr\/index.php\/urun\/mese-palamudu-ormanindan-masallar-tilkinin-coraplari\/"},"modified":"2026-04-16T02:17:31","modified_gmt":"2026-04-15T23:17:31","slug":"mese-palamudu-ormanindan-masallar-tilkinin-coraplari","status":"publish","type":"product","link":"https:\/\/roveyayinevi.com.tr\/index.php\/urun\/mese-palamudu-ormanindan-masallar-tilkinin-coraplari\/","title":{"rendered":"Me\u015fe Palamudu Orman\u0131\u2019ndan Masallar: Tilki\u2019nin \u00c7oraplar\u0131"},"content":{"rendered":"<p>Her iki sayfada bir yer alan kulak\u00e7\u0131klarla, Me\u015fe Palamudu Orman\u0131\u2019ndan Masallar, The Gruffalo\u2019nun \u00f6d\u00fcll\u00fc yarat\u0131c\u0131lar\u0131 Julia Donaldson ve Axel Scheffler\u2019den. Serinin bu kitab\u0131nda Zavall\u0131 Tilki\u2019ye \u00e7oraplar\u0131n\u0131 bulmas\u0131 i\u00e7in yard\u0131m etmeye ne dersin? Mutfaktalar m\u0131, yoksa merdivenlerin alt\u0131nda m\u0131? Me\u015fe Palamudu Orman\u0131\u2019n\u0131n kalbinde, Zavall\u0131, ya\u015fl\u0131 Tilki kaybetti \u00e7oraplar\u0131n\u0131. Kilimin alt\u0131ndalar m\u0131, yoksa saatin i\u00e7inde mi? Kapak\u00e7\u0131klar\u0131 kald\u0131r ve g\u00f6r bakal\u0131m neredeler! <\/p>\n","protected":false},"excerpt":{"rendered":"<p>Her iki sayfada bir yer alan kulak\u00e7\u0131klarla, Me\u015fe Palamudu Orman\u0131\u2019ndan Masallar, The Gruffalo\u2019nun \u00f6d\u00fcll\u00fc yarat\u0131c\u0131lar\u0131 Julia Donaldson ve Axel Scheffler\u2019den. Serinin bu kitab\u0131nda Zavall\u0131 Tilki\u2019ye \u00e7oraplar\u0131n\u0131<span class=\"excerpt-hellip\"> [\u2026]<\/span><\/p>\n","protected":false},"featured_media":0,"template":"","meta":{"_monsterinsights_skip_tracking":false,"_monsterinsights_sitenote_active":false,"_monsterinsights_sitenote_note":"","_monsterinsights_sitenote_category":0},"product_brand":[],"product_cat":[12913,12274],"product_tag":[],"class_list":{"0":"post-776427","1":"product","2":"type-product","3":"status-publish","5":"product_cat-3-6-yas-kitaplari","6":"product_cat-cocuk-ve-genclik-kitaplari","7":"pa_cilt-ciltli","8":"pa_tur-kitap","9":"pa_yayinevi-beta-kids","10":"pa_yazar-julia-donaldson","12":"first","13":"instock","14":"sale","15":"shipping-taxable","16":"purchasable","17":"product-type-simple"},"_links":{"self":[{"href":"https:\/\/roveyayinevi.com.tr\/index.php\/wp-json\/wp\/v2\/product\/776427","targetHints":{"allow":["GET"]}}],"collection":[{"href":"https:\/\/roveyayinevi.com.tr\/index.php\/wp-json\/wp\/v2\/product"}],"about":[{"href":"https:\/\/roveyayinevi.com.tr\/index.php\/wp-json\/wp\/v2\/types\/product"}],"wp:attachment":[{"href":"https:\/\/roveyayinevi.com.tr\/index.php\/wp-json\/wp\/v2\/media?parent=776427"}],"wp:term":[{"taxonomy":"product_brand","embeddable":true,"href":"https:\/\/roveyayinevi.com.tr\/index.php\/wp-json\/wp\/v2\/product_brand?post=776427"},{"taxonomy":"product_cat","embeddable":true,"href":"https:\/\/roveyayinevi.com.tr\/index.php\/wp-json\/wp\/v2\/product_cat?post=776427"},{"taxonomy":"product_tag","embeddable":true,"href":"https:\/\/roveyayinevi.com.tr\/index.php\/wp-json\/wp\/v2\/product_tag?post=776427"}],"curies":[{"name":"wp","href":"https:\/\/api.w.org\/{rel}","templated":true}]}}