{"id":776425,"date":"2025-09-28T23:54:45","date_gmt":"2025-09-28T20:54:45","guid":{"rendered":"https:\/\/roveyayinevi.com.tr\/index.php\/urun\/mese-palamudu-ormanindan-masallar-postaci-ayi\/"},"modified":"2026-04-16T02:17:31","modified_gmt":"2026-04-15T23:17:31","slug":"mese-palamudu-ormanindan-masallar-postaci-ayi","status":"publish","type":"product","link":"https:\/\/roveyayinevi.com.tr\/index.php\/urun\/mese-palamudu-ormanindan-masallar-postaci-ayi\/","title":{"rendered":"Me\u015fe Palamudu Orman\u0131\u2019ndan Masallar: Postac\u0131 Ay\u0131"},"content":{"rendered":"<p>Ay\u0131, arkada\u015flar\u0131na mektup yaz\u0131yor. Acaba mektuplar\u0131nda neler yaz\u0131yor? Kapak\u00e7\u0131klar\u0131 kald\u0131r ve Ay\u0131\u2019n\u0131n \u00f6zel s\u00fcrprizi i\u00e7in Kurba\u011fa, Sincap ve K\u00f6stebek\u2019e kat\u0131l! Her iki sayfada bir yer alan kulak\u00e7\u0131klarla, Me\u015fe Palamudu Orman\u0131\u2019ndan Masallar, The Gruffalo\u2019nun \u00f6d\u00fcll\u00fc yarat\u0131c\u0131lar\u0131 Julia Donaldson ve Axel Scheffler\u2019den. Me\u015fe Palamudu Orman\u0131\u2019n\u0131n kalbinde, Ay\u0131, arkada\u015flar\u0131na mektup yaz\u0131yor. Kapak\u00e7\u0131klar\u0131 kald\u0131r ve Ay\u0131\u2019n\u0131n \u00f6zel s\u00fcrprizi i\u00e7in, Kurba\u011fa\u2019ya, Sincap\u2019a ve K\u00f6stebek\u2019e kat\u0131l! <\/p>\n","protected":false},"excerpt":{"rendered":"<p>Ay\u0131, arkada\u015flar\u0131na mektup yaz\u0131yor. Acaba mektuplar\u0131nda neler yaz\u0131yor? Kapak\u00e7\u0131klar\u0131 kald\u0131r ve Ay\u0131\u2019n\u0131n \u00f6zel s\u00fcrprizi i\u00e7in Kurba\u011fa, Sincap ve K\u00f6stebek\u2019e kat\u0131l! Her iki sayfada bir yer alan<span class=\"excerpt-hellip\"> [\u2026]<\/span><\/p>\n","protected":false},"featured_media":0,"template":"","meta":{"_monsterinsights_skip_tracking":false,"_monsterinsights_sitenote_active":false,"_monsterinsights_sitenote_note":"","_monsterinsights_sitenote_category":0},"product_brand":[],"product_cat":[15192,12274],"product_tag":[],"class_list":{"0":"post-776425","1":"product","2":"type-product","3":"status-publish","5":"product_cat-1-3-yas-kitaplari","6":"product_cat-cocuk-ve-genclik-kitaplari","7":"pa_cilt-ciltli","8":"pa_tur-kitap","9":"pa_yayinevi-beta-kids","10":"pa_yazar-julia-donaldson","12":"first","13":"instock","14":"sale","15":"shipping-taxable","16":"purchasable","17":"product-type-simple"},"_links":{"self":[{"href":"https:\/\/roveyayinevi.com.tr\/index.php\/wp-json\/wp\/v2\/product\/776425","targetHints":{"allow":["GET"]}}],"collection":[{"href":"https:\/\/roveyayinevi.com.tr\/index.php\/wp-json\/wp\/v2\/product"}],"about":[{"href":"https:\/\/roveyayinevi.com.tr\/index.php\/wp-json\/wp\/v2\/types\/product"}],"wp:attachment":[{"href":"https:\/\/roveyayinevi.com.tr\/index.php\/wp-json\/wp\/v2\/media?parent=776425"}],"wp:term":[{"taxonomy":"product_brand","embeddable":true,"href":"https:\/\/roveyayinevi.com.tr\/index.php\/wp-json\/wp\/v2\/product_brand?post=776425"},{"taxonomy":"product_cat","embeddable":true,"href":"https:\/\/roveyayinevi.com.tr\/index.php\/wp-json\/wp\/v2\/product_cat?post=776425"},{"taxonomy":"product_tag","embeddable":true,"href":"https:\/\/roveyayinevi.com.tr\/index.php\/wp-json\/wp\/v2\/product_tag?post=776425"}],"curies":[{"name":"wp","href":"https:\/\/api.w.org\/{rel}","templated":true}]}}