{"id":776424,"date":"2025-09-28T23:23:37","date_gmt":"2025-09-28T20:23:37","guid":{"rendered":"https:\/\/roveyayinevi.com.tr\/index.php\/urun\/felsefenin-kisa-tarihi-4\/"},"modified":"2026-03-16T12:00:29","modified_gmt":"2026-03-16T09:00:29","slug":"felsefenin-kisa-tarihi-4","status":"publish","type":"product","link":"https:\/\/roveyayinevi.com.tr\/index.php\/urun\/felsefenin-kisa-tarihi-4\/","title":{"rendered":"Felsefenin K\u0131sa Tarihi"},"content":{"rendered":"<p>Felsefe ger\u00e7ekli\u011fin do\u011fas\u0131 ve nas\u0131l ya\u015famal\u0131y\u0131z sorular\u0131yla ba\u015flar. Felsefenin K\u0131sa Tarihi, g\u00f6r\u00fcn\u00fc\u015f ve ger\u00e7ek, benli\u011fin do\u011fas\u0131, tanr\u0131n\u0131n varl\u0131\u011f\u0131 ve hem birey hem de toplumun bir \u00fcyesi olarak nas\u0131l ya\u015famam\u0131z gerekti\u011fi gibi felsefenin ana temalar\u0131na odaklan\u0131yor. 2000 y\u0131ll\u0131k Bat\u0131 felsefesini Sokrates\u2019ten hayvan haklar\u0131 hareketine kadar ana hatlar\u0131yla sunuyor. Warburton \u00e7o\u011fumuzun g\u00f6z\u00fcn\u00fc korkutan ve anla\u015f\u0131lmaz buldu\u011fu felsefeyi herkesin anlayabilece\u011fi ve g\u00fcnl\u00fck hayat\u0131nda kullanabilece\u011fi bir konu haline getiriyor.Bat\u0131 felsefesinin b\u00fcy\u00fck d\u00fc\u015f\u00fcn\u00fcrlerini kronolojik s\u0131rayla tan\u0131yaca\u011f\u0131n\u0131z, zevkle okunacak m\u00fckemmel bir giri\u015f kitab\u0131.Bat\u0131n\u0131n d\u00fc\u015f\u00fcnce tarihiyle ilgilenmek isteyenler i\u00e7in en uygun ba\u015flang\u0131\u00e7 noktas\u0131. Publishers WeeklyFelsefe \u00f6\u011frenmek isteyenler i\u00e7in paha bi\u00e7ilmez bir klasik. Felsefenin san\u0131ld\u0131\u011f\u0131 kadar kar\u0131\u015f\u0131k ve zor olmad\u0131\u011f\u0131n\u0131, tam tersine g\u00fczel bir zihin al\u0131\u015ft\u0131rmas\u0131 oldu\u011funu kan\u0131tl\u0131yor.Oxford TimesBat\u0131 felsefesi tarihinde bir gezinti, \u00f6\u011fretici ve e\u011flenceli.Sacramento News and Review <\/p>\n","protected":false},"excerpt":{"rendered":"<p>Felsefe ger\u00e7ekli\u011fin do\u011fas\u0131 ve nas\u0131l ya\u015famal\u0131y\u0131z sorular\u0131yla ba\u015flar. Felsefenin K\u0131sa Tarihi, g\u00f6r\u00fcn\u00fc\u015f ve ger\u00e7ek, benli\u011fin do\u011fas\u0131, tanr\u0131n\u0131n varl\u0131\u011f\u0131 ve hem birey hem de toplumun bir \u00fcyesi<span class=\"excerpt-hellip\"> [\u2026]<\/span><\/p>\n","protected":false},"featured_media":0,"template":"","meta":{"_monsterinsights_skip_tracking":false,"_monsterinsights_sitenote_active":false,"_monsterinsights_sitenote_note":"","_monsterinsights_sitenote_category":0},"product_brand":[],"product_cat":[12389,12388],"product_tag":[],"class_list":{"0":"post-776424","1":"product","2":"type-product","3":"status-publish","5":"product_cat-diger-felsefe","6":"product_cat-felsefe","7":"pa_cilt-ciltsiz","8":"pa_tur-kitap","9":"pa_yayinevi-alfa-yayinlari","10":"pa_yazar-nigel-warburton","12":"first","13":"outofstock","14":"sale","15":"shipping-taxable","16":"purchasable","17":"product-type-simple"},"_links":{"self":[{"href":"https:\/\/roveyayinevi.com.tr\/index.php\/wp-json\/wp\/v2\/product\/776424","targetHints":{"allow":["GET"]}}],"collection":[{"href":"https:\/\/roveyayinevi.com.tr\/index.php\/wp-json\/wp\/v2\/product"}],"about":[{"href":"https:\/\/roveyayinevi.com.tr\/index.php\/wp-json\/wp\/v2\/types\/product"}],"wp:attachment":[{"href":"https:\/\/roveyayinevi.com.tr\/index.php\/wp-json\/wp\/v2\/media?parent=776424"}],"wp:term":[{"taxonomy":"product_brand","embeddable":true,"href":"https:\/\/roveyayinevi.com.tr\/index.php\/wp-json\/wp\/v2\/product_brand?post=776424"},{"taxonomy":"product_cat","embeddable":true,"href":"https:\/\/roveyayinevi.com.tr\/index.php\/wp-json\/wp\/v2\/product_cat?post=776424"},{"taxonomy":"product_tag","embeddable":true,"href":"https:\/\/roveyayinevi.com.tr\/index.php\/wp-json\/wp\/v2\/product_tag?post=776424"}],"curies":[{"name":"wp","href":"https:\/\/api.w.org\/{rel}","templated":true}]}}