{"id":776422,"date":"2025-09-28T22:56:54","date_gmt":"2025-09-28T19:56:54","guid":{"rendered":"https:\/\/roveyayinevi.com.tr\/index.php\/urun\/resimli-hayal-ansiklopedisi\/"},"modified":"2026-04-16T02:08:56","modified_gmt":"2026-04-15T23:08:56","slug":"resimli-hayal-ansiklopedisi","status":"publish","type":"product","link":"https:\/\/roveyayinevi.com.tr\/index.php\/urun\/resimli-hayal-ansiklopedisi\/","title":{"rendered":"Resimli Hayal Ansiklopedisi"},"content":{"rendered":"<p>Bir kere anlat\u0131lm\u0131\u015f bir hik\u00e2ye ger\u00e7ekten ya\u015fanm\u0131\u015f da olabilir, hi\u00e7 ya\u015fanmam\u0131\u015f da. Onu ger\u00e7ek yapan, o hik\u00e2yeye inananlar\u0131n hep bir arada olmalar\u0131d\u0131r.&#8221; Sizi \u00f6yle bir hik\u00e2yeye davet ediyoruz ki, i\u00e7inde g\u00f6lgeler k\u00f6klerini ar\u0131yor, canavarlar mutlu dola\u015f\u0131yor, uluslar birbirine yakla\u015f\u0131yor. Hatta &#8220;koca koca&#8221; ser\u00e7eler \u00e7ete kuruyor! \u015eemsi Y\u0131karsu, eskiden herkesin evinde rastlayabilece\u011finiz Hayat Ansiklopedisi&#8217;nin sad\u0131k bir okurudur. Dedesiyle beraber okudu\u011fu bu ansiklopedide arad\u0131klar\u0131n\u0131 bulamay\u0131nca kendi ansiklopedisini haz\u0131rlamaya koyulur. Kimi zaman kalemine g\u00fcvenenlerin, kimi zaman d\u00fcnyay\u0131 ba\u015fka renklere boyayanlar\u0131n pe\u015fine d\u00fc\u015fer. Hepsini Resimli Hayal Ansiklopedisi ad\u0131n\u0131 verdi\u011fi ba\u015fyap\u0131t\u0131nda toplar. \u00dcnl\u00fc \u00e2\u015f\u0131k Julien Sorel&#8217;den K\u0131rk Kalem\u015f\u00f6rler&#8217;e kadar bir\u00e7ok ki\u015fi ve nesne bu ansiklopedideki yerini al\u0131r. Ama i\u00e7lerinde \u00f6yle biri vard\u0131r ki, onun isminin kar\u015f\u0131s\u0131nda &#8220;insan orman\u0131n\u0131n en b\u00fcy\u00fck a\u011fac\u0131&#8221; yazacakt\u0131r. Ser\u00e7eler gibi k\u0131p\u0131r k\u0131p\u0131r olan bu kitap, ya\u015f ald\u0131k\u00e7a \u00e7a\u011f\u0131m\u0131z\u0131n klasiklerinden biri olmaya aday. <\/p>\n","protected":false},"excerpt":{"rendered":"<p>Bir kere anlat\u0131lm\u0131\u015f bir hik\u00e2ye ger\u00e7ekten ya\u015fanm\u0131\u015f da olabilir, hi\u00e7 ya\u015fanmam\u0131\u015f da. Onu ger\u00e7ek yapan, o hik\u00e2yeye inananlar\u0131n hep bir arada olmalar\u0131d\u0131r.&#8221; Sizi \u00f6yle bir hik\u00e2yeye<span class=\"excerpt-hellip\"> [\u2026]<\/span><\/p>\n","protected":false},"featured_media":0,"template":"","meta":{"_monsterinsights_skip_tracking":false,"_monsterinsights_sitenote_active":false,"_monsterinsights_sitenote_note":"","_monsterinsights_sitenote_category":0},"product_brand":[],"product_cat":[12275,12274],"product_tag":[],"class_list":{"0":"post-776422","1":"product","2":"type-product","3":"status-publish","5":"product_cat-6-12-yas-kitaplari","6":"product_cat-cocuk-ve-genclik-kitaplari","7":"pa_cilt-ciltsiz","8":"pa_tur-kitap","9":"pa_yayinevi-elma-cocuk","10":"pa_yazar-sener-sukru-yigitler","12":"first","13":"instock","14":"sale","15":"shipping-taxable","16":"purchasable","17":"product-type-simple"},"_links":{"self":[{"href":"https:\/\/roveyayinevi.com.tr\/index.php\/wp-json\/wp\/v2\/product\/776422","targetHints":{"allow":["GET"]}}],"collection":[{"href":"https:\/\/roveyayinevi.com.tr\/index.php\/wp-json\/wp\/v2\/product"}],"about":[{"href":"https:\/\/roveyayinevi.com.tr\/index.php\/wp-json\/wp\/v2\/types\/product"}],"wp:attachment":[{"href":"https:\/\/roveyayinevi.com.tr\/index.php\/wp-json\/wp\/v2\/media?parent=776422"}],"wp:term":[{"taxonomy":"product_brand","embeddable":true,"href":"https:\/\/roveyayinevi.com.tr\/index.php\/wp-json\/wp\/v2\/product_brand?post=776422"},{"taxonomy":"product_cat","embeddable":true,"href":"https:\/\/roveyayinevi.com.tr\/index.php\/wp-json\/wp\/v2\/product_cat?post=776422"},{"taxonomy":"product_tag","embeddable":true,"href":"https:\/\/roveyayinevi.com.tr\/index.php\/wp-json\/wp\/v2\/product_tag?post=776422"}],"curies":[{"name":"wp","href":"https:\/\/api.w.org\/{rel}","templated":true}]}}