{"id":776413,"date":"2025-09-26T02:11:54","date_gmt":"2025-09-25T23:11:54","guid":{"rendered":"https:\/\/roveyayinevi.com.tr\/index.php\/urun\/kizilbaslar-aleviler\/"},"modified":"2026-04-16T01:59:54","modified_gmt":"2026-04-15T22:59:54","slug":"kizilbaslar-aleviler","status":"publish","type":"product","link":"https:\/\/roveyayinevi.com.tr\/index.php\/urun\/kizilbaslar-aleviler\/","title":{"rendered":"K\u0131z\u0131lba\u015flar &#8211; Aleviler"},"content":{"rendered":"<p>Bu ara\u015ft\u0131rmada K\u0131z\u0131lba\u015f\/Alevi inan\u00e7 toplulu\u011funun dini ve sosyal-dini yap\u0131s\u0131 ele al\u0131nmaktad\u0131r. \u0130ncelemede bu inan\u00e7 toplulu\u011funun ortaya \u00e7\u0131k\u0131\u015f d\u00f6nemindeki ko\u015fullar g\u00f6z \u00f6n\u00fcnde bulundurulmu\u015ftur. T\u00fcrkiye\u2019de S\u00fcnni M\u00fcsl\u00fcmanlardan sonra en b\u00fcy\u00fck dini toplulu\u011fu olu\u015fturan K\u0131z\u0131lba\u015flar\/Aleviler, kendilerini \u0130slamiyet\u2019in z\u00fcmrelerinden olan On \u0130ki \u0130mam \u015eiileri olarak tan\u0131ml\u0131yorlar. Fakat bu inanc\u0131n kendine \u00f6zg\u00fc \u00f6zellikleri, K\u0131z\u0131lba\u015flar\u0131\/Alevileri \u0130slam dininin mezhebi alt\u0131nda s\u0131n\u0131fland\u0131rmay\u0131 zorla\u015ft\u0131r\u0131yor. K\u0131z\u0131lba\u015f\/Alevilik inanc\u0131n\u0131, Halk \u0130slam\u0131\u2019n\u0131n ortaya \u00e7\u0131kt\u0131\u011f\u0131 ortamda do\u011fan ve a\u015f\u0131r\u0131 \u015eii inanc\u0131n\u0131n etkisi alt\u0131nda kalarak onun baz\u0131 unsurlar\u0131n\u0131 \u00f6z\u00fcmseyen ba\u011f\u0131ms\u0131z bir din olarak tan\u0131mlamak daha do\u011fru olacakt\u0131r. <\/p>\n","protected":false},"excerpt":{"rendered":"<p>Bu ara\u015ft\u0131rmada K\u0131z\u0131lba\u015f\/Alevi inan\u00e7 toplulu\u011funun dini ve sosyal-dini yap\u0131s\u0131 ele al\u0131nmaktad\u0131r. \u0130ncelemede bu inan\u00e7 toplulu\u011funun ortaya \u00e7\u0131k\u0131\u015f d\u00f6nemindeki ko\u015fullar g\u00f6z \u00f6n\u00fcnde bulundurulmu\u015ftur. T\u00fcrkiye\u2019de S\u00fcnni M\u00fcsl\u00fcmanlardan sonra<span class=\"excerpt-hellip\"> [\u2026]<\/span><\/p>\n","protected":false},"featured_media":0,"template":"","meta":{"_monsterinsights_skip_tracking":false,"_monsterinsights_sitenote_active":false,"_monsterinsights_sitenote_note":"","_monsterinsights_sitenote_category":0},"product_brand":[],"product_cat":[12718,12858],"product_tag":[],"class_list":{"0":"post-776413","1":"product","2":"type-product","3":"status-publish","5":"product_cat-din","6":"product_cat-mitolojiler","7":"pa_cilt-ciltsiz","8":"pa_tur-kitap","9":"pa_yayinevi-ayrinti-yayinlari","10":"pa_yazar-krisztina-kehl-bodrogi","12":"first","13":"instock","14":"sale","15":"shipping-taxable","16":"purchasable","17":"product-type-simple"},"_links":{"self":[{"href":"https:\/\/roveyayinevi.com.tr\/index.php\/wp-json\/wp\/v2\/product\/776413","targetHints":{"allow":["GET"]}}],"collection":[{"href":"https:\/\/roveyayinevi.com.tr\/index.php\/wp-json\/wp\/v2\/product"}],"about":[{"href":"https:\/\/roveyayinevi.com.tr\/index.php\/wp-json\/wp\/v2\/types\/product"}],"wp:attachment":[{"href":"https:\/\/roveyayinevi.com.tr\/index.php\/wp-json\/wp\/v2\/media?parent=776413"}],"wp:term":[{"taxonomy":"product_brand","embeddable":true,"href":"https:\/\/roveyayinevi.com.tr\/index.php\/wp-json\/wp\/v2\/product_brand?post=776413"},{"taxonomy":"product_cat","embeddable":true,"href":"https:\/\/roveyayinevi.com.tr\/index.php\/wp-json\/wp\/v2\/product_cat?post=776413"},{"taxonomy":"product_tag","embeddable":true,"href":"https:\/\/roveyayinevi.com.tr\/index.php\/wp-json\/wp\/v2\/product_tag?post=776413"}],"curies":[{"name":"wp","href":"https:\/\/api.w.org\/{rel}","templated":true}]}}