{"id":776399,"date":"2025-09-25T08:21:51","date_gmt":"2025-09-25T05:21:51","guid":{"rendered":"https:\/\/roveyayinevi.com.tr\/index.php\/urun\/bir-dag-ki-hic-olmadi\/"},"modified":"2026-04-16T02:57:36","modified_gmt":"2026-04-15T23:57:36","slug":"bir-dag-ki-hic-olmadi","status":"publish","type":"product","link":"https:\/\/roveyayinevi.com.tr\/index.php\/urun\/bir-dag-ki-hic-olmadi\/","title":{"rendered":"Bir Da\u011f Ki Hi\u00e7 Olmad\u0131"},"content":{"rendered":"<p>Ula\u015f\u0131lamayan ne varsa, sa\u00e7\u0131l\u0131 her \u015feyle beraber, d\u00f6nenir varl\u0131\u011f\u0131n kabu\u011funda. Tamam, demek ne\u00e7e m\u00fcmk\u00fcnd\u00fcr, \u00f6ylece dururken s\u0131z\u0131s\u0131 bir yaran\u0131n? Sesi, gecesi, boynu; elleri, sabah\u0131, sa\u00e7lar\u0131, ayaklar\u0131; at\u0131, r\u00fcyas\u0131, yata\u011f\u0131, vazge\u00e7i\u015fi ve \u00f6l\u00fcm\u00fc&#8230; M\u00fcmk\u00fcn m\u00fc bir tamama ermek ey kimse! M\u00fcmk\u00fcn m\u00fc varmak o da\u011fa, Sawa!   G\u00fclperi, G\u00fcl\u00eezar, \u0130smail. Ad\u0131 konsa da bir g\u00f6le benzeyen en \u00e7ok, bir r\u00fczg\u00e2ra, sahan\u0131 olmayan eve&#8230; Giyindi\u011fi her \u015feyden soyunuk, umars\u0131z bir a\u011faca&#8230; Tamamlanamayan bir \u00f6mr\u00fcn kekre yolcular\u0131 onlar. Tamamlanamayan herkes gibi.   Ya\u015f\u0131 uzun s\u00fcrenlerin yorgun nabz\u0131n\u0131 ta\u015f\u0131yor seherimize Cevahir Bedel. M\u00fcneccimle muvakk\u0131t\u0131n de\u011fil, m\u00fcbtela-y\u0131 gam ehlinin bildi\u011fi \u015feb-i yelday\u0131 s\u0131rl\u0131yor kalp aynam\u0131za.  Bir dengbej g\u0131rtla\u011f\u0131, bir dervi\u015f vakar\u0131yla.   &#8220;bir da\u011f ki hi\u00e7 olmad\u0131&#8221;; ritim ve tart\u0131m ba\u011flam\u0131nda kusursuz, duru ve yal\u0131n \u015fiirlerle okurunu selamlarken \u00e7a\u011fda\u015f T\u00fcrk\u00e7e \u015fiire, \u00f6zg\u00fcn-i\u00e7li bir b\u00fct\u00fcnl\u00fckl\u00fc \u015fiir toplam\u0131 arma\u011fan ediyor. <\/p>\n","protected":false},"excerpt":{"rendered":"<p>Ula\u015f\u0131lamayan ne varsa, sa\u00e7\u0131l\u0131 her \u015feyle beraber, d\u00f6nenir varl\u0131\u011f\u0131n kabu\u011funda. Tamam, demek ne\u00e7e m\u00fcmk\u00fcnd\u00fcr, \u00f6ylece dururken s\u0131z\u0131s\u0131 bir yaran\u0131n? Sesi, gecesi, boynu; elleri, sabah\u0131, sa\u00e7lar\u0131, ayaklar\u0131;<span class=\"excerpt-hellip\"> [\u2026]<\/span><\/p>\n","protected":false},"featured_media":0,"template":"","meta":{"_monsterinsights_skip_tracking":false,"_monsterinsights_sitenote_active":false,"_monsterinsights_sitenote_note":"","_monsterinsights_sitenote_category":0},"product_brand":[],"product_cat":[12291,12509],"product_tag":[],"class_list":{"0":"post-776399","1":"product","2":"type-product","3":"status-publish","5":"product_cat-edebiyat","6":"product_cat-siir","7":"pa_cilt-ciltsiz","8":"pa_tur-kitap","9":"pa_yayinevi-manos-yayinlari","10":"pa_yazar-cevahir-bedel","12":"first","13":"instock","14":"sale","15":"shipping-taxable","16":"purchasable","17":"product-type-simple"},"_links":{"self":[{"href":"https:\/\/roveyayinevi.com.tr\/index.php\/wp-json\/wp\/v2\/product\/776399","targetHints":{"allow":["GET"]}}],"collection":[{"href":"https:\/\/roveyayinevi.com.tr\/index.php\/wp-json\/wp\/v2\/product"}],"about":[{"href":"https:\/\/roveyayinevi.com.tr\/index.php\/wp-json\/wp\/v2\/types\/product"}],"wp:attachment":[{"href":"https:\/\/roveyayinevi.com.tr\/index.php\/wp-json\/wp\/v2\/media?parent=776399"}],"wp:term":[{"taxonomy":"product_brand","embeddable":true,"href":"https:\/\/roveyayinevi.com.tr\/index.php\/wp-json\/wp\/v2\/product_brand?post=776399"},{"taxonomy":"product_cat","embeddable":true,"href":"https:\/\/roveyayinevi.com.tr\/index.php\/wp-json\/wp\/v2\/product_cat?post=776399"},{"taxonomy":"product_tag","embeddable":true,"href":"https:\/\/roveyayinevi.com.tr\/index.php\/wp-json\/wp\/v2\/product_tag?post=776399"}],"curies":[{"name":"wp","href":"https:\/\/api.w.org\/{rel}","templated":true}]}}