{"id":776397,"date":"2025-09-25T08:02:55","date_gmt":"2025-09-25T05:02:55","guid":{"rendered":"https:\/\/roveyayinevi.com.tr\/index.php\/urun\/ugur-mumcudan-sonra-rabita\/"},"modified":"2026-04-16T02:53:47","modified_gmt":"2026-04-15T23:53:47","slug":"ugur-mumcudan-sonra-rabita","status":"publish","type":"product","link":"https:\/\/roveyayinevi.com.tr\/index.php\/urun\/ugur-mumcudan-sonra-rabita\/","title":{"rendered":"U\u011fur Mumcu&#8217;dan Sonra Rab\u0131ta"},"content":{"rendered":"<p>\u201cHEP\u0130M\u0130Z \u0130\u015eE WAMY\u2019DE BA\u015eLADIK.\u201d\u201cEfendiler, s\u0131ras\u0131 gelmi\u015fken, aziz milletime \u015funu tavsiye ederim ki ba\u011fr\u0131nda yeti\u015ftirerek ba\u015f\u0131n\u0131n \u00fcst\u00fcne kadar \u00e7\u0131karaca\u011f\u0131 adamlar\u0131n kan\u0131ndaki, vicdan\u0131ndaki \u00f6z cevheri \u00e7ok iyi tahlil etmek dikkatinden bir an geri kalmas\u0131n!\u201d\u2013 NutukRecep Tayyip Erdo\u011fan, 1970\u2019li y\u0131llarda Suudi Arabistan taraf\u0131ndan finanse edilen D\u00fcnya M\u00fcsl\u00fcman Gen\u00e7lik Te\u015fkilat\u0131\u2019n\u0131n (WAMY) \u00fcyesiydi. Bu \u00f6rg\u00fct\u00fcn Suudi Arabistan\u2019daki zirvesine kat\u0131larak burada sonralar\u0131 de\u011fi\u015fik \u00fclkelerde \u0130slamc\u0131 hareketlerin liderli\u011fine soyunacak isimlerle dostluk ili\u015fkisi kurdu. Bu toplant\u0131ya \u00e7a\u011fr\u0131lanlar zaten muhtemel lider adaylar\u0131yd\u0131.M\u00fcsl\u00fcman Karde\u015fler \u00fcyesi olan ve 1990\u2019l\u0131 y\u0131llarda \u00f6rg\u00fct\u00fcn s\u00f6zc\u00fcl\u00fc\u011f\u00fcn\u00fc yapan Kemal Helbavi, Erdo\u011fan\u2019la bu zirvede tan\u0131\u015fan isimler aras\u0131nda. Helbavi, burada yaln\u0131zca Erdo\u011fan\u2019la de\u011fil, Afganistan\u2019\u0131n eski cumhurba\u015fkan\u0131 Burhaneddin Rabbani ve Malezya\u2019n\u0131n eski ba\u015fbakan yard\u0131mc\u0131s\u0131 Enver \u0130brahim\u2019le de tan\u0131\u015ft\u0131klar\u0131n\u0131 anlat\u0131yor. Ve ekliyor: \u201cHepimiz i\u015fe WAMY\u2019de ba\u015flad\u0131k.\u201d Helbavi\u2019nin itiraflar\u0131 devam ediyor. M\u00fcsl\u00fcman Karde\u015fler\u2019in T\u00fcrkiye\u2019deki \u0130slamc\u0131 hareketle ili\u015fkisinin \u00e7ok eskiye dayand\u0131\u011f\u0131n\u0131 belirtirken, \u201cT\u00fcrkiye\u2019deki milliyet\u00e7i ve \u0130slamc\u0131 arka plana dayanan hareketlerle ya da siyasi partilerle, AKP\u2019nin kurulu\u015fundan da \u00f6nce, ilk ortaya \u00e7\u0131kt\u0131klar\u0131ndan beri ba\u011flant\u0131m\u0131z oldu. Erbakan\u2019\u0131n daha sonra Milli Selamet Partisi\u2019ne (MSP) d\u00f6n\u00fc\u015fen Milli Nizam Partisi\u2019nin (MNP) kurulu\u015fundan itibaren, T\u00fcrkiye\u2019deki \u0130slamc\u0131 hareketle ba\u011flant\u0131lar\u0131m\u0131z bulunuyordu\u201d diyor.Erdo\u011fan\u2019\u0131n, gelece\u011fin \u0130slamc\u0131 liderleriyle tan\u0131\u015ft\u0131\u011f\u0131 Suudi Arabistan\u2019daki zirveden d\u00f6nd\u00fckten k\u0131sa s\u00fcre sonra, MSP \u0130stanbul Gen\u00e7lik Kollar\u0131 Ba\u015fkan\u0131 yap\u0131lmas\u0131 ve bug\u00fcne gelinmesi tesad\u00fcf de\u011fil, planl\u0131d\u0131r.Rab\u0131ta \u00f6rg\u00fct\u00fc, T\u00fcrkiye Cumhuriyeti Devleti\u2019ni ele ge\u00e7irmi\u015f ve esir alm\u0131\u015ft\u0131r. T\u00fcrk milleti M\u00fcsl\u00fcmanl\u0131\u011f\u0131 kabul etmi\u015ftir etmesine ama halen Hz. Muhammed\u2019in getirdi\u011fi \u0130slam dini yerine Emevi inanc\u0131na ve t\u00f6resine g\u00f6re inand\u0131\u011f\u0131n\u0131n fark\u0131nda de\u011fildir. Y\u00fcz y\u0131l \u00f6nce \u0130ngiliz \u0130slam\u2019\u0131na kar\u015f\u0131 sava\u015fan Mustafa Kemal Atat\u00fcrk \u00f6ld\u00fcr\u00fcld\u00fckten sonra ikame edilen din maalesef ger\u00e7ek \u0130slam yerine \u0130ngiliz-Emevi \u0130slam\u2019\u0131 yahut da Vehhabi inanc\u0131 ile birle\u015fik Yahudili\u011fin Torah kitab\u0131nda yer alan \u015feriat ikilemidir.Yaradan\u2019a yak\u0131n ve kul olabilmek i\u00e7in arac\u0131lara ihtiya\u00e7 yoktur. Y\u00fcce Yaradan insano\u011fluna \u015fahdamar\u0131ndan daha yak\u0131nd\u0131r; dua edenlerin duas\u0131na en g\u00fczel \u015fekilde kar\u015f\u0131l\u0131k verece\u011fini kendisi ifade etmektedir.Halk\u0131m\u0131z, kendisini cennete havale edece\u011fi inanc\u0131yla, \u0130slam dininin yay\u0131lmaya ba\u015flad\u0131\u011f\u0131 g\u00fcnden bug\u00fcne kendisini hep arac\u0131lara teslim etmi\u015f ve ayete ve emre ayk\u0131r\u0131 olan bu hareketin kayna\u011f\u0131n\u0131 ve amac\u0131n\u0131 ne g\u00f6rebilmi\u015f ne de bilebilmi\u015ftir.<\/p>\n","protected":false},"excerpt":{"rendered":"<p>\u201cHEP\u0130M\u0130Z \u0130\u015eE WAMY\u2019DE BA\u015eLADIK.\u201d\u201cEfendiler, s\u0131ras\u0131 gelmi\u015fken, aziz milletime \u015funu tavsiye ederim ki ba\u011fr\u0131nda yeti\u015ftirerek ba\u015f\u0131n\u0131n \u00fcst\u00fcne kadar \u00e7\u0131karaca\u011f\u0131 adamlar\u0131n kan\u0131ndaki, vicdan\u0131ndaki \u00f6z cevheri \u00e7ok iyi tahlil<span class=\"excerpt-hellip\"> [\u2026]<\/span><\/p>\n","protected":false},"featured_media":0,"template":"","meta":{"_monsterinsights_skip_tracking":false,"_monsterinsights_sitenote_active":false,"_monsterinsights_sitenote_note":"","_monsterinsights_sitenote_category":0},"product_brand":[],"product_cat":[13590,12337],"product_tag":[],"class_list":{"0":"post-776397","1":"product","2":"type-product","3":"status-publish","5":"product_cat-arastirma-inceleme-politika-siyaset","6":"product_cat-politika-siyaset","7":"pa_cilt-ciltsiz","8":"pa_tur-kitap","9":"pa_yayinevi-destek-yayinlari","10":"pa_yazar-huseyin-hakki-kahveci","12":"first","13":"instock","14":"sale","15":"shipping-taxable","16":"purchasable","17":"product-type-simple"},"_links":{"self":[{"href":"https:\/\/roveyayinevi.com.tr\/index.php\/wp-json\/wp\/v2\/product\/776397","targetHints":{"allow":["GET"]}}],"collection":[{"href":"https:\/\/roveyayinevi.com.tr\/index.php\/wp-json\/wp\/v2\/product"}],"about":[{"href":"https:\/\/roveyayinevi.com.tr\/index.php\/wp-json\/wp\/v2\/types\/product"}],"wp:attachment":[{"href":"https:\/\/roveyayinevi.com.tr\/index.php\/wp-json\/wp\/v2\/media?parent=776397"}],"wp:term":[{"taxonomy":"product_brand","embeddable":true,"href":"https:\/\/roveyayinevi.com.tr\/index.php\/wp-json\/wp\/v2\/product_brand?post=776397"},{"taxonomy":"product_cat","embeddable":true,"href":"https:\/\/roveyayinevi.com.tr\/index.php\/wp-json\/wp\/v2\/product_cat?post=776397"},{"taxonomy":"product_tag","embeddable":true,"href":"https:\/\/roveyayinevi.com.tr\/index.php\/wp-json\/wp\/v2\/product_tag?post=776397"}],"curies":[{"name":"wp","href":"https:\/\/api.w.org\/{rel}","templated":true}]}}