{"id":776391,"date":"2025-09-25T06:03:32","date_gmt":"2025-09-25T03:03:32","guid":{"rendered":"https:\/\/roveyayinevi.com.tr\/index.php\/urun\/siir-ve-mitologya\/"},"modified":"2026-04-16T02:32:25","modified_gmt":"2026-04-15T23:32:25","slug":"siir-ve-mitologya","status":"publish","type":"product","link":"https:\/\/roveyayinevi.com.tr\/index.php\/urun\/siir-ve-mitologya\/","title":{"rendered":"\u015eiir ve Mitologya"},"content":{"rendered":"<p>\u015eiir ve Mitologya\u2019da mitoslar\u0131n, Antik Yunan ve Latin uygarl\u0131klar\u0131n\u0131n kaynaklar\u0131 kabul edilen temel metinlerin Cumhuriyet d\u00f6nemi \u015fiirinde buldu\u011fu yans\u0131malar ve g\u00fcn\u00fcm\u00fcz \u015fiirine dek uzanan etkileri N\u00e2z\u0131m Hikmet\u2019ten Faz\u0131l H\u00fcsn\u00fc Da\u011flarca\u2019ya, Oktay Rifat\u2019tan Melih Cevdet Anday ve Beh\u00e7et Necatigil\u2019e zengin \u00f6rneklerle sunuluyor. \u015eiir ve Mitologya, mitos ve mitologya kavramlar\u0131, sanat ve mitos aras\u0131ndaki ba\u011flar; psikanaliz, arketip\u00e7i kuramlar, mythopoetik y\u00f6ntem, feminist mit ele\u015ftirisi gibi mitosa dair felsefi ve psikolojik yakla\u015f\u0131mlar konusunda sa\u011flam bir kuramsal \u00e7er\u00e7eve sunuyor.Afacan, Cumhuriyet d\u00f6nemi \u015fiirinde \u00f6zellikle 1950\u2019li y\u0131llar ve sonras\u0131nda mitologyadan beslenen yetkin yap\u0131tlar\u0131n \u00f6ne \u00e7\u0131karak \u015fiirlerin anlam katmanlar\u0131n\u0131 zenginle\u015ftirmesi \u00fczerinde durarak konuyu derinlemesine ele al\u0131yor. Ayd\u0131n Afacan\u2019\u0131n, Cumhuriyet d\u00f6nemi \u015fiirini ku\u015fatan, \u201cyabanc\u0131\u201d say\u0131lan birtak\u0131m \u00f6\u011felerin modern \u015fiirde evrensel anlat\u0131m gere\u00e7lerine d\u00f6n\u00fc\u015ft\u00fcr\u00fclebilece\u011fini g\u00f6steren, alan\u0131nda ilk olan bu oylumlu \u00e7al\u0131\u015fmas\u0131, \u015fiir ve mitologya ili\u015fkisine temel bir giri\u015f niteli\u011finde.<\/p>\n","protected":false},"excerpt":{"rendered":"<p>\u015eiir ve Mitologya\u2019da mitoslar\u0131n, Antik Yunan ve Latin uygarl\u0131klar\u0131n\u0131n kaynaklar\u0131 kabul edilen temel metinlerin Cumhuriyet d\u00f6nemi \u015fiirinde buldu\u011fu yans\u0131malar ve g\u00fcn\u00fcm\u00fcz \u015fiirine dek uzanan etkileri N\u00e2z\u0131m<span class=\"excerpt-hellip\"> [\u2026]<\/span><\/p>\n","protected":false},"featured_media":0,"template":"","meta":{"_monsterinsights_skip_tracking":false,"_monsterinsights_sitenote_active":false,"_monsterinsights_sitenote_note":"","_monsterinsights_sitenote_category":0},"product_brand":[],"product_cat":[12291,12509],"product_tag":[],"class_list":{"0":"post-776391","1":"product","2":"type-product","3":"status-publish","5":"product_cat-edebiyat","6":"product_cat-siir","7":"pa_cilt-ciltsiz","8":"pa_tur-kitap","9":"pa_yayinevi-everest-yayinlari","10":"pa_yazar-aydin-afacan","12":"first","13":"instock","14":"sale","15":"shipping-taxable","16":"purchasable","17":"product-type-simple"},"_links":{"self":[{"href":"https:\/\/roveyayinevi.com.tr\/index.php\/wp-json\/wp\/v2\/product\/776391","targetHints":{"allow":["GET"]}}],"collection":[{"href":"https:\/\/roveyayinevi.com.tr\/index.php\/wp-json\/wp\/v2\/product"}],"about":[{"href":"https:\/\/roveyayinevi.com.tr\/index.php\/wp-json\/wp\/v2\/types\/product"}],"wp:attachment":[{"href":"https:\/\/roveyayinevi.com.tr\/index.php\/wp-json\/wp\/v2\/media?parent=776391"}],"wp:term":[{"taxonomy":"product_brand","embeddable":true,"href":"https:\/\/roveyayinevi.com.tr\/index.php\/wp-json\/wp\/v2\/product_brand?post=776391"},{"taxonomy":"product_cat","embeddable":true,"href":"https:\/\/roveyayinevi.com.tr\/index.php\/wp-json\/wp\/v2\/product_cat?post=776391"},{"taxonomy":"product_tag","embeddable":true,"href":"https:\/\/roveyayinevi.com.tr\/index.php\/wp-json\/wp\/v2\/product_tag?post=776391"}],"curies":[{"name":"wp","href":"https:\/\/api.w.org\/{rel}","templated":true}]}}