{"id":776389,"date":"2025-09-25T05:18:07","date_gmt":"2025-09-25T02:18:07","guid":{"rendered":"https:\/\/roveyayinevi.com.tr\/index.php\/urun\/kuranin-kulu-kolesi-mevlana\/"},"modified":"2026-04-16T02:25:54","modified_gmt":"2026-04-15T23:25:54","slug":"kuranin-kulu-kolesi-mevlana","status":"publish","type":"product","link":"https:\/\/roveyayinevi.com.tr\/index.php\/urun\/kuranin-kulu-kolesi-mevlana\/","title":{"rendered":"Kur&#8217;an&#8217;\u0131n Kulu K\u00f6lesi Mevlana"},"content":{"rendered":"<p>Mevlana, a\u00e7\u0131k\u00e7a Kur\u2019an\u2019\u0131n kulu k\u00f6lesi, Hz. Muhammed\u2019in nurlu yolunun topra\u011f\u0131 olarak kendini takdim etmi\u015ftir. Onun \u00e7a\u011fr\u0131s\u0131, \u0130slam\u2019a Kur\u2019an\u2019a, Peygamberin yoluna ve \u0130slam\u2019\u0131n, Kur\u2019an\u2019\u0131n anla\u015f\u0131lmas\u0131ile a\u015fkla ya\u015fanmas\u0131na, Peygamberin yolundan a\u015fk\u2019la y\u00fcr\u00fcnmesine y\u00f6nelik olmu\u015ftur.Mevlana\u2019n\u0131n d\u00fc\u015f\u00fcnceleri, dikkatli ve sistematik bir b\u00fct\u00fcnl\u00fck i\u00e7inde incelendi\u011finde, b\u00fct\u00fcn eserlerinin Kur\u2019an ayetlerinden ve peygambere atfedilen ve yine Kur\u2019antemelli s\u00f6zlerinden hareketle \u0130sl\u00e2m\u2019\u0131n esas\u0131 olan tevhid (Allah\u2019\u0131n birli\u011fi) inanc\u0131n\u0131 dile getirmek \u00fczere yaz\u0131ld\u0131\u011f\u0131 g\u00f6r\u00fclecektir.Dolay\u0131s\u0131yla diyebiliriz ki , Mevlana\u2019y\u0131 anlamak i\u00e7in Kur\u2019an\u2019\u0131 \u00e7ok iyi anlamak gerekirken, Kur\u2019an\u2019\u0131 iyi anlam\u0131\u015f olmak da Mevlana\u2019y\u0131 anlamay\u0131 sa\u011flayacakt\u0131r.Bu kitapta, Dr. \u00d6zdemir\u2019in Mevlana\u2019n\u0131n be\u015f eseri olan Mesnevi, Divan-\u0131 Kebir, Fi-Hi Ma-Fih, Mecalis-i Sab\u2019a ve Mektuplar\u2019dan \u00f6zl\u00fc s\u00f6zler olarak se\u00e7mi\u015f oldu\u011fu bal damlalar\u0131nda toplam 1720 ayete de\u011finilmi\u015f oldu\u011funu ve bu Kur\u2019an ayetlerinin bir nevi tekrar\u0131n\u0131n yap\u0131ld\u0131\u011f\u0131n\u0131 g\u00f6receksiniz. Se\u00e7ilen bal damlalar\u0131n\u0131n genelinebak\u0131ld\u0131\u011f\u0131nda, temelde hepsinin yine Kur\u2019an\u2019a dayand\u0131r\u0131lm\u0131\u015f oldu\u011funu sizler de fark edeceksiniz.<\/p>\n","protected":false},"excerpt":{"rendered":"<p>Mevlana, a\u00e7\u0131k\u00e7a Kur\u2019an\u2019\u0131n kulu k\u00f6lesi, Hz. Muhammed\u2019in nurlu yolunun topra\u011f\u0131 olarak kendini takdim etmi\u015ftir. Onun \u00e7a\u011fr\u0131s\u0131, \u0130slam\u2019a Kur\u2019an\u2019a, Peygamberin yoluna ve \u0130slam\u2019\u0131n, Kur\u2019an\u2019\u0131n anla\u015f\u0131lmas\u0131ile a\u015fkla ya\u015fanmas\u0131na,<span class=\"excerpt-hellip\"> [\u2026]<\/span><\/p>\n","protected":false},"featured_media":0,"template":"","meta":{"_monsterinsights_skip_tracking":false,"_monsterinsights_sitenote_active":false,"_monsterinsights_sitenote_note":"","_monsterinsights_sitenote_category":0},"product_brand":[],"product_cat":[12718,12719,15238],"product_tag":[],"class_list":{"0":"post-776389","1":"product","2":"type-product","3":"status-publish","5":"product_cat-din","6":"product_cat-islam","7":"product_cat-tasavvuf","8":"pa_cilt-ciltsiz","9":"pa_tur-kitap","10":"pa_yayinevi-nergiz-yayinlari","11":"pa_yazar-gazi-ozdemir","13":"first","14":"instock","15":"sale","16":"shipping-taxable","17":"purchasable","18":"product-type-simple"},"_links":{"self":[{"href":"https:\/\/roveyayinevi.com.tr\/index.php\/wp-json\/wp\/v2\/product\/776389","targetHints":{"allow":["GET"]}}],"collection":[{"href":"https:\/\/roveyayinevi.com.tr\/index.php\/wp-json\/wp\/v2\/product"}],"about":[{"href":"https:\/\/roveyayinevi.com.tr\/index.php\/wp-json\/wp\/v2\/types\/product"}],"wp:attachment":[{"href":"https:\/\/roveyayinevi.com.tr\/index.php\/wp-json\/wp\/v2\/media?parent=776389"}],"wp:term":[{"taxonomy":"product_brand","embeddable":true,"href":"https:\/\/roveyayinevi.com.tr\/index.php\/wp-json\/wp\/v2\/product_brand?post=776389"},{"taxonomy":"product_cat","embeddable":true,"href":"https:\/\/roveyayinevi.com.tr\/index.php\/wp-json\/wp\/v2\/product_cat?post=776389"},{"taxonomy":"product_tag","embeddable":true,"href":"https:\/\/roveyayinevi.com.tr\/index.php\/wp-json\/wp\/v2\/product_tag?post=776389"}],"curies":[{"name":"wp","href":"https:\/\/api.w.org\/{rel}","templated":true}]}}