{"id":776388,"date":"2025-09-25T05:14:56","date_gmt":"2025-09-25T02:14:56","guid":{"rendered":"https:\/\/roveyayinevi.com.tr\/index.php\/urun\/zafer-sizlanarak-kazanilmaz\/"},"modified":"2026-04-16T02:25:45","modified_gmt":"2026-04-15T23:25:45","slug":"zafer-sizlanarak-kazanilmaz","status":"publish","type":"product","link":"https:\/\/roveyayinevi.com.tr\/index.php\/urun\/zafer-sizlanarak-kazanilmaz\/","title":{"rendered":"Zafer S\u0131zlanarak Kazan\u0131lmaz"},"content":{"rendered":"<p>En son ne zaman yeni bir \u015feye karar verdin? Birilerinin fikirleri neden bu kadar etkiliyor seni? Neden onlar\u0131n cetveli ile \u00f6l\u00e7\u00fcyorsun, her do\u011frunu, her umudunu, her hayalini? Ba\u015fkalar\u0131n\u0131n y\u0131llard\u0131r zehirledi\u011fi senden kurtulmak laz\u0131m. Yumurtadan \u00e7\u0131kman laz\u0131m.   Hayat\u0131n\u0131n ilk yar\u0131s\u0131 \u00f6yle ya da b\u00f6yle ge\u00e7ti, bug\u00fcne geldin. Elindekiler her ne ise, i\u015fimizi g\u00f6r\u00fcr. \u015eimdi seni yeniden in\u015fa etme zaman\u0131. De\u011fi\u015fmek ve geli\u015fmek i\u00e7in, tek ihtiyac\u0131n sensin. Art\u0131k ba\u015fkalar\u0131na g\u00f6re de\u011fil, cesaretine g\u00f6re ya\u015fam ba\u015flamal\u0131. Nas\u0131l m\u0131? Bir s\u00fcre sana arkada\u015fl\u0131k etmeme izin ver.   Kitab\u0131n i\u00e7inde seninle, sana gidece\u011fiz. Yeni sana. Senin yeni versiyonuna. Sen 2.0 versiyonuna. Evet, birinci versiyon \u00e7al\u0131\u015f\u0131yordu ama kabul et birka\u00e7 kusur vard\u0131. \u015eimdi yeni model seni tasarlarken ve geli\u015ftirirken \u00f6nce hasar tespit yap\u0131p, sorunlardan kurtulaca\u011f\u0131z. Sonra da seni, ger\u00e7ek olman gereken seni do\u011furaca\u011f\u0131z. Do\u011fum g\u00fcn\u00fcn\u00fc se\u00e7meye haz\u0131r m\u0131s\u0131n? Korkma yaln\u0131z de\u011filsin. Sen vars\u0131n. <\/p>\n","protected":false},"excerpt":{"rendered":"<p>En son ne zaman yeni bir \u015feye karar verdin? Birilerinin fikirleri neden bu kadar etkiliyor seni? Neden onlar\u0131n cetveli ile \u00f6l\u00e7\u00fcyorsun, her do\u011frunu, her umudunu, her<span class=\"excerpt-hellip\"> [\u2026]<\/span><\/p>\n","protected":false},"featured_media":0,"template":"","meta":{"_monsterinsights_skip_tracking":false,"_monsterinsights_sitenote_active":false,"_monsterinsights_sitenote_note":"","_monsterinsights_sitenote_category":0},"product_brand":[],"product_cat":[12364,12376],"product_tag":[],"class_list":{"0":"post-776388","1":"product","2":"type-product","3":"status-publish","5":"product_cat-genel-konular","6":"product_cat-kisisel-gelisim","7":"pa_cilt-ciltsiz","8":"pa_tur-kitap","9":"pa_yayinevi-destek-yayinlari","10":"pa_yazar-haluk-tatar","12":"first","13":"instock","14":"sale","15":"shipping-taxable","16":"purchasable","17":"product-type-simple"},"_links":{"self":[{"href":"https:\/\/roveyayinevi.com.tr\/index.php\/wp-json\/wp\/v2\/product\/776388","targetHints":{"allow":["GET"]}}],"collection":[{"href":"https:\/\/roveyayinevi.com.tr\/index.php\/wp-json\/wp\/v2\/product"}],"about":[{"href":"https:\/\/roveyayinevi.com.tr\/index.php\/wp-json\/wp\/v2\/types\/product"}],"wp:attachment":[{"href":"https:\/\/roveyayinevi.com.tr\/index.php\/wp-json\/wp\/v2\/media?parent=776388"}],"wp:term":[{"taxonomy":"product_brand","embeddable":true,"href":"https:\/\/roveyayinevi.com.tr\/index.php\/wp-json\/wp\/v2\/product_brand?post=776388"},{"taxonomy":"product_cat","embeddable":true,"href":"https:\/\/roveyayinevi.com.tr\/index.php\/wp-json\/wp\/v2\/product_cat?post=776388"},{"taxonomy":"product_tag","embeddable":true,"href":"https:\/\/roveyayinevi.com.tr\/index.php\/wp-json\/wp\/v2\/product_tag?post=776388"}],"curies":[{"name":"wp","href":"https:\/\/api.w.org\/{rel}","templated":true}]}}