{"id":776386,"date":"2025-09-25T04:37:49","date_gmt":"2025-09-25T01:37:49","guid":{"rendered":"https:\/\/roveyayinevi.com.tr\/index.php\/urun\/veda-divani-toplu-siirler-1966-2016-bez-ciltli\/"},"modified":"2026-04-08T02:26:38","modified_gmt":"2026-04-07T23:26:38","slug":"veda-divani-toplu-siirler-1966-2016-bez-ciltli","status":"publish","type":"product","link":"https:\/\/roveyayinevi.com.tr\/index.php\/urun\/veda-divani-toplu-siirler-1966-2016-bez-ciltli\/","title":{"rendered":"Veda Divan\u0131 Toplu \u015eiirler 1966-2016 (Bez Ciltli)"},"content":{"rendered":"<p>Yeni bir defterUnutmalar \u00fczerineAh kad\u0131nH\u0131z ve tans\u0131kS\u00f6z yorgunlu\u011fuHayaletimsi g\u00f6lgelerK\u00f6k ve keh\u00e2net\u00d6ncesi miSonras\u0131 m\u0131Kara bir \u00fctopyaEski bir a\u015fkVeda divan\u0131 I, Veda divan\u0131 IIBak\u0131\u015f\u0131n seninU\u00e7an Su <\/p>\n","protected":false},"excerpt":{"rendered":"<p>Yeni bir defterUnutmalar \u00fczerineAh kad\u0131nH\u0131z ve tans\u0131kS\u00f6z yorgunlu\u011fuHayaletimsi g\u00f6lgelerK\u00f6k ve keh\u00e2net\u00d6ncesi miSonras\u0131 m\u0131Kara bir \u00fctopyaEski bir a\u015fkVeda divan\u0131 I, Veda divan\u0131 IIBak\u0131\u015f\u0131n seninU\u00e7an Su<\/p>\n","protected":false},"featured_media":0,"template":"","meta":{"_monsterinsights_skip_tracking":false,"_monsterinsights_sitenote_active":false,"_monsterinsights_sitenote_note":"","_monsterinsights_sitenote_category":0},"product_brand":[],"product_cat":[12291,12509],"product_tag":[],"class_list":{"0":"post-776386","1":"product","2":"type-product","3":"status-publish","5":"product_cat-edebiyat","6":"product_cat-siir","7":"pa_cilt-ciltli","8":"pa_tur-kitap","9":"pa_yayinevi-everest-yayinlari","10":"pa_yazar-ahmet-telli","12":"first","13":"instock","14":"sale","15":"shipping-taxable","16":"purchasable","17":"product-type-simple"},"_links":{"self":[{"href":"https:\/\/roveyayinevi.com.tr\/index.php\/wp-json\/wp\/v2\/product\/776386","targetHints":{"allow":["GET"]}}],"collection":[{"href":"https:\/\/roveyayinevi.com.tr\/index.php\/wp-json\/wp\/v2\/product"}],"about":[{"href":"https:\/\/roveyayinevi.com.tr\/index.php\/wp-json\/wp\/v2\/types\/product"}],"wp:attachment":[{"href":"https:\/\/roveyayinevi.com.tr\/index.php\/wp-json\/wp\/v2\/media?parent=776386"}],"wp:term":[{"taxonomy":"product_brand","embeddable":true,"href":"https:\/\/roveyayinevi.com.tr\/index.php\/wp-json\/wp\/v2\/product_brand?post=776386"},{"taxonomy":"product_cat","embeddable":true,"href":"https:\/\/roveyayinevi.com.tr\/index.php\/wp-json\/wp\/v2\/product_cat?post=776386"},{"taxonomy":"product_tag","embeddable":true,"href":"https:\/\/roveyayinevi.com.tr\/index.php\/wp-json\/wp\/v2\/product_tag?post=776386"}],"curies":[{"name":"wp","href":"https:\/\/api.w.org\/{rel}","templated":true}]}}