{"id":776385,"date":"2025-09-25T04:34:56","date_gmt":"2025-09-25T01:34:56","guid":{"rendered":"https:\/\/roveyayinevi.com.tr\/index.php\/urun\/abum-rabum\/"},"modified":"2026-04-16T02:20:27","modified_gmt":"2026-04-15T23:20:27","slug":"abum-rabum","status":"publish","type":"product","link":"https:\/\/roveyayinevi.com.tr\/index.php\/urun\/abum-rabum\/","title":{"rendered":"Abum Rabum"},"content":{"rendered":"<p>Kar\u0131s\u0131 Saray, Avram\u2019a \u00e7ocuk verememi\u015fti. Saray\u2019\u0131n Hacer ad\u0131nda M\u0131s\u0131rl\u0131 bir cariyesi vard\u0131. Saray Avram\u2019a, (\u2026) \u201cL\u00fctfen cariyemle yat, belki bu yolla bir \u00e7ocuk sahibi olabilirim\u201d dedi. Avram Saray\u2019\u0131n s\u00f6z\u00fcn\u00fc dinledi. (\u2026) Rabb\u2019\u0131n mele\u011fi (hamile kalan Hacer\u2019e) (\u2026) \u201cBir o\u011flun olacak,ad\u0131n\u0131 \u0130smail koyacaks\u0131n. (\u2026) Herkes ona kar\u015f\u0131 \u00e7\u0131kacak, karde\u015fleri onunla hep \u00e7eki\u015fme i\u00e7inde ya\u015fayacak\u201d dedi (Tevrat, Tekvin, B\u00e2b 16).\u0130brahim\u2019in biri k\u00f6le, biri de \u00f6zg\u00fcr kad\u0131ndan iki o\u011flu vard\u0131r. (\u2026)Bu kad\u0131nlar iki antla\u015fmay\u0131 simgelemektedir. Biri Sina Da\u011f\u0131\u2019ndand\u0131r, k\u00f6le olacak \u00e7ocuklar do\u011furur; bu Hacer\u2019dir. Oysa g\u00f6ksel Yeru\u015felim \u00f6zg\u00fcrd\u00fcr, annemiz odur.(\u2026) \u0130\u015fte b\u00f6yle karde\u015fler, bizler cariyenin de\u011fil, \u00f6zg\u00fcr kad\u0131n\u0131n (Sara\u2019n\u0131n) \u00e7ocuklar\u0131y\u0131z (\u0130ncil, Galatyal\u0131lar 4\/21-31). D\u00fcnyan\u0131n en eski medeniyetlerine ev sahipli\u011fi yapan Ortado\u011fu\u2026 \u0130nsanl\u0131\u011f\u0131n be\u015fi\u011fi ve Hz. \u0130brahim\u2019in ayak izlerini ta\u015f\u0131yan yurtlar\u2026 Ve M\u00fcsl\u00fcmanlar \u00fczerinden s\u00fcregiden sava\u015flar\u2026 Bir bak\u0131maHz. \u0130brahim\u2019in miras\u0131 pe\u015findeki evlatlar\u0131n\u0131n amans\u0131z m\u00fccadelesi\u2026Ortado\u011fu\u2019da yaln\u0131zca fikirler, inan\u0131\u015flar, canlar de\u011fil, tarih de bir katliam\u0131n pen\u00e7esinde. Art\u0131k hakikati g\u00f6renler, Irak ve Suriye\u2019de birinin kan\u0131 topra\u011fa akarken uzaklarda kan\u0131 bitlenen birilerini, burada bir kur\u015fun namludan f\u0131rlad\u0131\u011f\u0131nda me\u00e7hul \u00fclkelerde kabaran c\u00fczdanlar\u0131, burada annelerin a\u011f\u0131tlar\u0131 g\u00f6zya\u015flar\u0131na kar\u0131\u015f\u0131rken bir yerlere gizlice ka\u00e7\u0131r\u0131lan tarihi miras\u0131 fark edebiliyorlar. Oynanan oyuna insanl\u0131\u011f\u0131n ge\u00e7mi\u015fiyle hesapla\u015fmas\u0131 deniyor ama hakikatte gelece\u011fini belirleme potansiyeline sahip.Elinizdeki kitab\u0131 yaln\u0131zca Roma, Kud\u00fcs ve \u0130stanbul eksenindebir casusluk roman\u0131 olarak de\u011fil, ayn\u0131 zamandaMezopotamya\u2019n\u0131n sosyal, siyasi ve sanatsal tarihi gibi de okuyacaks\u0131n\u0131z. \u0130skender Pala\u2019n\u0131n her zamanki yetkinkaleminden nefes nefese bir polisiye&#8230; <\/p>\n","protected":false},"excerpt":{"rendered":"<p>Kar\u0131s\u0131 Saray, Avram\u2019a \u00e7ocuk verememi\u015fti. Saray\u2019\u0131n Hacer ad\u0131nda M\u0131s\u0131rl\u0131 bir cariyesi vard\u0131. Saray Avram\u2019a, (\u2026) \u201cL\u00fctfen cariyemle yat, belki bu yolla bir \u00e7ocuk sahibi olabilirim\u201d dedi.<span class=\"excerpt-hellip\"> [\u2026]<\/span><\/p>\n","protected":false},"featured_media":0,"template":"","meta":{"_monsterinsights_skip_tracking":false,"_monsterinsights_sitenote_active":false,"_monsterinsights_sitenote_note":"","_monsterinsights_sitenote_category":0},"product_brand":[],"product_cat":[12291,12711],"product_tag":[],"class_list":{"0":"post-776385","1":"product","2":"type-product","3":"status-publish","5":"product_cat-edebiyat","6":"product_cat-roman-oyku","7":"pa_cilt-ciltsiz","8":"pa_tur-kitap","9":"pa_yayinevi-kapi-yayinlari","10":"pa_yazar-iskender-pala","12":"first","13":"instock","14":"sale","15":"shipping-taxable","16":"purchasable","17":"product-type-simple"},"_links":{"self":[{"href":"https:\/\/roveyayinevi.com.tr\/index.php\/wp-json\/wp\/v2\/product\/776385","targetHints":{"allow":["GET"]}}],"collection":[{"href":"https:\/\/roveyayinevi.com.tr\/index.php\/wp-json\/wp\/v2\/product"}],"about":[{"href":"https:\/\/roveyayinevi.com.tr\/index.php\/wp-json\/wp\/v2\/types\/product"}],"wp:attachment":[{"href":"https:\/\/roveyayinevi.com.tr\/index.php\/wp-json\/wp\/v2\/media?parent=776385"}],"wp:term":[{"taxonomy":"product_brand","embeddable":true,"href":"https:\/\/roveyayinevi.com.tr\/index.php\/wp-json\/wp\/v2\/product_brand?post=776385"},{"taxonomy":"product_cat","embeddable":true,"href":"https:\/\/roveyayinevi.com.tr\/index.php\/wp-json\/wp\/v2\/product_cat?post=776385"},{"taxonomy":"product_tag","embeddable":true,"href":"https:\/\/roveyayinevi.com.tr\/index.php\/wp-json\/wp\/v2\/product_tag?post=776385"}],"curies":[{"name":"wp","href":"https:\/\/api.w.org\/{rel}","templated":true}]}}