{"id":776384,"date":"2025-09-25T04:30:38","date_gmt":"2025-09-25T01:30:38","guid":{"rendered":"https:\/\/roveyayinevi.com.tr\/index.php\/urun\/bir-cumle-olmaya-geldim\/"},"modified":"2025-12-30T10:10:01","modified_gmt":"2025-12-30T07:10:01","slug":"bir-cumle-olmaya-geldim","status":"publish","type":"product","link":"https:\/\/roveyayinevi.com.tr\/index.php\/urun\/bir-cumle-olmaya-geldim\/","title":{"rendered":"Bir C\u00fcmle Olmaya Geldim"},"content":{"rendered":"<p>Ferruh Tun\u00e7\u2019un \u015fiirleri, yal\u0131n bir yakla\u015f\u0131mla uygarl\u0131k ve benlik aray\u0131\u015f\u0131na yaslan\u0131r. Bu aray\u0131\u015f, kurumlar\u0131n, de\u011ferlerin ve be\u011fenilerin \u00e7\u00f6z\u00fcld\u00fc\u011f\u00fc, birbirine kar\u0131\u015ft\u0131\u011f\u0131 ve fakat yeni olan\u0131n apa\u00e7\u0131k belirginle\u015fmedi\u011fi bir ge\u00e7i\u015f zaman\u0131nda (onun deyi\u015fiyle melez zamanlarda) ger\u00e7ekle\u015fiyor. Uygarl\u0131k ve benlik aray\u0131\u015f\u0131, Bir C\u00fcmle Olmaya Geldim\u2019de daha da \u00f6ne \u00e7\u0131k\u0131yor. Ard\u0131\u015f\u0131k okunan Flamenko, Fado, Ya Leyl ve Uzun Hava b\u00f6l\u00fcmlerinde \u00f6zellikle lirik olmaktan ka\u00e7\u0131nan ama yine de oradan s\u00f6z alan \u015fair, yak\u0131nl\u0131\u011f\u0131n uzakl\u0131\u011fa, benzerli\u011fin ba\u015fkal\u0131\u011fa olan varl\u0131k borcunun ay\u0131rd\u0131ndad\u0131r. Aray\u0131\u015flar\u0131, antik kentlerde, m\u00fczelerde, eve d\u00f6n\u00fc\u015f yollar\u0131nda zaman\u0131n par\u00e7alanm\u0131\u015fl\u0131\u011f\u0131n\u0131 sa\u011faltmay\u0131, yitik mek\u00e2nlar\u0131n yeniden bulunmas\u0131n\u0131 ve bir \u015fekilde bize ait k\u0131l\u0131nmas\u0131n\u0131n \u00e7abalar\u0131 olarak da okuyabiliriz. \u00d6nceki kitaplar\u0131yla Ceyhun Atuf Kansu, Beh\u00e7et Aysan ve Beh\u00e7et Necatigil \u015fiir \u00f6d\u00fcllerini alan Ferruh Tun\u00e7, e\u011filimini ve ele\u015ftirel mesafesini sezgisel akl\u0131n s\u00fczgecinden ge\u00e7irerek ortaya koyuyor. Bu \u00e7abas\u0131n\u0131 \u015fiir dilinin ve olanaklar\u0131n\u0131n vaaz, reklam ve propaganda dili taraf\u0131ndan ele ge\u00e7irilmesine kar\u015f\u0131 bir duru\u015f olarak belirliyor. Bir C\u00fcmle Olmaya Geldim, benim a\u00e7\u0131mdan \u00f6zg\u00fcn olmaktan taviz vermeyen, zaman ve mek\u00e2n aray\u0131\u015f\u0131 ile yerli ama evrensel; yeni bir caz duygusudur. <\/p>\n","protected":false},"excerpt":{"rendered":"<p>Ferruh Tun\u00e7\u2019un \u015fiirleri, yal\u0131n bir yakla\u015f\u0131mla uygarl\u0131k ve benlik aray\u0131\u015f\u0131na yaslan\u0131r. Bu aray\u0131\u015f, kurumlar\u0131n, de\u011ferlerin ve be\u011fenilerin \u00e7\u00f6z\u00fcld\u00fc\u011f\u00fc, birbirine kar\u0131\u015ft\u0131\u011f\u0131 ve fakat yeni olan\u0131n apa\u00e7\u0131k belirginle\u015fmedi\u011fi<span class=\"excerpt-hellip\"> [\u2026]<\/span><\/p>\n","protected":false},"featured_media":0,"template":"","meta":{"_monsterinsights_skip_tracking":false,"_monsterinsights_sitenote_active":false,"_monsterinsights_sitenote_note":"","_monsterinsights_sitenote_category":0},"product_brand":[],"product_cat":[12291,12509],"product_tag":[],"class_list":{"0":"post-776384","1":"product","2":"type-product","3":"status-publish","5":"product_cat-edebiyat","6":"product_cat-siir","7":"pa_cilt-ciltsiz","8":"pa_tur-kitap","9":"pa_yayinevi-everest-yayinlari","10":"pa_yazar-ferruh-tunc","12":"first","13":"instock","14":"sale","15":"shipping-taxable","16":"purchasable","17":"product-type-simple"},"_links":{"self":[{"href":"https:\/\/roveyayinevi.com.tr\/index.php\/wp-json\/wp\/v2\/product\/776384","targetHints":{"allow":["GET"]}}],"collection":[{"href":"https:\/\/roveyayinevi.com.tr\/index.php\/wp-json\/wp\/v2\/product"}],"about":[{"href":"https:\/\/roveyayinevi.com.tr\/index.php\/wp-json\/wp\/v2\/types\/product"}],"wp:attachment":[{"href":"https:\/\/roveyayinevi.com.tr\/index.php\/wp-json\/wp\/v2\/media?parent=776384"}],"wp:term":[{"taxonomy":"product_brand","embeddable":true,"href":"https:\/\/roveyayinevi.com.tr\/index.php\/wp-json\/wp\/v2\/product_brand?post=776384"},{"taxonomy":"product_cat","embeddable":true,"href":"https:\/\/roveyayinevi.com.tr\/index.php\/wp-json\/wp\/v2\/product_cat?post=776384"},{"taxonomy":"product_tag","embeddable":true,"href":"https:\/\/roveyayinevi.com.tr\/index.php\/wp-json\/wp\/v2\/product_tag?post=776384"}],"curies":[{"name":"wp","href":"https:\/\/api.w.org\/{rel}","templated":true}]}}