{"id":776380,"date":"2025-09-25T03:12:39","date_gmt":"2025-09-25T00:12:39","guid":{"rendered":"https:\/\/roveyayinevi.com.tr\/index.php\/urun\/kayip-kizin-hikayesi\/"},"modified":"2026-04-16T02:08:24","modified_gmt":"2026-04-15T23:08:24","slug":"kayip-kizin-hikayesi","status":"publish","type":"product","link":"https:\/\/roveyayinevi.com.tr\/index.php\/urun\/kayip-kizin-hikayesi\/","title":{"rendered":"Kay\u0131p K\u0131z\u0131n Hikayesi"},"content":{"rendered":"<p>Serinin nefes kesen son kitab\u0131 Ferrante\u2019nin ba\u015fyap\u0131t\u0131 \u2018Napoli Romanlar\u0131\u2019n\u0131n edebi de\u011ferini peki\u015ftiriyor.\u201d Publishers Weekly Kay\u0131p K\u0131z\u0131n Hik\u00e2yesi iki s\u0131ra d\u0131\u015f\u0131 kad\u0131n\u0131, yazar Lenu ile tutkulu Lila\u2019y\u0131 anlatan epik \u201cNapoli Romanlar\u0131\u201dn\u0131n d\u00f6rd\u00fcnc\u00fc ve son kitab\u0131. Bu romanda kocalar\u0131, sevgilileri ve \u00e7ocuklar\u0131yla iki kad\u0131n olgunluk d\u00f6neminde&#8230; \u0130kisi de Napoli\u2019ye geri d\u00f6n\u00fcyor, birbirine kavu\u015fuyor, birbirlerine destek oluyor. Ve pes etmeyip ayakta kalmaya, bildikleri gibi ya\u015famaya devam ediyor, yasaklarla ve konformizmle m\u00fccadeleyi s\u00fcrd\u00fcr\u00fcyorlar.  Kocas\u0131n\u0131 ve Floransa\u2019daki hayat\u0131n\u0131 geride b\u0131rakan Lenu, tam anlam\u0131yla tabulara meydan okuyup sevgilisiyle Napoli\u2019ye ta\u015f\u0131n\u0131r. Ne de olsa zoru ba\u015farm\u0131\u015f, art\u0131k \u00fcnl\u00fc bir yazar olarak toplumda yer kazanm\u0131\u015ft\u0131r. Lila\u2019ysa, zek\u00e2s\u0131 ve giri\u015fimcili\u011fiyle refaha kavu\u015fsa da kendini bir t\u00fcrl\u00fc do\u011fup b\u00fcy\u00fcd\u00fc\u011f\u00fc \u015fehirden kurtaramaz. Ba\u015far\u0131s\u0131 onu ya\u015fad\u0131\u011f\u0131 d\u00fcnyan\u0131n damarlar\u0131na n\u00fcfuz etmi\u015f nepotizmle, \u015fovenizmle, ma\u00e7olukla, \u015fiddetle burun buruna getirir. Her \u015fartta reddetti\u011fi bu d\u00fcnyan\u0131n i\u00e7ine d\u00fc\u015fmesi de ancak ondaki gizli lider ruhunu ortaya \u00e7\u0131karmaya yarar. Zira Lila, duracak, ak\u0131llanacak, boyun e\u011fecek biri de\u011fildir&#8230;  Okurlar\u0131n tekrar tekrar geri d\u00f6nece\u011fi ve her seferinde yeni bir \u015fey ke\u015ffedece\u011fi ola\u011fan\u00fcst\u00fc bir hik\u00e2ye anlatan, yak\u0131nda dizi filme \u00e7ekilecek olan \u201cNapoli Romanlar\u0131\u201d t\u00fcm d\u00fcnyada milyonlarca okuru derinden etkilemeye devam ediyor.  <\/p>\n","protected":false},"excerpt":{"rendered":"<p>Serinin nefes kesen son kitab\u0131 Ferrante\u2019nin ba\u015fyap\u0131t\u0131 \u2018Napoli Romanlar\u0131\u2019n\u0131n edebi de\u011ferini peki\u015ftiriyor.\u201d Publishers Weekly Kay\u0131p K\u0131z\u0131n Hik\u00e2yesi iki s\u0131ra d\u0131\u015f\u0131 kad\u0131n\u0131, yazar Lenu ile tutkulu Lila\u2019y\u0131<span class=\"excerpt-hellip\"> [\u2026]<\/span><\/p>\n","protected":false},"featured_media":0,"template":"","meta":{"_monsterinsights_skip_tracking":false,"_monsterinsights_sitenote_active":false,"_monsterinsights_sitenote_note":"","_monsterinsights_sitenote_category":0},"product_brand":[],"product_cat":[12291,12711],"product_tag":[],"class_list":{"0":"post-776380","1":"product","2":"type-product","3":"status-publish","5":"product_cat-edebiyat","6":"product_cat-roman-oyku","7":"pa_cilt-ciltsiz","8":"pa_tur-kitap","9":"pa_yayinevi-everest-yayinlari","10":"pa_yazar-elena-ferrante","12":"first","13":"instock","14":"sale","15":"shipping-taxable","16":"purchasable","17":"product-type-simple"},"_links":{"self":[{"href":"https:\/\/roveyayinevi.com.tr\/index.php\/wp-json\/wp\/v2\/product\/776380","targetHints":{"allow":["GET"]}}],"collection":[{"href":"https:\/\/roveyayinevi.com.tr\/index.php\/wp-json\/wp\/v2\/product"}],"about":[{"href":"https:\/\/roveyayinevi.com.tr\/index.php\/wp-json\/wp\/v2\/types\/product"}],"wp:attachment":[{"href":"https:\/\/roveyayinevi.com.tr\/index.php\/wp-json\/wp\/v2\/media?parent=776380"}],"wp:term":[{"taxonomy":"product_brand","embeddable":true,"href":"https:\/\/roveyayinevi.com.tr\/index.php\/wp-json\/wp\/v2\/product_brand?post=776380"},{"taxonomy":"product_cat","embeddable":true,"href":"https:\/\/roveyayinevi.com.tr\/index.php\/wp-json\/wp\/v2\/product_cat?post=776380"},{"taxonomy":"product_tag","embeddable":true,"href":"https:\/\/roveyayinevi.com.tr\/index.php\/wp-json\/wp\/v2\/product_tag?post=776380"}],"curies":[{"name":"wp","href":"https:\/\/api.w.org\/{rel}","templated":true}]}}