{"id":776374,"date":"2025-09-24T18:20:59","date_gmt":"2025-09-24T15:20:59","guid":{"rendered":"https:\/\/roveyayinevi.com.tr\/index.php\/urun\/din-ustune\/"},"modified":"2026-04-15T03:42:39","modified_gmt":"2026-04-15T00:42:39","slug":"din-ustune","status":"publish","type":"product","link":"https:\/\/roveyayinevi.com.tr\/index.php\/urun\/din-ustune\/","title":{"rendered":"Din \u00dcstu\u0308ne"},"content":{"rendered":"<p>B\u00fcy\u00fck \u0130sko\u00e7 filozof David Hume\u2019un Din \u00dcst\u00fcne kitab\u0131, dinlerin ve inan\u00e7lar\u0131n nas\u0131l ortaya \u00e7\u0131kt\u0131\u011f\u0131n\u0131 ve tarih boyunca nas\u0131l de\u011fi\u015fti\u011fini anlat\u0131yor. \u0130nsanlar\u0131n bilinmeyen kar\u015f\u0131s\u0131ndaki \u00e7aresizli\u011finin do\u011furdu\u011fu korkunun ve ya\u015fama tutunmas\u0131n\u0131 sa\u011flayan umudun, inan\u00e7lar\u0131n \u015fekillenmesinde nas\u0131l bir rol oynad\u0131\u011f\u0131n\u0131 inceleyen Hume, \u00e7oktanr\u0131c\u0131l\u0131ktan tektanr\u0131c\u0131l\u0131\u011fa uzanan karma\u015f\u0131k ve etkileyici bir yolculu\u011fu bizlere sunuyor. Hume\u2019un sorgulay\u0131c\u0131 ve ironik anlat\u0131m\u0131, okurun dinlerin do\u011fas\u0131n\u0131 ve insan hayat\u0131ndaki yerini yeniden d\u00fc\u015f\u00fcnmesini sa\u011fl\u0131yor. Antropomorfik tanr\u0131 anlay\u0131\u015flar\u0131n\u0131n insan psikolojisi \u00fczerindeki etkilerini irdeleyen yazar, tektanr\u0131c\u0131l\u0131\u011f\u0131n bile asl\u0131nda tamamen \u00e7oktanr\u0131c\u0131l\u0131ktan ba\u011f\u0131ms\u0131z olmad\u0131\u011f\u0131n\u0131 g\u00f6steriyor. Bu eser, din felsefesi tarihinde ele\u015ftirel akl\u0131n \u00f6nc\u00fcs\u00fc olan Hume\u2019un d\u00fc\u015f\u00fcncelerinin en yo\u011funla\u015ft\u0131\u011f\u0131 metinler aras\u0131nda yer almakta; dini inan\u00e7lar\u0131n do\u011fas\u0131 ve insan zihninin s\u0131n\u0131rlar\u0131 \u00fczerine derin bir sorgulama sunmaktad\u0131r. <\/p>\n","protected":false},"excerpt":{"rendered":"<p>B\u00fcy\u00fck \u0130sko\u00e7 filozof David Hume\u2019un Din \u00dcst\u00fcne kitab\u0131, dinlerin ve inan\u00e7lar\u0131n nas\u0131l ortaya \u00e7\u0131kt\u0131\u011f\u0131n\u0131 ve tarih boyunca nas\u0131l de\u011fi\u015fti\u011fini anlat\u0131yor. \u0130nsanlar\u0131n bilinmeyen kar\u015f\u0131s\u0131ndaki \u00e7aresizli\u011finin do\u011furdu\u011fu korkunun<span class=\"excerpt-hellip\"> [\u2026]<\/span><\/p>\n","protected":false},"featured_media":0,"template":"","meta":{"_monsterinsights_skip_tracking":false,"_monsterinsights_sitenote_active":false,"_monsterinsights_sitenote_note":"","_monsterinsights_sitenote_category":0},"product_brand":[],"product_cat":[19998,12388],"product_tag":[],"class_list":{"0":"post-776374","1":"product","2":"type-product","3":"status-publish","5":"product_cat-din-felsefesi","6":"product_cat-felsefe","7":"pa_cilt-ciltsiz","8":"pa_tur-kitap","9":"pa_yayinevi-say-yayinlari","10":"pa_yazar-david-hume","12":"first","13":"instock","14":"sale","15":"shipping-taxable","16":"purchasable","17":"product-type-simple"},"_links":{"self":[{"href":"https:\/\/roveyayinevi.com.tr\/index.php\/wp-json\/wp\/v2\/product\/776374","targetHints":{"allow":["GET"]}}],"collection":[{"href":"https:\/\/roveyayinevi.com.tr\/index.php\/wp-json\/wp\/v2\/product"}],"about":[{"href":"https:\/\/roveyayinevi.com.tr\/index.php\/wp-json\/wp\/v2\/types\/product"}],"wp:attachment":[{"href":"https:\/\/roveyayinevi.com.tr\/index.php\/wp-json\/wp\/v2\/media?parent=776374"}],"wp:term":[{"taxonomy":"product_brand","embeddable":true,"href":"https:\/\/roveyayinevi.com.tr\/index.php\/wp-json\/wp\/v2\/product_brand?post=776374"},{"taxonomy":"product_cat","embeddable":true,"href":"https:\/\/roveyayinevi.com.tr\/index.php\/wp-json\/wp\/v2\/product_cat?post=776374"},{"taxonomy":"product_tag","embeddable":true,"href":"https:\/\/roveyayinevi.com.tr\/index.php\/wp-json\/wp\/v2\/product_tag?post=776374"}],"curies":[{"name":"wp","href":"https:\/\/api.w.org\/{rel}","templated":true}]}}